{"id":882,"date":"2018-04-26T12:18:43","date_gmt":"2018-04-26T10:18:43","guid":{"rendered":"http:\/\/bioclips.info\/?page_id=882"},"modified":"2018-04-30T16:55:50","modified_gmt":"2018-04-30T14:55:50","slug":"reingeklickt","status":"publish","type":"page","link":"https:\/\/bioclips.info\/?page_id=882","title":{"rendered":"Reingeklickt"},"content":{"rendered":"<p>&#8230;eine Linksliste, die sich auf das Wesentliche beschr\u00e4nkt.<\/p>\n<h2>Evolutionsbiologie<\/h2>\n<p>Die <strong>H\u00f6hle von Lascaux<\/strong> ist heute zum Schutz der H\u00f6hlenmalereien nicht mehr \u00f6ffentlich zug\u00e4nglich.\u00a0 Die Seite l\u00e4sst uns die H\u00f6hle digtal besichtigen und uns somit an der Kreativit\u00e4t fr\u00fcher Menschen in Europa teilhaben. <a href=\"http:\/\/archeologie.culture.fr\/lascaux\/fr\" target=\"_blank\" rel=\"noopener\">Zur Seite<\/a><\/p>\n<h2>Nervenphysiologie<\/h2>\n<p>Die Seite <strong>&#8222;dasGehin.info&#8220;<\/strong> ver\u00f6ffentlicht Beitr\u00e4ge rund um das Gehirn. Interessant das 3D-Modell, das viele Informationen \u00fcber unsere Denkzentrale liefert. <a href=\"https:\/\/www.dasgehirn.info\/\" target=\"_blank\" rel=\"noopener\"> Zur Seite<\/a><\/p>\n<p>40.000 <strong>Stereofotografien<\/strong> aus der New York Public Library zum Betrachten &#8211; Zum Teil Stereobrille n\u00f6tig. <a href=\"http:\/\/stereo.nypl.org\/\" target=\"_blank\" rel=\"noopener\">Zur Seite<\/a><\/p>\n<h2>\u00d6kologie<\/h2>\n<p>Eine Anleitung zur<strong> Pflanzenbestimmung<\/strong> mit den <strong>wichtigsten Pflanzenfamilien<\/strong>. <a href=\"http:\/\/biologie.bioclips.de\/content\/lernen\/bestimmung\/pflanbest.html\" target=\"_blank\" rel=\"noopener\">Zur Seite<\/a><\/p>\n<p><strong>Pflanzenbestimmungen<\/strong> ben\u00f6tigen einige Vorbereitungszeit und Erfahrung, um mit dem dichtomen Bestimmungsschl\u00fcssel im Rothmaler umzugehen. Helfen kann die folgende Seite.\u00a0 <a href=\"http:\/\/www.pflanzenbestimmung.de\" target=\"_blank\" rel=\"noopener\">Zur Seite<\/a><\/p>\n<p>Schnell mal das <strong>Pflanzenbestimmungsergebnis<\/strong> \u00fcberpr\u00fcfen&#8230;\u00a0 <a href=\"https:\/\/www.pflanzen-bestimmung.de\/\" target=\"_blank\" rel=\"noopener\">Zur Seite<\/a><\/p>\n<p><strong>Zeigerwerte<\/strong>\u00a0 verweisen auf das Vorherrschen bestimmter Umweltfaktoren. Die auf der Seite ver\u00f6ffentlichen Werte richten sich nach Ellenberg, sind aber f\u00fcr \u00d6sterreich angepasst. Bitte vorher mit Originalliteratur besch\u00e4ftigen <a href=\"http:\/\/statedv.boku.ac.at\/zeigerwerte\/?\" target=\"_blank\" rel=\"noopener\">Zur Seite<\/a><\/p>\n<h2>Sonstiges<\/h2>\n<p><a href=\"http:\/\/biologie.bioclips.de\" target=\"_blank\" rel=\"noopener\">Bioseite &#8211; in Arbeit<\/a><\/p>\n<p>Bioleistungskurs.de ist eine Seite, die von einem Kollegen betrieben wird und sich mit Inhalten zur <strong>Abiturvorbereitung<\/strong> Biologie besch\u00e4ftigt. Empfehlenswert.\u00a0<a href=\"http:\/\/bioleistungskurs.de\" target=\"_blank\" rel=\"noopener\"> Zur Seite<\/a><\/p>\n<h2>Zellbiologie<\/h2>\n<p><strong>Nanoreise.de<\/strong> &#8211; eine interaktive Reise in den Mikro- und Nanokosmos &#8211; super gemachte Seite zur Veranschaulichung\u00a0 <a href=\"http:\/\/www.nanoreisen.de\/\" target=\"_blank\" rel=\"noopener\">Zur Seite<\/a><\/p>\n<p class=\"csc-firstHeader\">Willkommen am <strong>Max-Planck-Institut<\/strong> f\u00fcr molekulare Zellbiologie und Genetik in Dresden. <a href=\"https:\/\/www.mpi-cbg.de\/de\/home\/\" target=\"_blank\" rel=\"noopener\">Zur Seite<\/a><\/p>\n","protected":false},"excerpt":{"rendered":"<p>&#8230;eine Linksliste, die sich auf das Wesentliche beschr\u00e4nkt. Evolutionsbiologie Die H\u00f6hle von Lascaux ist heute zum Schutz der H\u00f6hlenmalereien nicht mehr \u00f6ffentlich zug\u00e4nglich.\u00a0 Die Seite l\u00e4sst uns die H\u00f6hle digtal besichtigen und uns somit an der Kreativit\u00e4t fr\u00fcher Menschen in Europa teilhaben. Zur Seite Nervenphysiologie Die Seite &#8222;dasGehin.info&#8220; ver\u00f6ffentlicht Beitr\u00e4ge rund um das Gehirn. Interessant&#8230;<\/p>\n","protected":false},"author":1,"featured_media":910,"parent":0,"menu_order":0,"comment_status":"closed","ping_status":"closed","template":"","meta":{"footnotes":""},"_links":{"self":[{"href":"https:\/\/bioclips.info\/index.php?rest_route=\/wp\/v2\/pages\/882"}],"collection":[{"href":"https:\/\/bioclips.info\/index.php?rest_route=\/wp\/v2\/pages"}],"about":[{"href":"https:\/\/bioclips.info\/index.php?rest_route=\/wp\/v2\/types\/page"}],"author":[{"embeddable":true,"href":"https:\/\/bioclips.info\/index.php?rest_route=\/wp\/v2\/users\/1"}],"replies":[{"embeddable":true,"href":"https:\/\/bioclips.info\/index.php?rest_route=%2Fwp%2Fv2%2Fcomments&post=882"}],"version-history":[{"count":24,"href":"https:\/\/bioclips.info\/index.php?rest_route=\/wp\/v2\/pages\/882\/revisions"}],"predecessor-version":[{"id":913,"href":"https:\/\/bioclips.info\/index.php?rest_route=\/wp\/v2\/pages\/882\/revisions\/913"}],"wp:featuredmedia":[{"embeddable":true,"href":"https:\/\/bioclips.info\/index.php?rest_route=\/wp\/v2\/media\/910"}],"wp:attachment":[{"href":"https:\/\/bioclips.info\/index.php?rest_route=%2Fwp%2Fv2%2Fmedia&parent=882"}],"curies":[{"name":"wp","href":"https:\/\/api.w.org\/{rel}","templated":true}]}}