{"id":48,"date":"2014-05-16T08:43:27","date_gmt":"2014-05-16T08:43:27","guid":{"rendered":"http:\/\/bioclips.info\/?page_id=48"},"modified":"2021-03-20T12:00:10","modified_gmt":"2021-03-20T11:00:10","slug":"home","status":"publish","type":"page","link":"https:\/\/bioclips.info\/","title":{"rendered":""},"content":{"rendered":"<p>Auf&nbsp;<span style=\"color: #006600;\"><strong>Bioclips<\/strong><\/span> werden biologische Inhalte aus verschiedenen Fachgebieten der Biologie besprochen und mit entsprechenden <span style=\"color: #006600;\"><strong>Animationen<\/strong><\/span> veranschaulicht. Die Seite richtet sich an Interessierte, die Unterrichtsstoff wiederholen oder sich einen groben \u00dcberblick verschaffen m\u00f6chten.<\/p>\n<p>Die Angebote k\u00f6nnen kein Lehrbuch ersetzen. Die Inhalte sind kurz gehalten und auf das Wesentliche beschr\u00e4nkt.<\/p>\n<p>Die <span style=\"color: #006600;\"><strong>Animationen<\/strong><\/span> sollen dazu beitragen, die Inhalte besser zu verstehen. Sie sind sehr einfach, was an meinen mangelnden F\u00e4higkeiten liegt. Dadurch musste ich mich auf den Kern der Sachen beschr\u00e4nken. Es scheint so, dass das kein schlechter Ansatz ist.<\/p>\n<p><strong>Wer was zu meckern hat, bitte gern, aber bitte mit Nachsicht. Wir machen das hier freiwillig!!!<\/strong><\/p>\n\n\n<h2 class=\"wp-block-heading\">Bedeutung der Piktogramme<\/h2>\n\n\n\n<p> <img loading=\"lazy\" decoding=\"async\" width=\"30\" height=\"30\" class=\"wp-image-961\" style=\"width: 30px;\" src=\"http:\/\/bioclips.info\/wp-content\/uploads\/2018\/12\/favicon.jpg\" alt=\"\" srcset=\"https:\/\/bioclips.info\/wp-content\/uploads\/2018\/12\/favicon.jpg 512w, https:\/\/bioclips.info\/wp-content\/uploads\/2018\/12\/favicon-150x150.jpg 150w, https:\/\/bioclips.info\/wp-content\/uploads\/2018\/12\/favicon-300x300.jpg 300w\" sizes=\"(max-width: 30px) 100vw, 30px\" \/> Frage, Problem<\/p>\n\n\n\n<p><img loading=\"lazy\" decoding=\"async\" width=\"30\" height=\"30\" class=\"wp-image-2324\" style=\"width: 30px;\" src=\"http:\/\/bioclips.info\/wp-content\/uploads\/2020\/06\/gehirn.jpg\" alt=\"\" srcset=\"https:\/\/bioclips.info\/wp-content\/uploads\/2020\/06\/gehirn.jpg 512w, https:\/\/bioclips.info\/wp-content\/uploads\/2020\/06\/gehirn-300x300.jpg 300w, https:\/\/bioclips.info\/wp-content\/uploads\/2020\/06\/gehirn-150x150.jpg 150w\" sizes=\"(max-width: 30px) 100vw, 30px\" \/> Vorkenntnisse<\/p>\n\n\n\n<p><img loading=\"lazy\" decoding=\"async\" width=\"30\" height=\"30\" class=\"wp-image-1409\" style=\"width: 30px;\" src=\"http:\/\/bioclips.info\/wp-content\/uploads\/2020\/04\/birne.jpg\" alt=\"\" srcset=\"https:\/\/bioclips.info\/wp-content\/uploads\/2020\/04\/birne.jpg 512w, https:\/\/bioclips.info\/wp-content\/uploads\/2020\/04\/birne-300x300.jpg 300w, https:\/\/bioclips.info\/wp-content\/uploads\/2020\/04\/birne-150x150.jpg 150w\" sizes=\"(max-width: 30px) 100vw, 30px\" \/> Vertiefende, zus\u00e4tzliche Sachverhalte<\/p>\n\n\n\n<p><img loading=\"lazy\" decoding=\"async\" width=\"30\" height=\"30\" class=\"wp-image-1327\" style=\"width: 30px;\" src=\"http:\/\/bioclips.info\/wp-content\/uploads\/2020\/04\/Pfeil.jpg\" alt=\"\" srcset=\"https:\/\/bioclips.info\/wp-content\/uploads\/2020\/04\/Pfeil.jpg 512w, https:\/\/bioclips.info\/wp-content\/uploads\/2020\/04\/Pfeil-300x300.jpg 300w, https:\/\/bioclips.info\/wp-content\/uploads\/2020\/04\/Pfeil-150x150.jpg 150w\" sizes=\"(max-width: 30px) 100vw, 30px\" \/> Verweis auf Zusammenh\u00e4nge <\/p>\n\n\n\n<p><img loading=\"lazy\" decoding=\"async\" width=\"30\" height=\"30\" class=\"wp-image-1338\" style=\"width: 30px;\" src=\"http:\/\/bioclips.info\/wp-content\/uploads\/2020\/04\/Punkt.jpg\" alt=\"\" srcset=\"https:\/\/bioclips.info\/wp-content\/uploads\/2020\/04\/Punkt.jpg 512w, https:\/\/bioclips.info\/wp-content\/uploads\/2020\/04\/Punkt-300x300.jpg 300w, https:\/\/bioclips.info\/wp-content\/uploads\/2020\/04\/Punkt-150x150.jpg 150w\" sizes=\"(max-width: 30px) 100vw, 30px\" \/> Punktlandung: Zusammenfassung, Lernschwerpunkte; Merke!<\/p>\n\n\n\n<p><img loading=\"lazy\" decoding=\"async\" width=\"30\" height=\"30\" class=\"wp-image-1421\" style=\"width: 30px;\" src=\"http:\/\/bioclips.info\/wp-content\/uploads\/2020\/04\/fuesse2.jpg\" alt=\"\" srcset=\"https:\/\/bioclips.info\/wp-content\/uploads\/2020\/04\/fuesse2.jpg 512w, https:\/\/bioclips.info\/wp-content\/uploads\/2020\/04\/fuesse2-300x300.jpg 300w, https:\/\/bioclips.info\/wp-content\/uploads\/2020\/04\/fuesse2-150x150.jpg 150w\" sizes=\"(max-width: 30px) 100vw, 30px\" \/> Lernpfad: Anregung f\u00fcr das weitere Vorgehen <\/p>\n","protected":false},"excerpt":{"rendered":"<p>Auf&nbsp;Bioclips werden biologische Inhalte aus verschiedenen Fachgebieten der Biologie besprochen und mit entsprechenden Animationen veranschaulicht. Die Seite richtet sich an Interessierte, die Unterrichtsstoff wiederholen oder sich einen groben \u00dcberblick verschaffen m\u00f6chten. Die Angebote k\u00f6nnen kein Lehrbuch ersetzen. Die Inhalte sind kurz gehalten und auf das Wesentliche beschr\u00e4nkt. Die Animationen sollen dazu beitragen, die Inhalte besser&#8230;<\/p>\n","protected":false},"author":1,"featured_media":1543,"parent":0,"menu_order":0,"comment_status":"closed","ping_status":"closed","template":"","meta":{"footnotes":""},"_links":{"self":[{"href":"https:\/\/bioclips.info\/index.php?rest_route=\/wp\/v2\/pages\/48"}],"collection":[{"href":"https:\/\/bioclips.info\/index.php?rest_route=\/wp\/v2\/pages"}],"about":[{"href":"https:\/\/bioclips.info\/index.php?rest_route=\/wp\/v2\/types\/page"}],"author":[{"embeddable":true,"href":"https:\/\/bioclips.info\/index.php?rest_route=\/wp\/v2\/users\/1"}],"replies":[{"embeddable":true,"href":"https:\/\/bioclips.info\/index.php?rest_route=%2Fwp%2Fv2%2Fcomments&post=48"}],"version-history":[{"count":34,"href":"https:\/\/bioclips.info\/index.php?rest_route=\/wp\/v2\/pages\/48\/revisions"}],"predecessor-version":[{"id":2571,"href":"https:\/\/bioclips.info\/index.php?rest_route=\/wp\/v2\/pages\/48\/revisions\/2571"}],"wp:featuredmedia":[{"embeddable":true,"href":"https:\/\/bioclips.info\/index.php?rest_route=\/wp\/v2\/media\/1543"}],"wp:attachment":[{"href":"https:\/\/bioclips.info\/index.php?rest_route=%2Fwp%2Fv2%2Fmedia&parent=48"}],"curies":[{"name":"wp","href":"https:\/\/api.w.org\/{rel}","templated":true}]}}