{"id":2329,"date":"2020-06-12T10:45:33","date_gmt":"2020-06-12T08:45:33","guid":{"rendered":"http:\/\/bioclips.info\/?page_id=2329"},"modified":"2020-06-12T10:47:05","modified_gmt":"2020-06-12T08:47:05","slug":"genmutation","status":"publish","type":"page","link":"https:\/\/bioclips.info\/?page_id=2329","title":{"rendered":"Genmutation"},"content":{"rendered":"\n<h2 class=\"wp-block-heading\">Worum gehts?<\/h2>\n\n\n\n<p>Was sind Genmutationen?<\/p>\n\n\n\n<p>Wie entstehen sie und welche molekulargenetischen Auswirkungen haben diese Mutationen?<\/p>\n\n\n\n<h2 class=\"wp-block-heading\">Was ist eine Genmutation?<\/h2>\n\n\n\n<ul><li>Genmutationen sind Ver\u00e4nderungen innerhalb eines Gens.<\/li><li>In der Regel wird eine Nucleotidbasen der DNA ver\u00e4ndert: Punktmutation<\/li><li>M\u00f6gliche Ursachen:<ul><li>Fehler bei der Verdopplung der DNA &#8211; Replikation<\/li><\/ul><\/li><\/ul>\n\n\n\n<h2 class=\"wp-block-heading\">Modell zur Genmutation<\/h2>\n\n\n\n<h3 class=\"wp-block-heading\">Basenaustausch<\/h3>\n\n\n\n<p>Durch den Basenaustausch kann punktuell eine Aminos\u00e4ure ver\u00e4ndert werden.<\/p>\n\n\n\n<h3 class=\"wp-block-heading\">Rasterverschiebung<\/h3>\n\n\n\n<p>Durch Baseneinschub bzw. -verlust kommt es zu einer Verschiebung im Ableseraster.<\/p>\n\n\n\n<p>Ab dem Mutationspunkt ver\u00e4ndern sich die nachfolgenden Tripletts (Codone).<\/p>\n\n\n\n<h2 class=\"wp-block-heading\">Basenaustausch und m\u00f6gliche Folgen<\/h2>\n\n\n\n<h3 class=\"wp-block-heading\">Stille Mutation<\/h3>\n\n\n\n<p>Der Basenaustausch hat keine Folgen, da die gleiche Aminos\u00e4ure codiert wird.<\/p>\n\n\n\n<h3 class=\"wp-block-heading\">Sinnmutaiton<\/h3>\n\n\n\n<p>Es wird eine andere Aminos\u00e4ure codiert. Der Austausch bleibt aber ohne Folgen, weil die neue Aminos\u00e4ure die Proteinstruktur ohne Auswirkungen beeinflusst.<\/p>\n\n\n\n<h3 class=\"wp-block-heading\">Fehlsinnmutation<\/h3>\n\n\n\n<p>Durch die neue Aminos\u00e4ure wird der Proteinaufbau so beeinflusst, dass es zu Fehlfunktion kommt.<\/p>\n\n\n\n<h3 class=\"wp-block-heading\">Nichtsinnmutation<\/h3>\n\n\n\n<p>Durch diese Mutation ensteht ein Stoppcodon. Es kommt zum Syntheseabbruch.<\/p>\n\n\n\n<h2 class=\"wp-block-heading\">Sichelzellan\u00e4mie &#8211; eine Punktmutation<\/h2>\n\n\n\n<p>Vom roten Blutfarbstoff, dem H\u00e4moglobin (HB), gibt es verschiedene Varianten.<\/p>\n\n\n\n<p>HbA ist das normale H\u00e4moglobin des Menschen.<\/p>\n\n\n\n<p>Durch eine Punktmutation ensteht eine Variante, die zur Ausbildung von sichelf\u00f6rmigen roten Blutk\u00f6rperchen f\u00fchrt. HbS steht f\u00fcr Sichelzelle.<\/p>\n\n\n\n<p>Die Sichelzelle verringert die Sauerstoffaufnahmef\u00e4higkeit. Die betroffen Personen sind weniger leistungsf\u00e4hig.<\/p>\n\n\n\n<p>Ein weiteres Beispiel f\u00fcr eine Genmutation ist die\u00a0Erbkrankheit Chorea Huntington, die im Gegensatz zur Sichelzellan\u00e4mie dominant vererbt wird.<\/p>\n","protected":false},"excerpt":{"rendered":"<p>Worum gehts? Was sind Genmutationen? Wie entstehen sie und welche molekulargenetischen Auswirkungen haben diese Mutationen? Was ist eine Genmutation? Genmutationen sind Ver\u00e4nderungen innerhalb eines Gens. In der Regel wird eine Nucleotidbasen der DNA ver\u00e4ndert: Punktmutation M\u00f6gliche Ursachen: Fehler bei der Verdopplung der DNA &#8211; Replikation Modell zur Genmutation Basenaustausch Durch den Basenaustausch kann punktuell eine&#8230;<\/p>\n","protected":false},"author":1,"featured_media":0,"parent":1090,"menu_order":20,"comment_status":"closed","ping_status":"closed","template":"","meta":{"footnotes":""},"_links":{"self":[{"href":"https:\/\/bioclips.info\/index.php?rest_route=\/wp\/v2\/pages\/2329"}],"collection":[{"href":"https:\/\/bioclips.info\/index.php?rest_route=\/wp\/v2\/pages"}],"about":[{"href":"https:\/\/bioclips.info\/index.php?rest_route=\/wp\/v2\/types\/page"}],"author":[{"embeddable":true,"href":"https:\/\/bioclips.info\/index.php?rest_route=\/wp\/v2\/users\/1"}],"replies":[{"embeddable":true,"href":"https:\/\/bioclips.info\/index.php?rest_route=%2Fwp%2Fv2%2Fcomments&post=2329"}],"version-history":[{"count":3,"href":"https:\/\/bioclips.info\/index.php?rest_route=\/wp\/v2\/pages\/2329\/revisions"}],"predecessor-version":[{"id":2333,"href":"https:\/\/bioclips.info\/index.php?rest_route=\/wp\/v2\/pages\/2329\/revisions\/2333"}],"up":[{"embeddable":true,"href":"https:\/\/bioclips.info\/index.php?rest_route=\/wp\/v2\/pages\/1090"}],"wp:attachment":[{"href":"https:\/\/bioclips.info\/index.php?rest_route=%2Fwp%2Fv2%2Fmedia&parent=2329"}],"curies":[{"name":"wp","href":"https:\/\/api.w.org\/{rel}","templated":true}]}}