{"id":2306,"date":"2020-06-11T14:02:27","date_gmt":"2020-06-11T12:02:27","guid":{"rendered":"http:\/\/bioclips.info\/?page_id=2306"},"modified":"2020-08-16T08:59:30","modified_gmt":"2020-08-16T06:59:30","slug":"die-negative-kontrolle-des-operons","status":"publish","type":"page","link":"https:\/\/bioclips.info\/?page_id=2306","title":{"rendered":"Die negative Kontrolle des Operons"},"content":{"rendered":"\n<h2 class=\"wp-block-heading\"><img loading=\"lazy\" decoding=\"async\" width=\"25\" height=\"25\" class=\"wp-image-961\" style=\"width: 25px;\" src=\"http:\/\/bioclips.info\/wp-content\/uploads\/2018\/12\/favicon.jpg\" alt=\"\" srcset=\"https:\/\/bioclips.info\/wp-content\/uploads\/2018\/12\/favicon.jpg 512w, https:\/\/bioclips.info\/wp-content\/uploads\/2018\/12\/favicon-150x150.jpg 150w, https:\/\/bioclips.info\/wp-content\/uploads\/2018\/12\/favicon-300x300.jpg 300w\" sizes=\"(max-width: 25px) 100vw, 25px\" \/> Worum geht\u00b4s?<\/h2>\n\n\n\n<p>Erl\u00e4utert werden die Standardbeispiele f\u00fcr die negative Kontrolle des Operons. In beiden F\u00e4llen unterdr\u00fcckt das Regulatorprotein die Proteinsynthese. Der Unterschied besteht in der Wirkung des Effektors. Welchen Einfluss der Effektor auf die Proteinsynthese hat, wird hier gezeigt.<\/p>\n\n\n\n<h2 class=\"wp-block-heading\">Das Lactose \u2013 Operon (lac &#8211; Operon) als Beispiel f\u00fcr Enzyminduktion \u2013 (Subtratinduktion)<\/h2>\n\n\n\n<figure class=\"wp-block-embed-youtube aligncenter wp-block-embed is-type-video is-provider-youtube wp-embed-aspect-16-9 wp-has-aspect-ratio\"><div class=\"wp-block-embed__wrapper\">\n<iframe loading=\"lazy\" title=\"Operon-Modell - Induktion\" width=\"644\" height=\"362\" src=\"https:\/\/www.youtube.com\/embed\/p38ijiPe2B0?feature=oembed\" frameborder=\"0\" allow=\"accelerometer; autoplay; clipboard-write; encrypted-media; gyroscope; picture-in-picture; web-share\" referrerpolicy=\"strict-origin-when-cross-origin\" allowfullscreen><\/iframe>\n<\/div><figcaption><strong>R<\/strong>=Regulator-Gen,<strong> P<\/strong>=Promotor, <strong>O<\/strong>=Operatorgen, <strong>SG<\/strong>=Strukturgene, <strong>Re<\/strong>=Repressor<\/figcaption><\/figure>\n\n\n\n<p>Normalerweise ern\u00e4hrt sich E. coli von Glucose. Die f\u00fcr den Glucoseabbau notwendigen Enzyme sind in der Zelle st\u00e4ndig vorhanden. Geht die Glucose aus, kann E. coli sich auch von Lactose ern\u00e4hren, wenn vorhanden. Die daf\u00fcr notwendigen Enzyme m\u00fcssen dann neu synthetisiert werden.<\/p>\n\n\n\n<p>Die Bereitstellung der Enzyme reguliert das Lactose \u2013 Operon. Insgesamt 3 Gene werden durch das Lactose \u2013 Operon kontrolliert, darunter auch das Gen f\u00fcr das Enzym Beta-Galactosidase<\/p>\n\n\n\n<p>Galactosidase spaltet Lactose in Glucose und Galactose. Solange der Zelle keine Lactose angeboten wird, verhindert der Repressor die Transkription des Operons. Gelangt nun Lactose in die Zelle, dann lagert sie sich als Effektor an den Repressor an, der dadurch den Operator freigibt. Die Translation kann beginnen.&nbsp;<\/p>\n\n\n\n<h3 class=\"wp-block-heading\"><img loading=\"lazy\" decoding=\"async\" width=\"25\" height=\"25\" class=\"wp-image-1338\" style=\"width: 25px;\" src=\"http:\/\/bioclips.info\/wp-content\/uploads\/2020\/04\/Punkt.jpg\" alt=\"\" srcset=\"https:\/\/bioclips.info\/wp-content\/uploads\/2020\/04\/Punkt.jpg 512w, https:\/\/bioclips.info\/wp-content\/uploads\/2020\/04\/Punkt-300x300.jpg 300w, https:\/\/bioclips.info\/wp-content\/uploads\/2020\/04\/Punkt-150x150.jpg 150w\" sizes=\"(max-width: 25px) 100vw, 25px\" \/> Punktlandung<\/h3>\n\n\n\n<ul><li>Das Regulatorprotein unterdr\u00fcckt die Proteinsynthese (negative Kontrolle). <\/li><li>Das \u201eausgeschaltete\u201c Operon wird \u201eeingeschaltet\u201c.<\/li><li>Kommt haubs\u00e4chlich im katabolen Stoffwechsel vor.<\/li><li>Das lac &#8211; Operon wird nicht nur negativ, sondern auch positiv kontrolliert.<\/li><\/ul>\n\n\n\n<h2 class=\"wp-block-heading\">Das Tryptophan \u2013 Operon als Beispiel f\u00fcr Enzymrepression (Endproduktrepression)<\/h2>\n\n\n\n<figure class=\"wp-block-embed-youtube aligncenter wp-block-embed is-type-video is-provider-youtube wp-embed-aspect-16-9 wp-has-aspect-ratio\"><div class=\"wp-block-embed__wrapper\">\n<iframe loading=\"lazy\" title=\"Operon-Modell - Repression\" width=\"644\" height=\"362\" src=\"https:\/\/www.youtube.com\/embed\/jMM-2hck0Mg?feature=oembed\" frameborder=\"0\" allow=\"accelerometer; autoplay; clipboard-write; encrypted-media; gyroscope; picture-in-picture; web-share\" referrerpolicy=\"strict-origin-when-cross-origin\" allowfullscreen><\/iframe>\n<\/div><figcaption><strong>R<\/strong>=Regulator-Gen,<strong> P<\/strong>=Promotor, <strong>O<\/strong>=Operatorgen, <strong>SG<\/strong>=Strukturgene, <strong>Re<\/strong>=Repressor<\/figcaption><\/figure>\n\n\n\n<p>Die Enzymrepression der Tryptophansynthese bei E. coli ist gut bekannt. Die&nbsp; daf\u00fcr notwendigen Enzyme werden von den gemeinsam kontrollieren f\u00fcnf Strukturgenen abgelesen.<\/p>\n\n\n\n<p>Ist die Konzentration an Tryptophan in der Zelle gering, werden fortlaufend Enzyme synthetisiert, die dann schrittweise aus einem Substrat \u00fcber f\u00fcnf Zwischenschritte Tryptophan synthetisieren. Steigt die Konzentration jedoch \u00fcber ein bestimmtes Niveau, dann verbindet sich Tryptophan als Effektor mit dem Repressor, der zuvor vom Regulatorgen abgelesen wurde, aber inaktiv ist.<\/p>\n\n\n\n<p>Durch die Repressor-Effektor-Wechselwirkung kann sich der nun \u201eaktive\u201c Repressor am Operator anlagern. Die Genexpression ist blockiert, die Synthese kommt zum Erliegen. Die notwendigen Enzyme werden nicht mehr bereitgestellt.<\/p>\n\n\n\n<h3 class=\"wp-block-heading\"><img loading=\"lazy\" decoding=\"async\" width=\"25\" height=\"25\" class=\"wp-image-1338\" style=\"width: 25px;\" src=\"http:\/\/bioclips.info\/wp-content\/uploads\/2020\/04\/Punkt.jpg\" alt=\"\" srcset=\"https:\/\/bioclips.info\/wp-content\/uploads\/2020\/04\/Punkt.jpg 512w, https:\/\/bioclips.info\/wp-content\/uploads\/2020\/04\/Punkt-300x300.jpg 300w, https:\/\/bioclips.info\/wp-content\/uploads\/2020\/04\/Punkt-150x150.jpg 150w\" sizes=\"(max-width: 25px) 100vw, 25px\" \/> Punktlandung<\/h3>\n\n\n\n<ul><li>Das Regulatorprotein unterdr\u00fcckt die Proteinsynthese (negative Kontrolle).<\/li><li>Das \u201eeingeschaltete\u201c Operon wird \u201eausgeschaltet\u201c.<\/li><li>Kommt im anabolen Stoffwechsel (Synthese) vor.<\/li><\/ul>\n","protected":false},"excerpt":{"rendered":"<p>Worum geht\u00b4s? Erl\u00e4utert werden die Standardbeispiele f\u00fcr die negative Kontrolle des Operons. In beiden F\u00e4llen unterdr\u00fcckt das Regulatorprotein die Proteinsynthese. Der Unterschied besteht in der Wirkung des Effektors. Welchen Einfluss der Effektor auf die Proteinsynthese hat, wird hier gezeigt. Das Lactose \u2013 Operon (lac &#8211; Operon) als Beispiel f\u00fcr Enzyminduktion \u2013 (Subtratinduktion) Normalerweise ern\u00e4hrt sich&#8230;<\/p>\n","protected":false},"author":1,"featured_media":0,"parent":1090,"menu_order":16,"comment_status":"closed","ping_status":"closed","template":"","meta":{"footnotes":""},"_links":{"self":[{"href":"https:\/\/bioclips.info\/index.php?rest_route=\/wp\/v2\/pages\/2306"}],"collection":[{"href":"https:\/\/bioclips.info\/index.php?rest_route=\/wp\/v2\/pages"}],"about":[{"href":"https:\/\/bioclips.info\/index.php?rest_route=\/wp\/v2\/types\/page"}],"author":[{"embeddable":true,"href":"https:\/\/bioclips.info\/index.php?rest_route=\/wp\/v2\/users\/1"}],"replies":[{"embeddable":true,"href":"https:\/\/bioclips.info\/index.php?rest_route=%2Fwp%2Fv2%2Fcomments&post=2306"}],"version-history":[{"count":8,"href":"https:\/\/bioclips.info\/index.php?rest_route=\/wp\/v2\/pages\/2306\/revisions"}],"predecessor-version":[{"id":2543,"href":"https:\/\/bioclips.info\/index.php?rest_route=\/wp\/v2\/pages\/2306\/revisions\/2543"}],"up":[{"embeddable":true,"href":"https:\/\/bioclips.info\/index.php?rest_route=\/wp\/v2\/pages\/1090"}],"wp:attachment":[{"href":"https:\/\/bioclips.info\/index.php?rest_route=%2Fwp%2Fv2%2Fmedia&parent=2306"}],"curies":[{"name":"wp","href":"https:\/\/api.w.org\/{rel}","templated":true}]}}