{"id":2263,"date":"2020-06-10T14:42:15","date_gmt":"2020-06-10T12:42:15","guid":{"rendered":"http:\/\/bioclips.info\/?page_id=2263"},"modified":"2020-06-10T14:43:45","modified_gmt":"2020-06-10T12:43:45","slug":"das-bakterien-gen","status":"publish","type":"page","link":"https:\/\/bioclips.info\/?page_id=2263","title":{"rendered":"Das Bakterien-Gen"},"content":{"rendered":"\n<p>Gene sind DNA-Abschnitte, die in RNA transkribiert werden: Genexpression durch Transkription. In den meisten F\u00e4llen enthalten RNA-Transkripte in ihren Nucleotidbasensequenzen die Information f\u00fcr die unterschiedlichsten Proteine. Wenn das so ist, handelt es sich bei den abgelesenen Genen um Strukturgene. Damit die Transkription und Translation fehlerfrei ablaufen, gibt es neben der Information f\u00fcr den Proteinaufbau auch DNA-Sequenzen, die signalgebend auf die Proteinsynthese einwirken.<\/p>\n\n\n\n<h2 class=\"wp-block-heading\">Worum gehts?<\/h2>\n\n\n\n<p>Wie ist ein Bakteriengen aufgebaut?<br>Welche Funktion haben die Genabschnitte?<br>Was ist ein offenes Leseraster (ORF)?<br>Wie findet ein Ribosom das richtige offene Leseraster?&nbsp; Die<\/p>\n\n\n\n<h2 class=\"wp-block-heading\">Genstruktur<\/h2>\n\n\n\n<p>Das Bakterien-Gen kann man grunds\u00e4tzlich in drei Abschnitte gliedern:<\/p>\n\n\n\n<ol><li>Der Promotor ist die DNA-Region, die die Transkription kontrolliert.<\/li><li>DNA-Abschnitt, der ab dem Transkriptionsstart in RNA \u00fcbersetzt (transkribiert) wird.<\/li><li>Terminationsbereich, ist der DNA-Abschnitt, welcher das Ende der Transkription bewirkt.<\/li><\/ol>\n\n\n\n<div class=\"wp-block-image\"><figure class=\"aligncenter size-large\"><img loading=\"lazy\" decoding=\"async\" width=\"550\" height=\"300\" src=\"https:\/\/bioclips.info\/wp-content\/uploads\/2020\/06\/bak-gen.jpg\" alt=\"\" class=\"wp-image-2264\" srcset=\"https:\/\/bioclips.info\/wp-content\/uploads\/2020\/06\/bak-gen.jpg 550w, https:\/\/bioclips.info\/wp-content\/uploads\/2020\/06\/bak-gen-300x164.jpg 300w\" sizes=\"(max-width: 550px) 100vw, 550px\" \/><\/figure><\/div>\n\n\n\n<h3 class=\"wp-block-heading\">Der Promotor<\/h3>\n\n\n\n<ul><li>liegt stromaufw\u00e4rts vom Transkriptionsstart vom codierenden Abschnitt<\/li><li>besitzt zwei Haupterkennungsstellen, die -10 und -35 Region, die Angaben beziehen sich auf die Position stromaufw\u00e4rts zum Transkriptionsstart (Nucleotide, die sich stromaufw\u00e4rts vom Transkriptionsstart befinden, haben ein negatives Vorzeichen)<\/li><li>die Haupterkennungsstellen werden von der RNA-Polymerase erkannt<\/li><li>die Nucleotidbasensequenz der Haupterkennungsstellen k\u00f6nnen variieren<\/li><li>Die Consensussequenz f\u00fcr die meisten Gene hat die Sequenzen TATAA (-10) sowie TTGACAT (-35). Die Consensussequenz erh\u00e4lt man durch den Vergleich vieler Promotoren, die in den entsprechenden Sequenzen weitestgehend \u00fcbereinstimmen.<\/li><li>eine hohe \u00dcbereinstimmung mit der Consensussequenz bewirkt ein permanentes Ablesen des Gens. Promotoren mit Abweichungen von der Consensussequenz ben\u00f6tigen Aktivatorproteine, um die Transkription in Gang zu setzen.<\/li><\/ul>\n\n\n\n<h3 class=\"wp-block-heading\">DNA-Abschnitt, der in RNA transkribiert wird<\/h3>\n\n\n\n<ul><li>Dieser DNA-Abschnitt beginnt mit dem Transkriptionsstart. Dabei handelt es sich um die erste Nucleotidbase (+1), die in RNA transkribiert wird. Ab diesem Punkt geht es \u201estromabw\u00e4rts\u201c, die durchnummerierten Nucleotidbasen erhalten ein positives Vorzeichen.<\/li><li>In diesem Abschnitt befindet sich die Nucleotidbasensequenz, die f\u00fcr ein Protein codiert. Dieser Bereich ist das sogenannte offene Leseraster (engl. open reading frame, ORF).<\/li><li>Das ORF wird durch Bereiche flankiert, die nicht translatiert werden. Vor dem ORF befindet sich die 5\u2018 untranslatierte Region (engl. untranslated region, 5\u00b4 UTR). Nach dem ORF lagert sich die 3\u2018 untranslatierte Region (3\u2018 UTR) an.<\/li><li>Die 5\u2018 UTR enth\u00e4lt die Ribosomenbindungsstelle (Shine-Dalgarno-Sequenz), die f\u00fcr eine pr\u00e4zise Verbindung zwischen mRNA und Ribosom sorgt. Damit findet das Ribosom sehr genau das offene Leseraster, das Startcodon wird exakt in der P-Stelle ausgerichtet.<\/li><\/ul>\n\n\n\n<div class=\"wp-block-image\"><figure class=\"aligncenter size-large\"><img loading=\"lazy\" decoding=\"async\" width=\"550\" height=\"300\" src=\"https:\/\/bioclips.info\/wp-content\/uploads\/2020\/06\/dalgarno.jpg\" alt=\"\" class=\"wp-image-2265\" srcset=\"https:\/\/bioclips.info\/wp-content\/uploads\/2020\/06\/dalgarno.jpg 550w, https:\/\/bioclips.info\/wp-content\/uploads\/2020\/06\/dalgarno-300x164.jpg 300w\" sizes=\"(max-width: 550px) 100vw, 550px\" \/><\/figure><\/div>\n\n\n\n<h3 class=\"wp-block-heading\">Terminationsbereich<\/h3>\n\n\n\n<ul><li>DNA-Sequenzen, die die Transkription anhalten.<\/li><\/ul>\n\n\n\n<h3 class=\"wp-block-heading\">Sense- und Antisense-Strang<\/h3>\n\n\n\n<p>Im DNA-Doppelstrang unterscheidet man noch in &nbsp;Sense-Strang und Anti-Sense-Strang.<\/p>\n\n\n\n<p>Der Sense-Strang enth\u00e4lt die Sequenz f\u00fcr das Strukturgen und die entsprechenden Translationssignale, das hei\u00dft, die Nucleotidbasensequenz des Sense-Stranges entspricht der Nucleotidbasensequenz der mRNA bis auf den Unterschied, dass die RNA statt Thymin Uracil enth\u00e4lt.&nbsp;&nbsp;<\/p>\n\n\n\n<p>Der Anti-Sense-Strang ist der Matrizenstrang, die \u201eDruckvorlage\u201c, die w\u00e4hrend der Transkription abgelesen wird. Das Ableseergebnis entspricht der Sense-Strang-Sequenz (Uracil ersetzt Thymin; \u201eSpielerwechsel auf der gleichen Position\u201c).<\/p>\n","protected":false},"excerpt":{"rendered":"<p>Gene sind DNA-Abschnitte, die in RNA transkribiert werden: Genexpression durch Transkription. In den meisten F\u00e4llen enthalten RNA-Transkripte in ihren Nucleotidbasensequenzen die Information f\u00fcr die unterschiedlichsten Proteine. Wenn das so ist, handelt es sich bei den abgelesenen Genen um Strukturgene. Damit die Transkription und Translation fehlerfrei ablaufen, gibt es neben der Information f\u00fcr den Proteinaufbau auch&#8230;<\/p>\n","protected":false},"author":1,"featured_media":0,"parent":1090,"menu_order":11,"comment_status":"closed","ping_status":"closed","template":"","meta":{"footnotes":""},"_links":{"self":[{"href":"https:\/\/bioclips.info\/index.php?rest_route=\/wp\/v2\/pages\/2263"}],"collection":[{"href":"https:\/\/bioclips.info\/index.php?rest_route=\/wp\/v2\/pages"}],"about":[{"href":"https:\/\/bioclips.info\/index.php?rest_route=\/wp\/v2\/types\/page"}],"author":[{"embeddable":true,"href":"https:\/\/bioclips.info\/index.php?rest_route=\/wp\/v2\/users\/1"}],"replies":[{"embeddable":true,"href":"https:\/\/bioclips.info\/index.php?rest_route=%2Fwp%2Fv2%2Fcomments&post=2263"}],"version-history":[{"count":3,"href":"https:\/\/bioclips.info\/index.php?rest_route=\/wp\/v2\/pages\/2263\/revisions"}],"predecessor-version":[{"id":2269,"href":"https:\/\/bioclips.info\/index.php?rest_route=\/wp\/v2\/pages\/2263\/revisions\/2269"}],"up":[{"embeddable":true,"href":"https:\/\/bioclips.info\/index.php?rest_route=\/wp\/v2\/pages\/1090"}],"wp:attachment":[{"href":"https:\/\/bioclips.info\/index.php?rest_route=%2Fwp%2Fv2%2Fmedia&parent=2263"}],"curies":[{"name":"wp","href":"https:\/\/api.w.org\/{rel}","templated":true}]}}