{"id":2219,"date":"2020-06-08T18:35:12","date_gmt":"2020-06-08T16:35:12","guid":{"rendered":"http:\/\/bioclips.info\/?page_id=2219"},"modified":"2020-08-04T09:16:25","modified_gmt":"2020-08-04T07:16:25","slug":"meiose-bildung-von-geschlechtszellen","status":"publish","type":"page","link":"https:\/\/bioclips.info\/?page_id=2219","title":{"rendered":"Meiose &#8211; Bildung von Geschlechtszellen"},"content":{"rendered":"\n<h2 class=\"wp-block-heading\">Worum gehts?<\/h2>\n\n\n\n<p>Die Seite schildert kurz die Phasen der meiotischen Kernteilung, die zur Ausbildung von Geschlechtszellen f\u00fchrt und geht auf deren Bedeutung ein.<\/p>\n\n\n\n<h2 class=\"wp-block-heading\">Phasenverlauf Meiose<\/h2>\n\n\n\n<figure class=\"wp-block-embed-youtube wp-block-embed is-type-video is-provider-youtube wp-embed-aspect-16-9 wp-has-aspect-ratio\"><div class=\"wp-block-embed__wrapper\">\n<iframe loading=\"lazy\" title=\"Meiose\" width=\"644\" height=\"362\" src=\"https:\/\/www.youtube.com\/embed\/7PibsuwVRpw?feature=oembed\" frameborder=\"0\" allow=\"accelerometer; autoplay; clipboard-write; encrypted-media; gyroscope; picture-in-picture; web-share\" referrerpolicy=\"strict-origin-when-cross-origin\" allowfullscreen><\/iframe>\n<\/div><\/figure>\n\n\n\n<h3 class=\"wp-block-heading\">1. Reifeteilung (Reduktionsteilung)<\/h3>\n\n\n\n<ul><li>Prophase 1<\/li><li>Metaphase 1<\/li><li>Anaphase 1<\/li><li>Telophase 1<\/li><\/ul>\n\n\n\n<h3 class=\"wp-block-heading\">2. Reifeteilung (mitotische Teilung)<\/h3>\n\n\n\n<ul><li>Prophase 2<\/li><li>Metaphase 2<\/li><li>Anaphase 2<\/li><li>Telophase 2<\/li><\/ul>\n\n\n\n<h3 class=\"wp-block-heading\">Prophase 1<\/h3>\n\n\n\n<ul><li>Paarung der homologen Chromosomen in f\u00e4diger Form (Bivalente), es kommt zu Crossing &#8211; over &#8211; Ereignissen: Chromatidenst\u00fcckaustausch zwischen Nichtschwester-Chromatiden<\/li><li>die Homologenpaarung wird aufgel\u00f6st: zu beobachten sind sogenannte Chiasmen (\u00dcberkreuzung der Chromatiden nach Crossing over)<\/li><li>die Chromosomen verdichten sich weiter, der Spindelapparat wird sichtbar, die Kernmembran l\u00f6st sich vollst\u00e4ndig auf<\/li><li>maximale Verk\u00fcrzung der Chromosomen<\/li><\/ul>\n\n\n\n<h3 class=\"wp-block-heading\">Metaphase 1<\/h3>\n\n\n\n<ul><li>die homologen Chromosomen ordnen sich in der \u00c4quatorialebene der Zelle an: maximale Verk\u00fcrzung<\/li><li>die Anordnung v\u00e4terlicher und m\u00fctterlicher Chromosomen ist zuf\u00e4llig<\/li><li>die Spindelfasern verbinden sich mit dem Zentromer der Chromosomen<\/li><\/ul>\n\n\n\n<h3 class=\"wp-block-heading\">Anaphase 1<\/h3>\n\n\n\n<ul><li>die Chromosomen werden durch die Spindelfasern zu den Zellpolen transportiert: Trennung der homologen Chromosomen<\/li><\/ul>\n\n\n\n<h3 class=\"wp-block-heading\">Telophase 1<\/h3>\n\n\n\n<ul><li>die Chromosomen haben die Zellpole erreicht<\/li><li>kurze Ruhephase<\/li><\/ul>\n\n\n\n<h4 class=\"wp-block-heading\">Ergebnis der 1. Reifeteilung<\/h4>\n\n\n\n<p>Jeder Zellkern enth\u00e4lt einen haploiden Chromosomensatz mit &#8222;Zwei-Chromatid-Chromosomen&#8220;.<\/p>\n\n\n\n<h3 class=\"wp-block-heading\">Prophase 2<\/h3>\n\n\n\n<ul><li>kurz<\/li><\/ul>\n\n\n\n<h3 class=\"wp-block-heading\">Metaphase 2<\/h3>\n\n\n\n<ul><li>Anordnung der Chromosomen in der \u00c4quatorialebene<\/li><\/ul>\n\n\n\n<h3 class=\"wp-block-heading\">Anaphase 2<\/h3>\n\n\n\n<ul><li>die Chromatiden (Halbchromosomen) werden durch die Spindelfasern zu den Zellpolen transportiert<\/li><\/ul>\n\n\n\n<h3 class=\"wp-block-heading\">Telophase 2<\/h3>\n\n\n\n<ul><li>die Chromatide haben die Zellpole erreicht: sie entspiralisieren sich und bilden das Chromatin<\/li><li>der Spindelapparat bildet sich zur\u00fcck<\/li><li>die Kernmembran und das Kernk\u00f6rperchen entstehen<\/li><\/ul>\n\n\n\n<h4 class=\"wp-block-heading\">Ergebnis der 2. Reifeteilung<\/h4>\n\n\n\n<p>Es sind vier Geschlechtszellen entstanden, von denen jede einen Zellkern mit haploidem Chromosomensatz (n=2) enth\u00e4lt.<\/p>\n\n\n\n<h4 class=\"wp-block-heading\">Simulatiuon der Chromosomenverteilung w\u00e4hrend der Meiose<\/h4>\n\n\n\n<p>Die Chromosome bzw. Chromatide lassen sich durch&nbsp;<strong>Drug &amp; Drop<\/strong>&nbsp;in die Zellen ziehen.<\/p>\n","protected":false},"excerpt":{"rendered":"<p>Worum gehts? Die Seite schildert kurz die Phasen der meiotischen Kernteilung, die zur Ausbildung von Geschlechtszellen f\u00fchrt und geht auf deren Bedeutung ein. Phasenverlauf Meiose 1. Reifeteilung (Reduktionsteilung) Prophase 1 Metaphase 1 Anaphase 1 Telophase 1 2. Reifeteilung (mitotische Teilung) Prophase 2 Metaphase 2 Anaphase 2 Telophase 2 Prophase 1 Paarung der homologen Chromosomen in&#8230;<\/p>\n","protected":false},"author":1,"featured_media":0,"parent":1090,"menu_order":5,"comment_status":"closed","ping_status":"closed","template":"","meta":{"footnotes":""},"_links":{"self":[{"href":"https:\/\/bioclips.info\/index.php?rest_route=\/wp\/v2\/pages\/2219"}],"collection":[{"href":"https:\/\/bioclips.info\/index.php?rest_route=\/wp\/v2\/pages"}],"about":[{"href":"https:\/\/bioclips.info\/index.php?rest_route=\/wp\/v2\/types\/page"}],"author":[{"embeddable":true,"href":"https:\/\/bioclips.info\/index.php?rest_route=\/wp\/v2\/users\/1"}],"replies":[{"embeddable":true,"href":"https:\/\/bioclips.info\/index.php?rest_route=%2Fwp%2Fv2%2Fcomments&post=2219"}],"version-history":[{"count":3,"href":"https:\/\/bioclips.info\/index.php?rest_route=\/wp\/v2\/pages\/2219\/revisions"}],"predecessor-version":[{"id":2414,"href":"https:\/\/bioclips.info\/index.php?rest_route=\/wp\/v2\/pages\/2219\/revisions\/2414"}],"up":[{"embeddable":true,"href":"https:\/\/bioclips.info\/index.php?rest_route=\/wp\/v2\/pages\/1090"}],"wp:attachment":[{"href":"https:\/\/bioclips.info\/index.php?rest_route=%2Fwp%2Fv2%2Fmedia&parent=2219"}],"curies":[{"name":"wp","href":"https:\/\/api.w.org\/{rel}","templated":true}]}}