{"id":2187,"date":"2020-06-07T12:09:20","date_gmt":"2020-06-07T10:09:20","guid":{"rendered":"http:\/\/bioclips.info\/?page_id=2187"},"modified":"2020-06-07T12:25:14","modified_gmt":"2020-06-07T10:25:14","slug":"das-chromosom-die-verpackte-dna","status":"publish","type":"page","link":"https:\/\/bioclips.info\/?page_id=2187","title":{"rendered":"Das Chromosom &#8211; die verpackte DNA"},"content":{"rendered":"\n<p>Viele Organismen entwickeln sich aus einer befruchteten Eizelle. Sie wachsen, indem sich Zellen teilen. Nach jeder Teilung enthalten die Zellen das vollst\u00e4ndige Erbingut, das aus DNA-Molek\u00fclen besteht. Die DNA ist ein fadenf\u00f6rmiges Molek\u00fcl. Beim Menschen findet man 46 dieser DNA-&#8222;F\u00e4den&#8220;. wobei jeweil 23 von der Mutter, die anderen 23 vom Vater stammen. Sie bilden hintereinander gelegt eine Gesamtl\u00e4nge von ca. 2m. Der l\u00e4ngste DNA-Faden besteht aus 247 Mio Basenpaare mit einer L\u00e4nge von 8,4 cm.<\/p>\n\n\n\n<h2 class=\"wp-block-heading\">Worum gehts?<\/h2>\n\n\n\n<p>Die DNA, wie sie oben beschrieben wurde, wird vor jeder Kernteilung (Mitose,&nbsp;Meiose) in eine Transportform verpackt. \u00c4hnlich dem Inhalt von Kleiderschr\u00e4nken, der nur durch Zusammenlegen in einen Koffer passt, wird die DNA gefaltet und verdreht bis sie transportabel ist. Die Transportform hei\u00dft Chromosom.<\/p>\n\n\n\n<p>Wie ist ein Chromosom aufgebaut und woraus besteht es, damit in jeder Tochterzelle nach der Kernteilung wieder das gesamt Erbgut vorhanden ist?<\/p>\n\n\n\n<h2 class=\"wp-block-heading\">Das Chromosom<\/h2>\n\n\n\n<p>Die Abbildung zeigt ein Chromosom, wie es in der Metaphase der&nbsp;Mitose&nbsp;oder w\u00e4hrend der ersten Reifeteilung der&nbsp;Meiose&nbsp;beobachtet werden kann. Die DNA ist durch Faltung und Verdrehung maximal verk\u00fcrzt. Das Chromosom kann transportiert werden.<\/p>\n\n\n\n<div class=\"wp-block-media-text alignwide is-stacked-on-mobile\" style=\"grid-template-columns:41% auto\"><figure class=\"wp-block-media-text__media\"><img loading=\"lazy\" decoding=\"async\" width=\"366\" height=\"550\" src=\"https:\/\/bioclips.info\/wp-content\/uploads\/2020\/06\/chromosom-1.jpg\" alt=\"\" class=\"wp-image-2196\" srcset=\"https:\/\/bioclips.info\/wp-content\/uploads\/2020\/06\/chromosom-1.jpg 366w, https:\/\/bioclips.info\/wp-content\/uploads\/2020\/06\/chromosom-1-200x300.jpg 200w\" sizes=\"(max-width: 366px) 100vw, 366px\" \/><\/figure><div class=\"wp-block-media-text__content\">\n<ol type=\"a\"><li>Chromatid<\/li><li>kurzer Arm<\/li><li>Zentromer<\/li><li>langer Arm<\/li><\/ol>\n<\/div><\/div>\n\n\n\n<p>Chromosomen sind durch folgende Merkmale gekennzeichnet:<\/p>\n\n\n\n<ul><li>Gr\u00f6\u00dfe<\/li><li>Lage des Zentromers<\/li><li>B\u00e4nderung: durch Anf\u00e4rben entsteht ein typisches Bandenmuster<\/li><\/ul>\n\n\n\n<p>Karyogramm: aufgrund dieser Merkmale lassen sich die Metaphase &#8211; Chromosomen ordnen.<\/p>\n\n\n\n<h3 class=\"wp-block-heading\">Woraus besteht ein Chromatid?<\/h3>\n\n\n\n<ul><li>Jedes Chromatid enth\u00e4lt ein vollst\u00e4ndig verk\u00fcrztes DNA &#8211; Molek\u00fcl. Bei diesen Molek\u00fclen handelt es sich um identische Kopien, die vor der Kernteilung durch Replikation hergestellt wurden.<\/li><\/ul>\n\n\n\n<h3 class=\"wp-block-heading\">Zusammenhang zwischen DNA und Chromosom<\/h3>\n\n\n\n<div class=\"wp-block-image\"><figure class=\"aligncenter size-large\"><img loading=\"lazy\" decoding=\"async\" width=\"560\" height=\"399\" src=\"https:\/\/bioclips.info\/wp-content\/uploads\/2020\/06\/chromo2.jpg\" alt=\"\" class=\"wp-image-2192\" srcset=\"https:\/\/bioclips.info\/wp-content\/uploads\/2020\/06\/chromo2.jpg 560w, https:\/\/bioclips.info\/wp-content\/uploads\/2020\/06\/chromo2-300x214.jpg 300w\" sizes=\"(max-width: 560px) 100vw, 560px\" \/><\/figure><\/div>\n\n\n\n<ol><li>Nach der Verschmelzung von Ei- und Samenzelle enth\u00e4lt der Zellkern die Erbinformation des Vaters und der Mutter.<\/li><li>Als Vorbereitung auf die Zellteilung wird die DNA verdoppelt (Replikation), damit wieder in jeder Tochterzelle das gesamt Erbgut vorliegt.<\/li><li>Die DNA wird zur Verteilung w\u00e4hrend der Kernteilung (Mitose) maximal verdichtet: das Chromosom.<\/li><li>Nach der Kernteilung besteht das Chromosom nur noch aus einem Chromatid (Ein-Chromatid-Chromosom), das hei\u00dft aus einem DNA-Molek\u00fcl.<\/li><\/ol>\n\n\n\n<h4 class=\"wp-block-heading\">Durch Festhalten mit der Maus (Drug &amp; Drop) lassen sich die Chromatiden auseinanderziehen.<\/h4>\n\n\n\n<h2 class=\"wp-block-heading\">&nbsp;Zellzyklus und Karyogramm<\/h2>\n\n\n\n<ul><li>Die folgende Seite zum&nbsp;Zellzyklus&nbsp;verdeutlicht noch einmal den Zusammenhang zwischen Verdopplung der DNA, Chromosom und Kernteilung bzw. Zellteilung.<\/li><li>Mittels&nbsp;Karyogrammen&nbsp;lassen sich alle Chromosomen eines Lebewesen geordnet darstellen. Dazu verwendet man Metaphase &#8211; Chromosomen. Nach dem Ordnen l\u00e4sst sich etwas \u00fcber die Chromosomenausstattung der Organismen aussagen.<\/li><\/ul>\n\n\n\n<p><\/p>\n","protected":false},"excerpt":{"rendered":"<p>Viele Organismen entwickeln sich aus einer befruchteten Eizelle. Sie wachsen, indem sich Zellen teilen. Nach jeder Teilung enthalten die Zellen das vollst\u00e4ndige Erbingut, das aus DNA-Molek\u00fclen besteht. Die DNA ist ein fadenf\u00f6rmiges Molek\u00fcl. Beim Menschen findet man 46 dieser DNA-&#8222;F\u00e4den&#8220;. wobei jeweil 23 von der Mutter, die anderen 23 vom Vater stammen. Sie bilden hintereinander&#8230;<\/p>\n","protected":false},"author":1,"featured_media":0,"parent":1090,"menu_order":2,"comment_status":"closed","ping_status":"closed","template":"","meta":{"footnotes":""},"_links":{"self":[{"href":"https:\/\/bioclips.info\/index.php?rest_route=\/wp\/v2\/pages\/2187"}],"collection":[{"href":"https:\/\/bioclips.info\/index.php?rest_route=\/wp\/v2\/pages"}],"about":[{"href":"https:\/\/bioclips.info\/index.php?rest_route=\/wp\/v2\/types\/page"}],"author":[{"embeddable":true,"href":"https:\/\/bioclips.info\/index.php?rest_route=\/wp\/v2\/users\/1"}],"replies":[{"embeddable":true,"href":"https:\/\/bioclips.info\/index.php?rest_route=%2Fwp%2Fv2%2Fcomments&post=2187"}],"version-history":[{"count":5,"href":"https:\/\/bioclips.info\/index.php?rest_route=\/wp\/v2\/pages\/2187\/revisions"}],"predecessor-version":[{"id":2197,"href":"https:\/\/bioclips.info\/index.php?rest_route=\/wp\/v2\/pages\/2187\/revisions\/2197"}],"up":[{"embeddable":true,"href":"https:\/\/bioclips.info\/index.php?rest_route=\/wp\/v2\/pages\/1090"}],"wp:attachment":[{"href":"https:\/\/bioclips.info\/index.php?rest_route=%2Fwp%2Fv2%2Fmedia&parent=2187"}],"curies":[{"name":"wp","href":"https:\/\/api.w.org\/{rel}","templated":true}]}}