{"id":2175,"date":"2020-06-07T11:21:12","date_gmt":"2020-06-07T09:21:12","guid":{"rendered":"http:\/\/bioclips.info\/?page_id=2175"},"modified":"2020-06-07T11:27:32","modified_gmt":"2020-06-07T09:27:32","slug":"rekombination-bei-bakterien","status":"publish","type":"page","link":"https:\/\/bioclips.info\/?page_id=2175","title":{"rendered":"Rekombination bei Bakterien"},"content":{"rendered":"\n<ul><li>Neukombination der Genzusammensetzung durch Genaustausch<\/li><li>ist eine wichtiges Instrument der Genetiker, da sich hier neue und vor allem gew\u00fcnschte Genkombinationen und damit Lebewesen mit n\u00fctzlichen Eigenschaften erzeugen lassen<\/li><li>er\u00f6ffnet Genetikern die M\u00f6glichkeit, Gene oder Teile von Genen, die aus zwei oder mehr Organismen stammen, neu anzuordnen<\/li><li>f\u00fchrt zu neuen Merkmalskombinationen (erh\u00f6ht die genetische Variabilit\u00e4t)<\/li><\/ul>\n\n\n\n<h3 class=\"wp-block-heading\">Konjugation<\/h3>\n\n\n\n<h4 class=\"wp-block-heading\">Der bakterielle Sexfaktor<\/h4>\n\n\n\n<ul><li>Bakterien Gene k\u00f6nnen austauschen.<\/li><li>Kontakt und Austausch erfolgen \u00fcber den sogenannten Sexpilus (oder Pilus, siehe a).<\/li><li>Diesen Vorgang nennt man Konjugation.<\/li><li>Nur Bakterien mit einem spezifischen Plasmid, dem Fertilit\u00e4tsfaktor, k\u00f6nnen einen Pilus ausbilden.<\/li><li>Das Plasmid enth\u00e4lt somit die Gene f\u00fcr die Bildung von Pili (Mehrzahl von Pilus).<\/li><li>Gibt man Bakterien mit Fertilit\u00e4tsfaktor (F<sup>+<\/sup>-Zellen) in eine Kultur, die Zellen ohne Fertilt\u00e4tsfaktor (F<sup>&#8211;<\/sup>-Zellen) enth\u00e4lt, dann hat man nach einiger Zeit nur\u00a0 F<sup>+<\/sup>-Zellen.<\/li><li>Die Plasmide wurden in die F<sup>&#8211;<\/sup>-Zellen \u00fcbertragen.<\/li><li>Wie das funktioniert, simuliert der Clip.<\/li><\/ul>\n\n\n\n<h4 class=\"wp-block-heading\">Eine von Zehntausend &#8211; Hfr Zellen<\/h4>\n\n\n\n<ul><li>Eine Zelle von 10.000 Zellen ist ein Hfr-Typ.<\/li><li>Bei diesen Zellen wird der Fertilit\u00e4tsfaktor in das Bakterienchromosom eingebaut.<\/li><li>Damit besteht eine gro\u00dfe Wahrscheinlichkeit (High frequency of recombination), dass Gene des Bakterienchromosoms in die Empf\u00e4ngerzelle \u00fcbertragen werden.<\/li><li>Die \u00dcbertragung des Bakterienchromosoms dauert ca. 90 Minuten, was aber sehr selten vorkommt. Meistens bricht der Vorgang vorher ab, so dass nur eine begrenzte Anzahl an Genen in die Empf\u00e4ngerzelle geschleust wird.<\/li><\/ul>\n\n\n\n<p>Konjugation ist auch mit anderen Bakterienarten m\u00f6glich, einige Bakterienarten sind sogar f\u00e4hig Plasmide in Eukaryontenzellen einzuschleusen. Damit sind f\u00fcr Gentechniker von besonderem Interesse, denn sie sind ein ideales Transportmittel (ein\u00a0Vektor), um fremde DNA in alle m\u00f6glichen Zellen einzuschleusen.<\/p>\n","protected":false},"excerpt":{"rendered":"<p>Neukombination der Genzusammensetzung durch Genaustausch ist eine wichtiges Instrument der Genetiker, da sich hier neue und vor allem gew\u00fcnschte Genkombinationen und damit Lebewesen mit n\u00fctzlichen Eigenschaften erzeugen lassen er\u00f6ffnet Genetikern die M\u00f6glichkeit, Gene oder Teile von Genen, die aus zwei oder mehr Organismen stammen, neu anzuordnen f\u00fchrt zu neuen Merkmalskombinationen (erh\u00f6ht die genetische Variabilit\u00e4t) Konjugation&#8230;<\/p>\n","protected":false},"author":1,"featured_media":0,"parent":2017,"menu_order":5,"comment_status":"closed","ping_status":"closed","template":"","meta":{"footnotes":""},"_links":{"self":[{"href":"https:\/\/bioclips.info\/index.php?rest_route=\/wp\/v2\/pages\/2175"}],"collection":[{"href":"https:\/\/bioclips.info\/index.php?rest_route=\/wp\/v2\/pages"}],"about":[{"href":"https:\/\/bioclips.info\/index.php?rest_route=\/wp\/v2\/types\/page"}],"author":[{"embeddable":true,"href":"https:\/\/bioclips.info\/index.php?rest_route=\/wp\/v2\/users\/1"}],"replies":[{"embeddable":true,"href":"https:\/\/bioclips.info\/index.php?rest_route=%2Fwp%2Fv2%2Fcomments&post=2175"}],"version-history":[{"count":3,"href":"https:\/\/bioclips.info\/index.php?rest_route=\/wp\/v2\/pages\/2175\/revisions"}],"predecessor-version":[{"id":2179,"href":"https:\/\/bioclips.info\/index.php?rest_route=\/wp\/v2\/pages\/2175\/revisions\/2179"}],"up":[{"embeddable":true,"href":"https:\/\/bioclips.info\/index.php?rest_route=\/wp\/v2\/pages\/2017"}],"wp:attachment":[{"href":"https:\/\/bioclips.info\/index.php?rest_route=%2Fwp%2Fv2%2Fmedia&parent=2175"}],"curies":[{"name":"wp","href":"https:\/\/api.w.org\/{rel}","templated":true}]}}