{"id":2156,"date":"2020-06-07T11:02:59","date_gmt":"2020-06-07T09:02:59","guid":{"rendered":"http:\/\/bioclips.info\/?page_id=2156"},"modified":"2020-06-07T11:05:07","modified_gmt":"2020-06-07T09:05:07","slug":"bakteriophagen","status":"publish","type":"page","link":"https:\/\/bioclips.info\/?page_id=2156","title":{"rendered":"Bakteriophagen"},"content":{"rendered":"\n<h2 class=\"wp-block-heading\">Worum gehts?<\/h2>\n\n\n\n<p>Wie vermehren sich Bakteriophagen?<\/p>\n\n\n\n<p>Welchen Nutzen haben sie f\u00fcr die Biotechnologie?<\/p>\n\n\n\n<h2 class=\"wp-block-heading\">Aufbau einer Bakteriophage<\/h2>\n\n\n\n<div class=\"wp-block-media-text alignwide is-stacked-on-mobile\"><figure class=\"wp-block-media-text__media\"><img loading=\"lazy\" decoding=\"async\" width=\"239\" height=\"281\" src=\"https:\/\/bioclips.info\/wp-content\/uploads\/2020\/06\/viren-img2.jpg\" alt=\"\" class=\"wp-image-2157\"\/><\/figure><div class=\"wp-block-media-text__content\">\n<ol type=\"a\"><li>Kopf (Capsid) mit DNA<\/li><li>Schwanzstift<\/li><li>Schwanzscheide<\/li><li>Grundplatte mit Spikes<\/li><li>Schwanzf\u00e4den<\/li><\/ol>\n<\/div><\/div>\n\n\n\n<h2 class=\"wp-block-heading\">Vermehrung von Bakteriophagen<\/h2>\n\n\n\n<h3 class=\"wp-block-heading\">Lytischer Zyklus<\/h3>\n\n\n\n<h4 class=\"wp-block-heading\">Adsorption<\/h4>\n\n\n\n<ul><li>Bakteriophage bindet an speziellen Anheftungsstellen (Schloss-Schl\u00fcssel-Prinzip)<\/li><li>Grundplatte und Anheftungsstelle entsprechen einander (Wirtsspezifit\u00e4t)<\/li><\/ul>\n\n\n\n<h4 class=\"wp-block-heading\">Injektion<\/h4>\n\n\n\n<ul><li>Schwanzscheide zieht sich zusammen<\/li><li>Schwanzstift dringt in das Bakterium ein<\/li><li>Viren-DNA wird eingeschleust<\/li><\/ul>\n\n\n\n<h4 class=\"wp-block-heading\">Latenzphase<\/h4>\n\n\n\n<ul><li>biochemische Ver\u00e4nderungen treten auf<\/li><li>bakterielle Biosynthese wird durch die Phagen-DNA kontrolliert, Abbau Bakterienchromosom<\/li><li>Stoffwechsel wird vollst\u00e4ndig umgestellt:<ul><li>Produktion von Phagenenzymen<\/li><li>Vermehrung der Phagen-DNA<\/li><li>Herstellung von Phagenproteinen (H\u00fcllproteine)<\/li><li>Synthese des zellwandaufl\u00f6senden Enzyms Lysozym<\/li><\/ul><\/li><\/ul>\n\n\n\n<h4 class=\"wp-block-heading\">Reifung<\/h4>\n\n\n\n<ul><li>Phagen werden zusammengebaut<\/li><\/ul>\n\n\n\n<h4 class=\"wp-block-heading\">Freisetzung<\/h4>\n\n\n\n<ul><li>Phagen-Enzym Lysozym weicht die Bakterienzellwand auf<\/li><li>Zelle platzt auf, gibt die Phagen (ca. 100) frei<\/li><li>Vorgang bezeichnet man als Lyse (Aufl\u00f6sung)<\/li><\/ul>\n\n\n\n<h3 class=\"wp-block-heading\">Lysogener Zyklus<\/h3>\n\n\n\n<ul><li>Bei einigen DNA-Viren wird nach der Infektion die Erbinformation in die DNA der Wirtszelle eingebaut.<\/li><li>Es entsteht eine Prophage.<\/li><li>Irgendwie scheint die Wirtszelle in der Lage zu sein, den lytischen Zyklus zu unterbinden.<\/li><li>In unserem Beispiel gelangt die Phagen-DNA in das Bakterienchromosom. Teilt sich nun das Bakterium, wird die Virensequenz ebenfalls verdoppelt. Gelegentlich wird die Viren-DNA (Prophage) aus dem Bakterienchromosom wieder freigesetzt.<\/li><li>Der lytische Zyklus wird fortgef\u00fchrt.<\/li><li>Durch die Integration kann der Virus \u00fcber Generationen mit der Zellteilung des Wirtes vermehrt werden.<\/li><\/ul>\n\n\n\n<h2 class=\"wp-block-heading\">Transduktion bei Bakteriophagen<\/h2>\n\n\n\n<p>Bei der Freisetzung der Phagen-DNA wird der lytische Zyklus in Gang gesetzt. Dabei kann es passieren, dass beim Herausschneiden (Excision) der Phagen-DNA ein Teil der Bakterien-DNA mit herausgeschnitten wird. Diese Eigenschaft von Bakteriophagen wird in der Gentechnik genutzt, um DNA in Bakterienzellen einzuschleusen. Phagen haben gegen\u00fcber anderen Methoden der Gen\u00fcbertragung den Vorteil, dass Phagen verh\u00e4ltnism\u00e4\u00dfige gro\u00dfe DNA-St\u00fccke aufnehmen k\u00f6nnen. Ebenso wie Plasmide lassen sich somit Phagen als&nbsp; Tr\u00e4ger benutzen, um Gene in Zellen einzuschleusen.<\/p>\n","protected":false},"excerpt":{"rendered":"<p>Worum gehts? Wie vermehren sich Bakteriophagen? Welchen Nutzen haben sie f\u00fcr die Biotechnologie? Aufbau einer Bakteriophage Kopf (Capsid) mit DNA Schwanzstift Schwanzscheide Grundplatte mit Spikes Schwanzf\u00e4den Vermehrung von Bakteriophagen Lytischer Zyklus Adsorption Bakteriophage bindet an speziellen Anheftungsstellen (Schloss-Schl\u00fcssel-Prinzip) Grundplatte und Anheftungsstelle entsprechen einander (Wirtsspezifit\u00e4t) Injektion Schwanzscheide zieht sich zusammen Schwanzstift dringt in das Bakterium ein&#8230;<\/p>\n","protected":false},"author":1,"featured_media":0,"parent":2017,"menu_order":2,"comment_status":"closed","ping_status":"closed","template":"","meta":{"footnotes":""},"_links":{"self":[{"href":"https:\/\/bioclips.info\/index.php?rest_route=\/wp\/v2\/pages\/2156"}],"collection":[{"href":"https:\/\/bioclips.info\/index.php?rest_route=\/wp\/v2\/pages"}],"about":[{"href":"https:\/\/bioclips.info\/index.php?rest_route=\/wp\/v2\/types\/page"}],"author":[{"embeddable":true,"href":"https:\/\/bioclips.info\/index.php?rest_route=\/wp\/v2\/users\/1"}],"replies":[{"embeddable":true,"href":"https:\/\/bioclips.info\/index.php?rest_route=%2Fwp%2Fv2%2Fcomments&post=2156"}],"version-history":[{"count":3,"href":"https:\/\/bioclips.info\/index.php?rest_route=\/wp\/v2\/pages\/2156\/revisions"}],"predecessor-version":[{"id":2162,"href":"https:\/\/bioclips.info\/index.php?rest_route=\/wp\/v2\/pages\/2156\/revisions\/2162"}],"up":[{"embeddable":true,"href":"https:\/\/bioclips.info\/index.php?rest_route=\/wp\/v2\/pages\/2017"}],"wp:attachment":[{"href":"https:\/\/bioclips.info\/index.php?rest_route=%2Fwp%2Fv2%2Fmedia&parent=2156"}],"curies":[{"name":"wp","href":"https:\/\/api.w.org\/{rel}","templated":true}]}}