{"id":2124,"date":"2020-06-06T13:20:39","date_gmt":"2020-06-06T11:20:39","guid":{"rendered":"http:\/\/bioclips.info\/?page_id=2124"},"modified":"2020-06-06T13:29:41","modified_gmt":"2020-06-06T11:29:41","slug":"mit-elisa-antigene-fangen","status":"publish","type":"page","link":"https:\/\/bioclips.info\/?page_id=2124","title":{"rendered":"Mit ELISA Antigene fangen"},"content":{"rendered":"\n<ul><li>Der ELISA-Test (Enzyme Linked Immunosorbent Assay) ist ein Nachweisverfahren (Assay).<\/li><li>Wissenschaftler k\u00f6nnen damit Proteine (z. B. Antik\u00f6rper) und Viren, aber auch Hormone, Toxine und Pestizide in einer Probe (Blutserum, Milch, Urin, etc.) nachweisen.<\/li><li>Genutzt wird die Eigenschaft spezifischer Antik\u00f6rper, die an der gesuchten Struktur binden.<\/li><li>Der Nachweis erfolgt durch Farbumschlag, \u00e4hnlich einer Indikatorreaktion.<\/li><\/ul>\n\n\n\n<p>Markerenzym &#8211; Meerrettichperoxidase<\/p>\n\n\n\n<ul><li>Um die Bindung des Antik\u00f6rpers an die gesuchte Struktur sichtbar zu machen, nutzt man Enzyme, die aus einem farblosen Substat (Chromogen) ein farbiges Produkt katalysieren.<\/li><li>Durch den Farbumschlag wird die Anwesenheit der gesuchten Struktur angezeigt.<\/li><li>Das Enzym ist mit einem Antik\u00f6rper (= Detektor &#8211; Antik\u00f6rper) verbunden.<\/li><\/ul>\n\n\n\n<p>Bestandteile<\/p>\n\n\n\n<div class=\"wp-block-image\"><figure class=\"aligncenter is-resized\"><img loading=\"lazy\" decoding=\"async\" src=\"https:\/\/bioclips.info\/wp-content\/uploads\/2020\/06\/elisa.jpg\" alt=\"\" class=\"wp-image-2131\" width=\"309\" height=\"439\" srcset=\"https:\/\/bioclips.info\/wp-content\/uploads\/2020\/06\/elisa.jpg 220w, https:\/\/bioclips.info\/wp-content\/uploads\/2020\/06\/elisa-212x300.jpg 212w\" sizes=\"(max-width: 309px) 100vw, 309px\" \/><\/figure><\/div>\n\n\n\n<ol type=\"a\"><li>Detektor &#8211; Antik\u00f6rper<ul><li>hat eine spezifische Bindungstellen f\u00fcr das gesuchte Antigen<\/li><li>ist mit dem Markerenzym verbunden<\/li><\/ul><\/li><li>Markerenzyme<ul><li>Enzyme, die aus einem farblosen Chromogen (Substrat) ein farbiges Produkt katalysieren<\/li><\/ul><\/li><li>Antigen<ul><li>gesuchte Struktur (Protein, Virus usw.)<\/li><\/ul><\/li><li>F\u00e4nger &#8211; Antik\u00f6rper<ul><li>hat ebenfalls spezifische Bindungstellen f\u00fcr das gesuchte Antigen<\/li><li>bindet an die Platte<\/li><\/ul><\/li><li>Platte<ul><li>ist mit einem Material (&#8222;Klebeband f\u00fcr Antik\u00f6rper)&#8220; beschichtet, das in der Lage ist. die F\u00e4nger &#8211; Antik\u00f6rper zu binden<\/li><\/ul><\/li><\/ol>\n\n\n\n<p>Adsorption: Anreicherung von Gasen oder Fl\u00fcssigkeiten an festen Oberfl\u00e4chen<\/p>\n\n\n\n<p>Inkubation: Einwirken lassen von Enzymen, Antik\u00f6rpern usw. auf Substrate<\/p>\n\n\n\n<p>Verlauf ELISA &#8211; Test<\/p>\n\n\n\n<ol><li>Adsorption der F\u00e4nger &#8211; Antik\u00f6rper<ul><li>binden an der Platte<\/li><\/ul><\/li><li>Waschen<ul><li>nicht gebundene Antik\u00f6rper werden entfernt<\/li><\/ul><\/li><li>Inkubation mit Antigen<ul><li>Zugabe der Probe mit dem gesuchten Antigen<\/li><\/ul><\/li><li>Wasche<ul><li>nicht gebundene Antigene werden entfernt<\/li><\/ul><\/li><li>Inkubation mit peroxidase-markierten Antigen (Detektor &#8211; Antigen)<\/li><li>Waschen<ul><li>nicht gebundene Antik\u00f6rper werden entfernt<\/li><\/ul><\/li><li>Zugabe Chromogen<\/li><\/ol>\n\n\n\n<p>Auswertung<\/p>\n\n\n\n<ul><li>Farbumschlag zeigt Anwesenheit des gesuchten Molek\u00fcls an<\/li><li>kein Farbumschlag, das gesuchte Molek\u00fcl ist nicht vorhanden<\/li><\/ul>\n","protected":false},"excerpt":{"rendered":"<p>Der ELISA-Test (Enzyme Linked Immunosorbent Assay) ist ein Nachweisverfahren (Assay). Wissenschaftler k\u00f6nnen damit Proteine (z. B. Antik\u00f6rper) und Viren, aber auch Hormone, Toxine und Pestizide in einer Probe (Blutserum, Milch, Urin, etc.) nachweisen. Genutzt wird die Eigenschaft spezifischer Antik\u00f6rper, die an der gesuchten Struktur binden. Der Nachweis erfolgt durch Farbumschlag, \u00e4hnlich einer Indikatorreaktion. Markerenzym &#8211;&#8230;<\/p>\n","protected":false},"author":1,"featured_media":0,"parent":1190,"menu_order":12,"comment_status":"closed","ping_status":"closed","template":"","meta":{"footnotes":""},"_links":{"self":[{"href":"https:\/\/bioclips.info\/index.php?rest_route=\/wp\/v2\/pages\/2124"}],"collection":[{"href":"https:\/\/bioclips.info\/index.php?rest_route=\/wp\/v2\/pages"}],"about":[{"href":"https:\/\/bioclips.info\/index.php?rest_route=\/wp\/v2\/types\/page"}],"author":[{"embeddable":true,"href":"https:\/\/bioclips.info\/index.php?rest_route=\/wp\/v2\/users\/1"}],"replies":[{"embeddable":true,"href":"https:\/\/bioclips.info\/index.php?rest_route=%2Fwp%2Fv2%2Fcomments&post=2124"}],"version-history":[{"count":5,"href":"https:\/\/bioclips.info\/index.php?rest_route=\/wp\/v2\/pages\/2124\/revisions"}],"predecessor-version":[{"id":2133,"href":"https:\/\/bioclips.info\/index.php?rest_route=\/wp\/v2\/pages\/2124\/revisions\/2133"}],"up":[{"embeddable":true,"href":"https:\/\/bioclips.info\/index.php?rest_route=\/wp\/v2\/pages\/1190"}],"wp:attachment":[{"href":"https:\/\/bioclips.info\/index.php?rest_route=%2Fwp%2Fv2%2Fmedia&parent=2124"}],"curies":[{"name":"wp","href":"https:\/\/api.w.org\/{rel}","templated":true}]}}