{"id":2109,"date":"2020-06-06T12:39:58","date_gmt":"2020-06-06T10:39:58","guid":{"rendered":"http:\/\/bioclips.info\/?page_id=2109"},"modified":"2020-06-22T17:40:59","modified_gmt":"2020-06-22T15:40:59","slug":"chorea-huntington-entstehung-und-diagnose","status":"publish","type":"page","link":"https:\/\/bioclips.info\/?page_id=2109","title":{"rendered":"Chorea Huntington &#8211; Entstehung und Diagnose"},"content":{"rendered":"\n<p>Bei Chorea Huntington handelt es sich um eine Erbkrankheit, die unausweichlich t\u00f6dlich verl\u00e4uft. Die betroffenen Personen erkranken durchschnittlich mit dem 40igsten Lebensjahr. Die Krankeit ist gekennzeichnet durch Bewegungsst\u00f6rungen und schwere psychische Ver\u00e4nderungen.<\/p>\n\n\n\n<h2 class=\"wp-block-heading\">Worum gehts?<\/h2>\n\n\n\n<p>Wie wird die Krankheit Chorea Huntington vererbt und wie l\u00e4sst sie sich diagnostizieren?<\/p>\n\n\n\n<h2 class=\"wp-block-heading\">Vererbung von Chorea Huntington<\/h2>\n\n\n\n<p>Erbkrankheiten des Menschen k\u00f6nnen rezessiv bzw. dominant und vom Geschlecht abh\u00e4ngig vererbt werden. Will man die Vererbung von Erbkrankheiten kl\u00e4ren, so untersucht man Familien, in denen die Krankheit \u00fcber mehrere Generationen auftritt. Das Ergebnis wird in Familienstammb\u00e4umen dargestellt. Die Auswertung von Stammb\u00e4umen gibt Aufschluss \u00fcber den Vererbungsmechanismus.<\/p>\n\n\n\n<div class=\"wp-block-image\"><figure class=\"aligncenter size-large is-resized\"><img loading=\"lazy\" decoding=\"async\" src=\"https:\/\/bioclips.info\/wp-content\/uploads\/2020\/06\/chorea-img2.jpg\" alt=\"\" class=\"wp-image-2110\" width=\"415\" height=\"176\" srcset=\"https:\/\/bioclips.info\/wp-content\/uploads\/2020\/06\/chorea-img2.jpg 415w, https:\/\/bioclips.info\/wp-content\/uploads\/2020\/06\/chorea-img2-300x127.jpg 300w\" sizes=\"(max-width: 415px) 100vw, 415px\" \/><\/figure><\/div>\n\n\n\n<ul><li>Anhand des Stammbaumes wird deutlich, dass Chorea dominant vererbt wird. Das betroffene Elternpaar hat gesunde Kinder. Das ist nur m\u00f6glich, wenn beide Eltern ein gesundes Gen weitergeben.<\/li><li>Die Krankeit wird autosomal vererbt. Es sind M\u00e4nner und Frau gleichm\u00e4\u00dfig betroffen. Au\u00dferdem hat der kranke Vater eine gesunde Tochter. Das w\u00e4re nicht der Fall, wenn das Gen auf dem X-Chromosom des Vaters liegen w\u00fcrde. Das Huntingtin-Gen liegt somit nicht auf dem X-Chromosom.<\/li><\/ul>\n\n\n\n<h2 class=\"wp-block-heading\">Molekulargenetische Ursache von Chorea Huntington<\/h2>\n\n\n\n<div class=\"wp-block-image\"><figure class=\"aligncenter size-large\"><img loading=\"lazy\" decoding=\"async\" width=\"385\" height=\"329\" src=\"https:\/\/bioclips.info\/wp-content\/uploads\/2020\/06\/chorea-img3.jpg\" alt=\"\" class=\"wp-image-2111\" srcset=\"https:\/\/bioclips.info\/wp-content\/uploads\/2020\/06\/chorea-img3.jpg 385w, https:\/\/bioclips.info\/wp-content\/uploads\/2020\/06\/chorea-img3-300x256.jpg 300w\" sizes=\"(max-width: 385px) 100vw, 385px\" \/><\/figure><\/div>\n\n\n\n<ul><li>Die Erbkrankheit Chorea Huntington wird durch&nbsp;Genmutation&nbsp;im Huntingtin &#8211; Gen verursacht.<\/li><li>Das Gen befindet sich auf dem Chromosom 4.<\/li><li>Im codierenden Strang k\u00f6nnen zwischen 5 und 30 CAG Tripletts (\u201eshort tandem repeats\u201c) aufeinander folgen.<\/li><li>Eine Erh\u00f6hung der Tripletts f\u00fchrt zum Ausbruch der Huntingtonschen Krankheit.<\/li><li>Zus\u00e4tzlich ist die Zahl der Wiederholungen \u00fcber 30 instabil und steigt tendenziell mit jeder Generation (Replikation).<\/li><li>Die CAG Tripletts codieren f\u00fcr die Aminos\u00e4ure Glutamin. Die Erh\u00f6hung f\u00fchrt zu einer Verl\u00e4ngerung der Glutaminkette im Protein.<\/li><li>Ab einer bestimmten L\u00e4nge verklumpen die Proteine, wodurch schlie\u00dflich Nervenzellen absterben.<\/li><\/ul>\n\n\n\n<h2 class=\"wp-block-heading\">Isolation des Huntingtin \u2013 Gens durch PCR<\/h2>\n\n\n\n<figure class=\"wp-block-embed-youtube aligncenter wp-block-embed is-type-video is-provider-youtube wp-embed-aspect-16-9 wp-has-aspect-ratio\"><div class=\"wp-block-embed__wrapper\">\n<iframe loading=\"lazy\" title=\"Chroea Huntington PCR - Genisolation\" width=\"644\" height=\"362\" src=\"https:\/\/www.youtube.com\/embed\/wlubX8YJVDw?feature=oembed\" frameborder=\"0\" allow=\"accelerometer; autoplay; clipboard-write; encrypted-media; gyroscope; picture-in-picture; web-share\" referrerpolicy=\"strict-origin-when-cross-origin\" allowfullscreen><\/iframe>\n<\/div><\/figure>\n\n\n\n<ul><li>Die molekulargenetische Diagnostik von Chorea Huntington erfolgt \u00fcber die L\u00e4ngenbestimmung von spezifisch verdoppelten&nbsp;PCR-Produkten&nbsp;und der sich daraus ableitenden Anzahl an CAG-Triplett-Wiederholungen.<\/li><li>Die genaue L\u00e4ngenbestimmung der gewonnen DNA-Schnipsel erfolgt mittels der Gelelektrophorese (siehe weiter unten).<\/li><li>Nicht verl\u00e4ngerte und verl\u00e4ngerte Genabschnitte werden durch mehrere PCR-Zyklen mit unterschiedlichen Primerpaaren zu den notwendigen Mengen vervielfacht.<\/li><li>Voraussetzung f\u00fcr die Isolation des Huntingtin &#8211; Gens sind spezifische Primer, die sich an den Erkennungssequenzen (ES) anlagern.<\/li><\/ul>\n\n\n\n<h2 class=\"wp-block-heading\">Darstellung des Huntingtin &#8211; Gens<\/h2>\n\n\n\n<p>Die in der PCR isolierten Gen-Abschnitte werden nun mit Hilfe der Gelelektrophorese aufgetrennt. Anhand der Ergebnisse l\u00e4sst sich feststellen, welche Person Tr\u00e4ger des defekten Huntingtin-Gens ist.<\/p>\n\n\n\n<figure class=\"wp-block-embed-youtube aligncenter wp-block-embed is-type-video is-provider-youtube wp-embed-aspect-16-9 wp-has-aspect-ratio\"><div class=\"wp-block-embed__wrapper\">\n<iframe loading=\"lazy\" title=\"Chorea Diagnostik\" width=\"644\" height=\"362\" src=\"https:\/\/www.youtube.com\/embed\/st5Ppaljefw?feature=oembed\" frameborder=\"0\" allow=\"accelerometer; autoplay; clipboard-write; encrypted-media; gyroscope; picture-in-picture; web-share\" referrerpolicy=\"strict-origin-when-cross-origin\" allowfullscreen><\/iframe>\n<\/div><\/figure>\n\n\n\n<ul><li>Die Schnelligkeit mit der die isolierten Gene das Gel durchlaufen ist abh\u00e4ngig von ihrer L\u00e4nge.<\/li><li>Kurze Gene (DNA &#8211; Abschnitte) sind scheller als lange.<\/li><li>Der Marker M18 enth\u00e4lt 18 CAG &#8211; Tripletts, der Marker M48 dagegen die angegebene Anzahl von 48 CAG &#8211; Tripletts.<\/li><li>Mit den Markern lassen sich die Genl\u00e4ngen der zu untersuchenden Personen sch\u00e4tzen.<\/li><\/ul>\n\n\n\n<h3 class=\"wp-block-heading\">Auswertung<\/h3>\n\n\n\n<ol><li>Beide Eltern verf\u00fcgen \u00fcber ein gesundes und ein krankes Gen. Welches sie an die Kinder weitergeben ist zuf\u00e4llig. Das defekte Gen des Vaters ist l\u00e4nger als das der Mutter.<\/li><li>Das Kind 1 (K1) ist reinerbig f\u00fcr die gesunden Gene. Es wird nicht erkranken.<\/li><li>Die Kinder 2 (K2) und 4 sind reinerbig f\u00fcr die kranken Gene. Sie werden erkranken.<\/li><li>Mischerbig sind die Kinder 3 und 5. Sie werden ebenfalls erkranken.<\/li><li>Bei den Kinder 4 und 5 sind die kranken Gene l\u00e4nger als bei den Eltern. Man k\u00f6nnte meinen, dass ihr defektes Gen nicht vom Vater stammen kann. Aber leider ist es so, dass es w\u00e4hrend der Replikation zu einer Genverl\u00e4ngerung kommen kann.<\/li><\/ol>\n","protected":false},"excerpt":{"rendered":"<p>Bei Chorea Huntington handelt es sich um eine Erbkrankheit, die unausweichlich t\u00f6dlich verl\u00e4uft. Die betroffenen Personen erkranken durchschnittlich mit dem 40igsten Lebensjahr. Die Krankeit ist gekennzeichnet durch Bewegungsst\u00f6rungen und schwere psychische Ver\u00e4nderungen. Worum gehts? Wie wird die Krankheit Chorea Huntington vererbt und wie l\u00e4sst sie sich diagnostizieren? Vererbung von Chorea Huntington Erbkrankheiten des Menschen k\u00f6nnen&#8230;<\/p>\n","protected":false},"author":1,"featured_media":0,"parent":1190,"menu_order":11,"comment_status":"closed","ping_status":"closed","template":"","meta":{"footnotes":""},"_links":{"self":[{"href":"https:\/\/bioclips.info\/index.php?rest_route=\/wp\/v2\/pages\/2109"}],"collection":[{"href":"https:\/\/bioclips.info\/index.php?rest_route=\/wp\/v2\/pages"}],"about":[{"href":"https:\/\/bioclips.info\/index.php?rest_route=\/wp\/v2\/types\/page"}],"author":[{"embeddable":true,"href":"https:\/\/bioclips.info\/index.php?rest_route=\/wp\/v2\/users\/1"}],"replies":[{"embeddable":true,"href":"https:\/\/bioclips.info\/index.php?rest_route=%2Fwp%2Fv2%2Fcomments&post=2109"}],"version-history":[{"count":4,"href":"https:\/\/bioclips.info\/index.php?rest_route=\/wp\/v2\/pages\/2109\/revisions"}],"predecessor-version":[{"id":2391,"href":"https:\/\/bioclips.info\/index.php?rest_route=\/wp\/v2\/pages\/2109\/revisions\/2391"}],"up":[{"embeddable":true,"href":"https:\/\/bioclips.info\/index.php?rest_route=\/wp\/v2\/pages\/1190"}],"wp:attachment":[{"href":"https:\/\/bioclips.info\/index.php?rest_route=%2Fwp%2Fv2%2Fmedia&parent=2109"}],"curies":[{"name":"wp","href":"https:\/\/api.w.org\/{rel}","templated":true}]}}