{"id":2102,"date":"2020-06-06T12:08:17","date_gmt":"2020-06-06T10:08:17","guid":{"rendered":"http:\/\/bioclips.info\/?page_id=2102"},"modified":"2020-06-21T15:42:05","modified_gmt":"2020-06-21T13:42:05","slug":"vaterschaftsnachweis","status":"publish","type":"page","link":"https:\/\/bioclips.info\/?page_id=2102","title":{"rendered":"Vaterschaftsnachweis"},"content":{"rendered":"\n<p><strong>Wer ist der Vater?<\/strong><\/p>\n\n\n\n<p>In malaiischen oder polynesischen Kulturen erbten alle Habseligkeiten eines Familienvaters die Kinder der Schwester. Ein offensichtlich merkw\u00fcrdiges Verhalten eines Vaters. Eine m\u00f6gliche Erkl\u00e4rung ergibt sich aus dem eher offenen Sexualverhalten in den Lebensgemeinschaften. Partnerschaftliche Treue war wohl eher die Ausnahme als die Regel. So konnten sich die M\u00e4nner nie sicher sein, dass die Kinder ihrer Partnerin auch ihre eigenen leiblichen Kinder waren. Hier liegt eventuell die Ursache f\u00fcr die Herausbildung des sogenannten Neffenerbrechts. Mit den Kindern seiner Schwester w\u00e4re der Vater n\u00e4mlich n\u00e4her verwandt als mit denen in Partnerschaft. H\u00e4tte man damals schon die M\u00f6glichkeiten der Gentechnik, dann w\u00e4re die Vaterschaft leicht und vor allem sicher zu ermitteln. Auch bei uns sind aus verschiedenen Gr\u00fcnden Vaterschaftsfragen h\u00e4ufig Gegenstand einer Beziehung. Durch den Einsatz biotechnologischer Methoden erhalten wir 100% Sicherheit, wer der wirkliche Vater ist.<\/p>\n\n\n\n<h2 class=\"wp-block-heading\">Worum gehts?<\/h2>\n\n\n\n<p>Wie l\u00e4sst sich mit der Untersuchung der DNA ein individueller Unterschied nachweisen und was macht diesen Unterschied aus?<\/p>\n\n\n\n<h2 class=\"wp-block-heading\">Untersuchung der Blutgruppen<\/h2>\n\n\n\n<p>Bei einem Vaterschaftsstreit werden als erstes die Blutgruppen untersucht. Dadurch l\u00e4sst sich eventuell einer der in Frage kommenden V\u00e4ter ausschlie\u00dfen.&nbsp;<\/p>\n\n\n\n<h2 class=\"wp-block-heading\">Vaterschaftsnachweis mittels DNA-Test<\/h2>\n\n\n\n<ul><li>Der Vaterschaftsnachweis erfolgt auf Grundlage genetischer Unterschiede. Verwendet werden Polymorphismen (Mutationen) in nichtgenen Bereichen der DNA (Technik der Restriktionsfragment &#8211; L\u00e4ngenpolymorphismen-Analyse, kurz&nbsp;RFLP-Analyse).<\/li><li>Durch diese Polymorphismen werden Schnittstellen von&nbsp;Restriktionenzymen&nbsp;unbrauchbar, so dass die DNA in unterschiedliche lange DNA &#8211; Fragmente zerschnitten wird.<\/li><li>Da die DNA mit mehreren Restriktionsenzymen geschnitten wird, entsteht ein individuelles &#8222;Schnipselmuster&#8220;, das sich mit der Gelelektrophorese darstellen l\u00e4sse: Die individuellen Unterschiede werden im Bandenmuster sichtbar.<\/li><li>Untersucht wird die DNA der Beteiligten (Mutter, V\u00e4ter, Kind).<\/li><li>Die Unterschiede erm\u00f6glichen ein Ergebnis mit ann\u00e4hernd 100%iger Sicherheit.<\/li><\/ul>\n\n\n\n<h3 class=\"wp-block-heading\">Restriktionsenzyme<\/h3>\n\n\n\n<div class=\"wp-block-media-text alignwide has-media-on-the-right is-stacked-on-mobile is-vertically-aligned-top\"><figure class=\"wp-block-media-text__media\"><img loading=\"lazy\" decoding=\"async\" width=\"300\" height=\"600\" src=\"https:\/\/bioclips.info\/wp-content\/uploads\/2020\/06\/Vaterschaft1.jpg\" alt=\"\" class=\"wp-image-2382\" srcset=\"https:\/\/bioclips.info\/wp-content\/uploads\/2020\/06\/Vaterschaft1.jpg 300w, https:\/\/bioclips.info\/wp-content\/uploads\/2020\/06\/Vaterschaft1-150x300.jpg 150w\" sizes=\"(max-width: 300px) 100vw, 300px\" \/><\/figure><div class=\"wp-block-media-text__content\">\n<ul><li>Die zu untersuchenden DNA kann mit unterschiedlichen Restriktionsenzymen geschnitten werden.<\/li><li>Die dargestellten Restriktionsenzyme haben unterschiedliche Schnittstellen.<\/li><li>Nur ein Enzym l\u00e4sst nach dem Schneiden bei Personen 1 und 2 einen individuelle Unterscheidung zu.<\/li><\/ul>\n<\/div><\/div>\n\n\n\n<h3 class=\"wp-block-heading\">V\u00e4ter &#8211; DNA &#8211; Sequenzen<\/h3>\n\n\n\n<ul><li>Die DNA l\u00e4sst sich mittels Restriktionsenzymen an den markierten Stellen zerschneiden.<\/li><li>Das Enzym&nbsp;<strong>Bam HI<\/strong>&nbsp;eignet sich nicht, zwei gleich lange Fragmente entstehen. Ein individueller Unterschied kann nicht dargestellt werden.<\/li><li>Durch einen Polymorphismus (Mutation) geht eine Schnittstelle von&nbsp;<strong>Eco RI<\/strong>&nbsp;verloren. Dadurch entstehen bei der Person 1 drei Fragmente, bei der Person 2 dagegen nur zwei Fragmente. Ein individueller Unterschied kann dargestellt werden.<\/li><\/ul>\n\n\n\n<div class=\"wp-block-image\"><figure class=\"aligncenter size-large\"><img loading=\"lazy\" decoding=\"async\" width=\"644\" height=\"242\" src=\"https:\/\/bioclips.info\/wp-content\/uploads\/2020\/06\/vater-img1-644x242.jpg\" alt=\"\" class=\"wp-image-2106\" srcset=\"https:\/\/bioclips.info\/wp-content\/uploads\/2020\/06\/vater-img1-644x242.jpg 644w, https:\/\/bioclips.info\/wp-content\/uploads\/2020\/06\/vater-img1-300x113.jpg 300w, https:\/\/bioclips.info\/wp-content\/uploads\/2020\/06\/vater-img1-768x288.jpg 768w, https:\/\/bioclips.info\/wp-content\/uploads\/2020\/06\/vater-img1.jpg 800w\" sizes=\"(max-width: 644px) 100vw, 644px\" \/><\/figure><\/div>\n\n\n\n<h2 class=\"wp-block-heading\">Gelelektrophorese zum Nachweis der Vaterschaft<\/h2>\n\n\n\n<p>Mittels der&nbsp;Gelelektrophorese&nbsp;lassen sich die geschnittenen DNA-Fragmente auftrennen.<\/p>\n\n\n\n<figure class=\"wp-block-embed-youtube aligncenter wp-block-embed is-type-video is-provider-youtube wp-embed-aspect-16-9 wp-has-aspect-ratio\"><div class=\"wp-block-embed__wrapper\">\n<iframe loading=\"lazy\" title=\"Vaterschaftsnachweis\" width=\"644\" height=\"362\" src=\"https:\/\/www.youtube.com\/embed\/ntDLAnrH274?feature=oembed\" frameborder=\"0\" allow=\"accelerometer; autoplay; clipboard-write; encrypted-media; gyroscope; picture-in-picture; web-share\" referrerpolicy=\"strict-origin-when-cross-origin\" allowfullscreen><\/iframe>\n<\/div><\/figure>\n\n\n\n<p>Aufgrund der Tatsache, dass ein Kind nur 50% der v\u00e4terlichen DNA im Genom hat, ist zu erwarten, das die DNA-Banden zu 50% mit dem v\u00e4terlichen und zu 50% mit dem m\u00fctterlichen Bandenmuster \u00fcbereinstimmen.<\/p>\n\n\n\n<h4 class=\"wp-block-heading\">Auswertung<\/h4>\n\n\n\n<p>Man sollte sich veranschaulichen, warum der Va2 der Vater ist.<\/p>\n","protected":false},"excerpt":{"rendered":"<p>Wer ist der Vater? In malaiischen oder polynesischen Kulturen erbten alle Habseligkeiten eines Familienvaters die Kinder der Schwester. Ein offensichtlich merkw\u00fcrdiges Verhalten eines Vaters. Eine m\u00f6gliche Erkl\u00e4rung ergibt sich aus dem eher offenen Sexualverhalten in den Lebensgemeinschaften. Partnerschaftliche Treue war wohl eher die Ausnahme als die Regel. So konnten sich die M\u00e4nner nie sicher sein,&#8230;<\/p>\n","protected":false},"author":1,"featured_media":0,"parent":1190,"menu_order":10,"comment_status":"closed","ping_status":"closed","template":"","meta":{"footnotes":""},"_links":{"self":[{"href":"https:\/\/bioclips.info\/index.php?rest_route=\/wp\/v2\/pages\/2102"}],"collection":[{"href":"https:\/\/bioclips.info\/index.php?rest_route=\/wp\/v2\/pages"}],"about":[{"href":"https:\/\/bioclips.info\/index.php?rest_route=\/wp\/v2\/types\/page"}],"author":[{"embeddable":true,"href":"https:\/\/bioclips.info\/index.php?rest_route=\/wp\/v2\/users\/1"}],"replies":[{"embeddable":true,"href":"https:\/\/bioclips.info\/index.php?rest_route=%2Fwp%2Fv2%2Fcomments&post=2102"}],"version-history":[{"count":7,"href":"https:\/\/bioclips.info\/index.php?rest_route=\/wp\/v2\/pages\/2102\/revisions"}],"predecessor-version":[{"id":2387,"href":"https:\/\/bioclips.info\/index.php?rest_route=\/wp\/v2\/pages\/2102\/revisions\/2387"}],"up":[{"embeddable":true,"href":"https:\/\/bioclips.info\/index.php?rest_route=\/wp\/v2\/pages\/1190"}],"wp:attachment":[{"href":"https:\/\/bioclips.info\/index.php?rest_route=%2Fwp%2Fv2%2Fmedia&parent=2102"}],"curies":[{"name":"wp","href":"https:\/\/api.w.org\/{rel}","templated":true}]}}