{"id":2034,"date":"2020-06-06T09:22:56","date_gmt":"2020-06-06T07:22:56","guid":{"rendered":"http:\/\/bioclips.info\/?page_id=2034"},"modified":"2021-03-20T11:48:20","modified_gmt":"2021-03-20T10:48:20","slug":"gelelektrophorese","status":"publish","type":"page","link":"https:\/\/bioclips.info\/?page_id=2034","title":{"rendered":"Gelelektrophorese"},"content":{"rendered":"\n<p>Wenn Wissenschaftler DNA-Proben untersuchen m\u00f6chten, die DNA-Fragmente unterschiedlicher L\u00e4nge enthalten, dann verwenden sie die Gelelektrophorese. Mit dieser Metohde lassen sich die Fragmente ihrer Gr\u00f6\u00dfe nach trennen und anschlie\u00dfend durch F\u00e4rbung sichtbar machen. Dabei enstehen Muster, die man nach der entsprechenden Zielsetzung auswerten kann.<\/p>\n\n\n\n<h2 class=\"wp-block-heading\"><img loading=\"lazy\" decoding=\"async\" width=\"25\" height=\"25\" class=\"wp-image-962\" style=\"width: 25px;\" src=\"https:\/\/bioclips.info\/wp-content\/uploads\/2018\/12\/cropped-favicon.jpg\" alt=\"\" srcset=\"https:\/\/bioclips.info\/wp-content\/uploads\/2018\/12\/cropped-favicon.jpg 512w, https:\/\/bioclips.info\/wp-content\/uploads\/2018\/12\/cropped-favicon-150x150.jpg 150w, https:\/\/bioclips.info\/wp-content\/uploads\/2018\/12\/cropped-favicon-300x300.jpg 300w, https:\/\/bioclips.info\/wp-content\/uploads\/2018\/12\/cropped-favicon-270x270.jpg 270w, https:\/\/bioclips.info\/wp-content\/uploads\/2018\/12\/cropped-favicon-192x192.jpg 192w, https:\/\/bioclips.info\/wp-content\/uploads\/2018\/12\/cropped-favicon-180x180.jpg 180w, https:\/\/bioclips.info\/wp-content\/uploads\/2018\/12\/cropped-favicon-32x32.jpg 32w\" sizes=\"(max-width: 25px) 100vw, 25px\" \/> Worum gehts?<\/h2>\n\n\n\n<p>Wie lassen sich mit der Gelelektrophorese Molek\u00fclgemische der Gr\u00f6\u00dfe nach auftrennen und darstellen?<\/p>\n\n\n\n<h2 class=\"wp-block-heading\">Agarosegel<\/h2>\n\n\n\n<div class=\"wp-block-media-text alignwide is-stacked-on-mobile is-vertically-aligned-center\" style=\"grid-template-columns:43% auto\"><figure class=\"wp-block-media-text__media\"><img loading=\"lazy\" decoding=\"async\" width=\"250\" height=\"200\" src=\"https:\/\/bioclips.info\/wp-content\/uploads\/2020\/06\/gel-img.jpg\" alt=\"\" class=\"wp-image-2035 size-full\"\/><\/figure><div class=\"wp-block-media-text__content\">\n<ul><li>Als erstes ben\u00f6tigt man etwas zum Trennen der unterschiedlich gro\u00dfen Molek\u00fcle.<\/li><li>H\u00e4ufig verwendet wird das Polysaccharid Agarose, das aus Meeresalgen gewonnen wird.<\/li><li>Durch Aufkochen von Agarose erh\u00e4lt man ein Agarosegel.<\/li><li>Durch Ausgie\u00dfen und Abk\u00fchlen entsteht ein 6 mm flaches Gel (Konsistenz von G\u00f6tterspeise).<\/li><li>Vor dem Abk\u00fchlen wird an einem Ende ein Kamm eingeschoben, der nach dem Aush\u00e4rten wieder entfernt wird, dadurch entstehen Vertiefungen (<strong>a<\/strong>: Probetaschen), die sich beispielsweise mit DNA-<\/li><\/ul>\n<\/div><\/div>\n\n\n\n<h2 class=\"wp-block-heading\">Ger\u00e4t zur Durchf\u00fchrung der Gelelektrophorese<\/h2>\n\n\n\n<div class=\"wp-block-media-text alignwide is-stacked-on-mobile\" style=\"grid-template-columns:46% auto\"><figure class=\"wp-block-media-text__media\"><img loading=\"lazy\" decoding=\"async\" width=\"250\" height=\"260\" src=\"https:\/\/bioclips.info\/wp-content\/uploads\/2020\/06\/gel-img2.jpg\" alt=\"\" class=\"wp-image-2038 size-full\"\/><\/figure><div class=\"wp-block-media-text__content\">\n<ul><li>Die Abbildung zeigt ein Ger\u00e4t zur Durchf\u00fchrung der Agarose-Gelelektrophorese<ul><li>Rot: Pluspol (Anode)<\/li><li>Schwarz: Minuspol (Katode)<\/li><\/ul><\/li><li>Die Trennung der DNA-Fragmente erfolgt mithilfe eines elektrischen Feldes.<\/li><li>Das Gel befindet sich in einer Kammer mit einer positiven und negativen Elektrode.<\/li><li>Durch Anlegen einer elektrischen Spannung wandern die DNA-Fragmente durch das elektrische Feld.<\/li><li>Da das Phosphatr\u00fcckgrat der DNA negativ geladen ist, wandern die Fragmente zum Pluspol (Anode: rotes Kabel).<\/li><\/ul>\n<\/div><\/div>\n\n\n\n<h2 class=\"wp-block-heading\">Agarosegel nach der Gelelektrophorese<\/h2>\n\n\n\n<div class=\"wp-block-media-text alignwide is-stacked-on-mobile\" style=\"grid-template-columns:35% auto\"><figure class=\"wp-block-media-text__media\"><img loading=\"lazy\" decoding=\"async\" width=\"203\" height=\"347\" src=\"https:\/\/bioclips.info\/wp-content\/uploads\/2020\/06\/gel-img1.jpg\" alt=\"\" class=\"wp-image-2040 size-full\" srcset=\"https:\/\/bioclips.info\/wp-content\/uploads\/2020\/06\/gel-img1.jpg 203w, https:\/\/bioclips.info\/wp-content\/uploads\/2020\/06\/gel-img1-176x300.jpg 176w\" sizes=\"(max-width: 203px) 100vw, 203px\" \/><\/figure><div class=\"wp-block-media-text__content\">\n<ul><li>Die unterschiedlich gro\u00dfen DNA-Fragmente k\u00f6nnen die L\u00fccken im Agarosegel mit unterschiedlicher Geschwindigkeit passieren, so dass es zu Auftrennung kommt.<\/li><li>Kleine Molek\u00fcle bewegen sich schneller, gr\u00f6\u00dfere langsamer durch das Gel.<\/li><li>Anschlie\u00dfend wird das Gel in Ethidiumbromid getaucht, um die Nucleins\u00e4uren im UV-Licht sichtbar zu machen.<\/li><li>DNA-Molek\u00fcle gleicher Gr\u00f6\u00dfe bilden in der Regel eine scharfe Bande (<strong>c<\/strong>).<\/li><li>Die Gr\u00f6\u00dfe der Molek\u00fcle l\u00e4sst sich mit einem mitlaufenden Molek\u00fclmassenstandard (<strong>b:<\/strong>&nbsp;Standard-DNA-Fragmente) absch\u00e4tzen.<\/li><li>Die Bandenmuster stehen einer Analyse zur Verf\u00fcgung.<\/li><\/ul>\n<\/div><\/div>\n\n\n\n<h2 class=\"wp-block-heading\">Simulation der Gelelektrophorese<\/h2>\n\n\n\n<figure class=\"wp-block-embed aligncenter is-type-video is-provider-youtube wp-block-embed-youtube wp-embed-aspect-16-9 wp-has-aspect-ratio\"><div class=\"wp-block-embed__wrapper\">\n<iframe loading=\"lazy\" title=\"Gelelektrophorese\" width=\"644\" height=\"362\" src=\"https:\/\/www.youtube.com\/embed\/wOX9-3SEGlM?feature=oembed\" frameborder=\"0\" allow=\"accelerometer; autoplay; clipboard-write; encrypted-media; gyroscope; picture-in-picture; web-share\" referrerpolicy=\"strict-origin-when-cross-origin\" allowfullscreen><\/iframe>\n<\/div><\/figure>\n\n\n\n<p>Bei den beiden Bandenmustern aus den Probentaschen haben keine gemeinsame, \u00fcbereistimmende Bande.<\/p>\n\n\n\n<p>Bei \u00fcbereinstimmenden Banden k\u00f6nnte man von einer Gemeinsamkeit schlie\u00dfen.<\/p>\n\n\n\n<h2 class=\"wp-block-heading\">Anwendungsgebiete<\/h2>\n\n\n\n<ul><li>Die Gr\u00f6\u00dfe der untersuchten Fragmente bestimmt die Art des Gels, das f\u00fcr die Auftrennung verwendet wird.<\/li><li>Agarosegel wird f\u00fcr sehr gro\u00dfe Fragmente mit einer L\u00e4nge von (DNA-Gr\u00f6\u00dfen: 10 Kilobasen bis 10 Megabasen) verwendet.<\/li><li>Sehr kleine Molek\u00fcle (DNA-Gr\u00f6\u00dfen von 50 \u2013 1000 bp) werden mithilfe von Polyacrylamidgelen getrennt.<\/li><li>Diese Gele trennen beispielsweise DNA-Fragmente, die sich in ihrer L\u00e4nge nur durch ein Basenpaar bzw. Base unterscheiden (Vgl.&nbsp;DNA-Sequenzierung)<\/li><\/ul>\n","protected":false},"excerpt":{"rendered":"<p>Wenn Wissenschaftler DNA-Proben untersuchen m\u00f6chten, die DNA-Fragmente unterschiedlicher L\u00e4nge enthalten, dann verwenden sie die Gelelektrophorese. Mit dieser Metohde lassen sich die Fragmente ihrer Gr\u00f6\u00dfe nach trennen und anschlie\u00dfend durch F\u00e4rbung sichtbar machen. Dabei enstehen Muster, die man nach der entsprechenden Zielsetzung auswerten kann. Worum gehts? Wie lassen sich mit der Gelelektrophorese Molek\u00fclgemische der Gr\u00f6\u00dfe nach&#8230;<\/p>\n","protected":false},"author":1,"featured_media":0,"parent":1190,"menu_order":2,"comment_status":"closed","ping_status":"closed","template":"","meta":{"footnotes":""},"_links":{"self":[{"href":"https:\/\/bioclips.info\/index.php?rest_route=\/wp\/v2\/pages\/2034"}],"collection":[{"href":"https:\/\/bioclips.info\/index.php?rest_route=\/wp\/v2\/pages"}],"about":[{"href":"https:\/\/bioclips.info\/index.php?rest_route=\/wp\/v2\/types\/page"}],"author":[{"embeddable":true,"href":"https:\/\/bioclips.info\/index.php?rest_route=\/wp\/v2\/users\/1"}],"replies":[{"embeddable":true,"href":"https:\/\/bioclips.info\/index.php?rest_route=%2Fwp%2Fv2%2Fcomments&post=2034"}],"version-history":[{"count":6,"href":"https:\/\/bioclips.info\/index.php?rest_route=\/wp\/v2\/pages\/2034\/revisions"}],"predecessor-version":[{"id":2570,"href":"https:\/\/bioclips.info\/index.php?rest_route=\/wp\/v2\/pages\/2034\/revisions\/2570"}],"up":[{"embeddable":true,"href":"https:\/\/bioclips.info\/index.php?rest_route=\/wp\/v2\/pages\/1190"}],"wp:attachment":[{"href":"https:\/\/bioclips.info\/index.php?rest_route=%2Fwp%2Fv2%2Fmedia&parent=2034"}],"curies":[{"name":"wp","href":"https:\/\/api.w.org\/{rel}","templated":true}]}}