{"id":1947,"date":"2020-05-15T09:13:51","date_gmt":"2020-05-15T07:13:51","guid":{"rendered":"http:\/\/bioclips.info\/?page_id=1947"},"modified":"2020-05-19T12:55:52","modified_gmt":"2020-05-19T10:55:52","slug":"klonale-selektion-klon-selektion","status":"publish","type":"page","link":"https:\/\/bioclips.info\/?page_id=1947","title":{"rendered":"Klonale Selektion (Klon-Selektion)"},"content":{"rendered":"\n<p>Millionen unterschiedlicher Antigene k\u00f6nnen in unseren K\u00f6rper eindringen. Daf\u00fcr h\u00e4lt unser Organismus eine entsprechende Anzahl von Antik\u00f6rpertypen bereit, wenn auch nur in geringen Mengen. Gelangt ein Antigen in unseren K\u00f6rper, dann muss der passende Antik\u00f6rper schnellstm\u00f6glich in gro\u00dfen Mengen hergestellt werden. Diese Massenproduktion erfolgt durch speziell ausgew\u00e4hlte B-Lymphozyten, die dann antigenspezifische Antik\u00f6rper produzieren. Es werden somit nur Antik\u00f6rpertypen produziert, die auch wirklich ben\u00f6tigt werden.<\/p>\n\n\n\n<h2 class=\"wp-block-heading\">Worum gehts?<\/h2>\n\n\n\n<p>Wie die Selektion (Auswahl) des passenenden B-Lymphozyten funktioniert, wird hier erl\u00e4utert.<\/p>\n\n\n\n<h2 class=\"wp-block-heading\">Wie f\u00fcr ein Antigen der passende Lymphozyt ausgew\u00e4hlt wird<\/h2>\n\n\n\n<div class=\"wp-block-media-text alignwide is-stacked-on-mobile is-vertically-aligned-top\"><figure class=\"wp-block-media-text__media\"><img loading=\"lazy\" decoding=\"async\" width=\"263\" height=\"262\" src=\"https:\/\/bioclips.info\/wp-content\/uploads\/2020\/05\/imu-b_lympho.jpg\" alt=\"\" class=\"wp-image-1951\" srcset=\"https:\/\/bioclips.info\/wp-content\/uploads\/2020\/05\/imu-b_lympho.jpg 263w, https:\/\/bioclips.info\/wp-content\/uploads\/2020\/05\/imu-b_lympho-150x150.jpg 150w\" sizes=\"(max-width: 263px) 100vw, 263px\" \/><\/figure><div class=\"wp-block-media-text__content\">\n<ul><li>B &#8211; Lymphozyten tragen auf ihrer Zellmembran Rezeptoren, die \u00e4hnlich aufgebaut sind wie Antik\u00f6rper.<\/li><li>F\u00fcr ein Antigen (Virus; rot) existiert ein spezifischer B-Lymphozyt mit passenden Rezeptoren.<\/li><li>Durch diese Wechselwirkung wird auserw\u00e4hlt (selektiert). Er beginnt sich zu teilen, um sich dann in Plasmazellen zu differenzieren, die die passenden Antik\u00f6rper herstellen.<\/li><\/ul>\n<\/div><\/div>\n\n\n\n<figure class=\"wp-block-embed-youtube wp-block-embed is-type-video is-provider-youtube wp-embed-aspect-16-9 wp-has-aspect-ratio\"><div class=\"wp-block-embed__wrapper\">\n<iframe loading=\"lazy\" title=\"Klonale Selektion\" width=\"644\" height=\"362\" src=\"https:\/\/www.youtube.com\/embed\/h6E_r7-5wr0?feature=oembed\" frameborder=\"0\" allow=\"accelerometer; autoplay; clipboard-write; encrypted-media; gyroscope; picture-in-picture; web-share\" referrerpolicy=\"strict-origin-when-cross-origin\" allowfullscreen><\/iframe>\n<\/div><\/figure>\n\n\n\n<ol><li>Aus Vorl\u00e4uferzellen bilden sich B-Lymphozyten mit unterschiedlicher Spezifit\u00e4t (unterschiedliche Farben). Jeder Lymphozyt kann sich nur an ein spezifisches Antigen anlagern.<\/li><li>An den B-Lymphozyt mit einem passenden Rezeptor binden sich die Antigene, dadurch wird er selektiert und aktiviert.<\/li><li>Dieser B-Lymphozyt beginnt sich zu teilen, es entstehen identische Zellen: Klone.<\/li><li>Die Teilung geht ziemlich schnell, deshalb auch der Name Proliferation (schnelle Vermehrung von Zellen).<\/li><li>Aus den Klonen entwickeln sich Plasma- und Ged\u00e4chtniszellen.<\/li><\/ol>\n\n\n\n<p>Die klonale Selektion ist Bestandteil der&nbsp;humoralen Immunantwort&nbsp;und wird hier vor allem durch T-Helferzellen beeinflusst.<\/p>\n\n\n\n<h3 class=\"wp-block-heading\">Plasmazellen<\/h3>\n\n\n\n<ul><li>Plasmazellen produzieren Unmengen von&nbsp;Antik\u00f6rpern, die in den Gewebsfl\u00fcssigkeiten frei beweglich sind.<\/li><\/ul>\n\n\n\n<h3 class=\"wp-block-heading\">Ged\u00e4chniszellen<\/h3>\n\n\n\n<ul><li>Sie enthalten die Information f\u00fcr ein entsprechendes Antigen.<\/li><li>Bei einem Zweitkontakt reagieren sie wesentlich schneller mit der Produktion spezifischer Antik\u00f6rper.<\/li><li>Die Gesamtheit der im Laufe eines Lebens angelegten Ged\u00e4chtniszellen ist mit einer Bibliothek vergleichbar, eine Sammlung von Antigeninformationen mit denen ein Mensch Kontakt hatte, sie ist individuell. Menschen in S\u00fcdamerika verf\u00fcgen \u00fcber eine andere Lymphozyten-Bibliothek wie Menschen in Europa (adaptives Immunged\u00e4chtnis &#8211; adaptive; spezifische Immunabwehr).<\/li><\/ul>\n\n\n\n<h2 class=\"wp-block-heading\"><img loading=\"lazy\" decoding=\"async\" width=\"25\" height=\"25\" class=\"wp-image-1421\" style=\"width: 25px;\" src=\"http:\/\/bioclips.info\/wp-content\/uploads\/2020\/04\/fuesse2.jpg\" alt=\"\" srcset=\"https:\/\/bioclips.info\/wp-content\/uploads\/2020\/04\/fuesse2.jpg 512w, https:\/\/bioclips.info\/wp-content\/uploads\/2020\/04\/fuesse2-300x300.jpg 300w, https:\/\/bioclips.info\/wp-content\/uploads\/2020\/04\/fuesse2-150x150.jpg 150w\" sizes=\"(max-width: 25px) 100vw, 25px\" \/> Auf dem Lernpfad<\/h2>\n\n\n\n<p><a href=\"https:\/\/bioclips.info\/?page_id=1955\">Humorale Immunantwort &#8211; Bildung von Antik\u00f6rpern durch B-Lymphozyten<\/a><\/p>\n","protected":false},"excerpt":{"rendered":"<p>Millionen unterschiedlicher Antigene k\u00f6nnen in unseren K\u00f6rper eindringen. Daf\u00fcr h\u00e4lt unser Organismus eine entsprechende Anzahl von Antik\u00f6rpertypen bereit, wenn auch nur in geringen Mengen. Gelangt ein Antigen in unseren K\u00f6rper, dann muss der passende Antik\u00f6rper schnellstm\u00f6glich in gro\u00dfen Mengen hergestellt werden. Diese Massenproduktion erfolgt durch speziell ausgew\u00e4hlte B-Lymphozyten, die dann antigenspezifische Antik\u00f6rper produzieren. Es werden&#8230;<\/p>\n","protected":false},"author":1,"featured_media":0,"parent":1195,"menu_order":4,"comment_status":"closed","ping_status":"closed","template":"","meta":{"footnotes":""},"_links":{"self":[{"href":"https:\/\/bioclips.info\/index.php?rest_route=\/wp\/v2\/pages\/1947"}],"collection":[{"href":"https:\/\/bioclips.info\/index.php?rest_route=\/wp\/v2\/pages"}],"about":[{"href":"https:\/\/bioclips.info\/index.php?rest_route=\/wp\/v2\/types\/page"}],"author":[{"embeddable":true,"href":"https:\/\/bioclips.info\/index.php?rest_route=\/wp\/v2\/users\/1"}],"replies":[{"embeddable":true,"href":"https:\/\/bioclips.info\/index.php?rest_route=%2Fwp%2Fv2%2Fcomments&post=1947"}],"version-history":[{"count":5,"href":"https:\/\/bioclips.info\/index.php?rest_route=\/wp\/v2\/pages\/1947\/revisions"}],"predecessor-version":[{"id":1992,"href":"https:\/\/bioclips.info\/index.php?rest_route=\/wp\/v2\/pages\/1947\/revisions\/1992"}],"up":[{"embeddable":true,"href":"https:\/\/bioclips.info\/index.php?rest_route=\/wp\/v2\/pages\/1195"}],"wp:attachment":[{"href":"https:\/\/bioclips.info\/index.php?rest_route=%2Fwp%2Fv2%2Fmedia&parent=1947"}],"curies":[{"name":"wp","href":"https:\/\/api.w.org\/{rel}","templated":true}]}}