{"id":1936,"date":"2020-05-15T09:05:45","date_gmt":"2020-05-15T07:05:45","guid":{"rendered":"http:\/\/bioclips.info\/?page_id=1936"},"modified":"2020-05-18T15:44:27","modified_gmt":"2020-05-18T13:44:27","slug":"spezifische-immunantwort-im-ueberblick","status":"publish","type":"page","link":"https:\/\/bioclips.info\/?page_id=1936","title":{"rendered":"Spezifische Immunantwort im \u00dcberblick"},"content":{"rendered":"\n<p>Die spezifische Immunantwort ist ein spezifische Wechselspiel zwischen den Immunzellen, das eine koordinierte Abwehr von Krankheitserregern erm\u00f6glich.<\/p>\n\n\n\n<h2 class=\"wp-block-heading\">Worum gehts?<\/h2>\n\n\n\n<p>Die Seite vermittelt einen \u00dcberblick \u00fcber die Wechselwirkung der Immunzellen w\u00e4hrend der spezifischen Immunabwehr. Es besteht dann die M\u00f6glichkeit, sich die&nbsp;humorale&nbsp;und&nbsp;zellul\u00e4re Immunantwort&nbsp;etwas genauer anzuschauen.<\/p>\n\n\n\n<p>Die an der spezifischen Immunantwort beteiligten Zellen erf\u00fcllen zwei Hauptaufgaben:<\/p>\n\n\n\n<h3 class=\"wp-block-heading\">Zellul\u00e4re Immunreaktion<\/h3>\n\n\n\n<figure class=\"wp-block-embed-youtube aligncenter wp-block-embed is-type-video is-provider-youtube wp-embed-aspect-16-9 wp-has-aspect-ratio\"><div class=\"wp-block-embed__wrapper\">\n<iframe loading=\"lazy\" title=\"Immunreaktion\" width=\"644\" height=\"362\" src=\"https:\/\/www.youtube.com\/embed\/sekQQuq23Fk?feature=oembed\" frameborder=\"0\" allow=\"accelerometer; autoplay; clipboard-write; encrypted-media; gyroscope; picture-in-picture; web-share\" referrerpolicy=\"strict-origin-when-cross-origin\" allowfullscreen><\/iframe>\n<\/div><\/figure>\n\n\n\n<p>Abwehr gegen k\u00f6rpereigene Zellen, die von Pathogenen (Viren) befallen wurden oder gegen k\u00f6rpereigene Krebszellen.<\/p>\n\n\n\n<h3 class=\"wp-block-heading\">Humorale Immunreaktion<\/h3>\n\n\n\n<p>Abwehr gegen k\u00f6rperfremde Partikel, Bakterien oder Viren, die sich in den K\u00f6rperfl\u00fcssigkeiten befinden. Sie werden durch Antik\u00f6rper unsch\u00e4dlich gemacht.<\/p>\n\n\n\n<p>Beide Abwehrmechanismen stehen mitteinander in Wechselwirkung.<\/p>\n\n\n\n<h3 class=\"wp-block-heading\">Erkennungsphase<\/h3>\n\n\n\n<ul><li>Makrophagen&nbsp;nehmen durch Phagocytose die Krankheitserreger auf und bearbeiten die Antigene, die anschlie\u00dfend pr\u00e4sentiert werden.<\/li><li>Entsprechende&nbsp;T-Helferzellen&nbsp;und&nbsp;T-Lymphozyten&nbsp;werden aktiviert.<\/li><li>Die&nbsp;B-Lymphozyten&nbsp;nehmen aktiv Antigene auf oder gehen mit antik\u00f6rper\u00e4hnlichen Membranbestandteilen eine Verbindung mit den Antigenen ein: Die B-Lymphozyten werden aktiviert.<\/li><li>Die&nbsp;T-Helferzelle&nbsp;l\u00f6st durch Botenstoffe (Interferon) die Teilung der&nbsp;T-Killerzellen&nbsp;(T-Lymphozyten) und B-Lymphozyten aus.<\/li><\/ul>\n\n\n\n<h3 class=\"wp-block-heading\">Differenzierungsphase<\/h3>\n\n\n\n<ul><li>Es kommt zu einer vermehrten Teilung der T-Killerzellen. Die B-Lymphozyten teilen sich ebenfalls und entwickeln sich zu Plasmazellen, die Antik\u00f6rper bilden.<\/li><li>Gleichzeitig entstehen&nbsp;Ged\u00e4chtniszellen.<\/li><\/ul>\n\n\n\n<h3 class=\"wp-block-heading\">Wirkungsphase<\/h3>\n\n\n\n<ul><li>Die spezifischen Antik\u00f6rper reagieren mit den Antigenen (Antigen-Antik\u00f6rper-Reaktion oder Agglutination).<\/li><li>Es entstehenden Immunkomplexe, diese werden durch Makrophagen aufgenommen oder durch das Komplementsystem abgebaut.<\/li><li>Befallene K\u00f6rperzellen werden durch T-Killerzellen vernichtet.<\/li><\/ul>\n\n\n\n<h3 class=\"wp-block-heading\">Abschaltphase<\/h3>\n\n\n\n<ul><li>Durch die T-Unterdr\u00fcckerzellen wird die Immunreaktion &#8222;abgeschaltet&#8220;. Alle Antigene sind beseitigt. Antik\u00f6rper werden nicht mehr produziert und werden nach einiger Zeit abgebaut.<\/li><li>Bei erneutem Kontakt mit den Antigenen kommt es aufgrund bereits vorhandener Ged\u00e4chtniszellen zu einer schnellen und vermehrten Produktion von Antik\u00f6rpern (Sekund\u00e4rantwort). Die Immunreaktion ist heftiger und verl\u00e4uft \u00fcber einen l\u00e4ngeren Zeitraum.<\/li><\/ul>\n\n\n\n<h2 class=\"wp-block-heading\"><img loading=\"lazy\" decoding=\"async\" width=\"25\" height=\"25\" class=\"wp-image-1421\" style=\"width: 25px;\" src=\"http:\/\/bioclips.info\/wp-content\/uploads\/2020\/04\/fuesse2.jpg\" alt=\"\" srcset=\"https:\/\/bioclips.info\/wp-content\/uploads\/2020\/04\/fuesse2.jpg 512w, https:\/\/bioclips.info\/wp-content\/uploads\/2020\/04\/fuesse2-300x300.jpg 300w, https:\/\/bioclips.info\/wp-content\/uploads\/2020\/04\/fuesse2-150x150.jpg 150w\" sizes=\"(max-width: 25px) 100vw, 25px\" \/> Auf dem Lernpfad<\/h2>\n\n\n\n<p><a href=\"https:\/\/bioclips.info\/?page_id=1947\">Klonale Selektion<\/a><\/p>\n","protected":false},"excerpt":{"rendered":"<p>Die spezifische Immunantwort ist ein spezifische Wechselspiel zwischen den Immunzellen, das eine koordinierte Abwehr von Krankheitserregern erm\u00f6glich. Worum gehts? Die Seite vermittelt einen \u00dcberblick \u00fcber die Wechselwirkung der Immunzellen w\u00e4hrend der spezifischen Immunabwehr. Es besteht dann die M\u00f6glichkeit, sich die&nbsp;humorale&nbsp;und&nbsp;zellul\u00e4re Immunantwort&nbsp;etwas genauer anzuschauen. Die an der spezifischen Immunantwort beteiligten Zellen erf\u00fcllen zwei Hauptaufgaben: Zellul\u00e4re Immunreaktion&#8230;<\/p>\n","protected":false},"author":1,"featured_media":0,"parent":1195,"menu_order":3,"comment_status":"closed","ping_status":"closed","template":"","meta":{"footnotes":""},"_links":{"self":[{"href":"https:\/\/bioclips.info\/index.php?rest_route=\/wp\/v2\/pages\/1936"}],"collection":[{"href":"https:\/\/bioclips.info\/index.php?rest_route=\/wp\/v2\/pages"}],"about":[{"href":"https:\/\/bioclips.info\/index.php?rest_route=\/wp\/v2\/types\/page"}],"author":[{"embeddable":true,"href":"https:\/\/bioclips.info\/index.php?rest_route=\/wp\/v2\/users\/1"}],"replies":[{"embeddable":true,"href":"https:\/\/bioclips.info\/index.php?rest_route=%2Fwp%2Fv2%2Fcomments&post=1936"}],"version-history":[{"count":5,"href":"https:\/\/bioclips.info\/index.php?rest_route=\/wp\/v2\/pages\/1936\/revisions"}],"predecessor-version":[{"id":1978,"href":"https:\/\/bioclips.info\/index.php?rest_route=\/wp\/v2\/pages\/1936\/revisions\/1978"}],"up":[{"embeddable":true,"href":"https:\/\/bioclips.info\/index.php?rest_route=\/wp\/v2\/pages\/1195"}],"wp:attachment":[{"href":"https:\/\/bioclips.info\/index.php?rest_route=%2Fwp%2Fv2%2Fmedia&parent=1936"}],"curies":[{"name":"wp","href":"https:\/\/api.w.org\/{rel}","templated":true}]}}