{"id":1883,"date":"2020-05-13T18:30:02","date_gmt":"2020-05-13T16:30:02","guid":{"rendered":"http:\/\/bioclips.info\/?page_id=1883"},"modified":"2020-05-14T11:30:15","modified_gmt":"2020-05-14T09:30:15","slug":"synapse-erregungsuebertragung-zwischen-neuronen","status":"publish","type":"page","link":"https:\/\/bioclips.info\/?page_id=1883","title":{"rendered":"Synapse &#8211; Erregungs\u00fcbertragung zwischen Neuronen"},"content":{"rendered":"\n<p>Synapsen sind &#8222;Orte extremer Ann\u00e4herung&#8220; zwischen Nervenzellen, Nerven- und Muskelzellen oder Nerven- und Dr\u00fcsenzelle. Sie dienen der Informations\u00fcbertragung mittels Botenmolek\u00fclen, sogenannten Transmittern. Erfolgt bei einer Synaspe die Erregungs\u00fcbertragung durch Transmitter,  dann handelt es sich um chemische Synapse. Es gibt aber auch Synapsen beiElektrische Synaspen gibt es auch. Hier wird die Erregung direkt &#8222;elektrisch&#8220; \u00fcbertragen. Diese \u00dcbertragung ist aber eher selten.<\/p>\n\n\n\n<h2 class=\"wp-block-heading\"><img loading=\"lazy\" decoding=\"async\" width=\"25\" height=\"25\" class=\"wp-image-961\" style=\"width: 25px;\" src=\"http:\/\/bioclips.info\/wp-content\/uploads\/2018\/12\/favicon.jpg\" alt=\"\" srcset=\"https:\/\/bioclips.info\/wp-content\/uploads\/2018\/12\/favicon.jpg 512w, https:\/\/bioclips.info\/wp-content\/uploads\/2018\/12\/favicon-150x150.jpg 150w, https:\/\/bioclips.info\/wp-content\/uploads\/2018\/12\/favicon-300x300.jpg 300w\" sizes=\"(max-width: 25px) 100vw, 25px\" \/> Worum gehts?<\/h2>\n\n\n\n<p>Beschrieben werden die wesentlichen Bestandteile einer chemischen Synapse sowie die \u00dcbertragung der Erregung zwischen zwei Nervenzellen (Synapse).<\/p>\n\n\n\n<h2 class=\"wp-block-heading\">Aufbau einer Synapse<\/h2>\n\n\n\n<div class=\"wp-block-image\"><figure class=\"aligncenter size-large\"><img loading=\"lazy\" decoding=\"async\" width=\"395\" height=\"343\" src=\"https:\/\/bioclips.info\/wp-content\/uploads\/2020\/05\/neuro-syn.jpg\" alt=\"\" class=\"wp-image-1894\" srcset=\"https:\/\/bioclips.info\/wp-content\/uploads\/2020\/05\/neuro-syn.jpg 395w, https:\/\/bioclips.info\/wp-content\/uploads\/2020\/05\/neuro-syn-300x261.jpg 300w\" sizes=\"(max-width: 395px) 100vw, 395px\" \/><\/figure><\/div>\n\n\n\n<ul><li>Das Synapsenendkn\u00f6pfchen (Pr\u00e4synaptische Membran) und die Dendritenmembran (Postsynaptische Membran) der Folgezelle bilden die Synapse.<\/li><li>Die Zellen gehen keine unmittelbare Verbindung ein, es bleibt ein synaptischer Spalt von ca 20 nm.<\/li><li>Die Verbindungen k\u00f6nnen gel\u00f6st und neu verkn\u00fcpft werden.<\/li><li>\u00dcbertr\u00e4germolek\u00fcle (Transmitter) vermitteln zwischen den Zellen, dadurch erfolgt eine gerichtete Signal\u00fcbertragung.<\/li><li>Enzyme (z.B. Acetylcholinesterase) spalten freigesetzte Transmitter, sie sind in die postsynaptischen Membran integriert oder frei beweglich.<\/li><li>Transmitter gehen keine feste Verbindung mit den Rezeptor ein, sie k\u00f6nnen somit wiederholt Ionenkan\u00e4le \u00f6ffnen.<\/li><\/ul>\n\n\n\n<p><img loading=\"lazy\" decoding=\"async\" width=\"25\" height=\"25\" class=\"wp-image-1409\" style=\"width: 25px;\" src=\"http:\/\/bioclips.info\/wp-content\/uploads\/2020\/04\/birne.jpg\" alt=\"\" srcset=\"https:\/\/bioclips.info\/wp-content\/uploads\/2020\/04\/birne.jpg 512w, https:\/\/bioclips.info\/wp-content\/uploads\/2020\/04\/birne-300x300.jpg 300w, https:\/\/bioclips.info\/wp-content\/uploads\/2020\/04\/birne-150x150.jpg 150w\" sizes=\"(max-width: 25px) 100vw, 25px\" \/> Die menschliche Gro\u00dfhirnrinde enth\u00e4lt ungef\u00e4hr 500 Billiarden synaptische Kontaktpunkte, wobei jede Synapse noch 10 verschiedene Zust\u00e4nde einnehmen kann. Daraus ergeben sich unendliche Kombinationsm\u00f6glichkeiten und damit die M\u00f6glichkeit unbegrenzter Speicherung, die der Anzahl der Atome im Universum entsprechen w\u00fcrde (10<sup>78<\/sup>).<\/p>\n\n\n\n<h2 class=\"wp-block-heading\">Verlauf der Erregungs\u00fcbertragung<\/h2>\n\n\n\n<figure class=\"wp-block-embed-youtube wp-block-embed is-type-video is-provider-youtube wp-embed-aspect-16-9 wp-has-aspect-ratio\"><div class=\"wp-block-embed__wrapper\">\n<iframe loading=\"lazy\" title=\"Synapse\" width=\"644\" height=\"362\" src=\"https:\/\/www.youtube.com\/embed\/0lO9zL7T8WQ?feature=oembed\" frameborder=\"0\" allow=\"accelerometer; autoplay; clipboard-write; encrypted-media; gyroscope; picture-in-picture; web-share\" referrerpolicy=\"strict-origin-when-cross-origin\" allowfullscreen><\/iframe>\n<\/div><\/figure>\n\n\n\n<ol><li>Ein ankommendes Aktionspotential bewirkt einen Kalziumioneneinstrom in das Synapsenendkn\u00f6pfchen.<\/li><li>Die synaptischen Vesikel mit dem Transmitter Acetylcholin verschmelzen mit der Pr\u00e4synaptischen Membran, so dass Acetylcholin in den synaptischen Spalt abgegeben wird.<\/li><li>Acetylcholin diffundiert durch den synaptischen Spalt und bindet ca. 1 ms an den Acetylcholinrezeptoren der postsynaptischen Membran: Die Natrium-Kaliumporen \u00f6ffnen sich.<\/li><li>Es kommt zu einem massiven Natrium-Ionen-Einstrom und geringerem Kalium-Ionen-Ausstrom (wird in der Animation vernachl\u00e4ssigt): An der postsynaptischen Membran entsteht ein Postsynaptische Potential, das am Axonh\u00fcgel, wenn es einen Schwellenwert \u00fcbersteigt, ein Aktionspotential ausl\u00f6st.<\/li><li>Der Transmitter Acetylcholin bindet fortlaufend an das Enzym Acetylcholinesterase und wird dadurch in Acetat (Essigs\u00e4ure) und Cholin gespalten.<\/li><li>Acetat und Cholin werden in das Synapsenendkn\u00f6pfchen aufgenommen und zu Acetylcholin synthetisiert.<\/li><li>Die Kalium-Natrium-Ionenpumpe stellt an der postsynaptischen Membran das Ruhepotential wieder her.<\/li><\/ol>\n\n\n\n<h4 class=\"wp-block-heading\"><img loading=\"lazy\" decoding=\"async\" width=\"25\" height=\"25\" class=\"wp-image-1409\" style=\"width: 25px;\" src=\"http:\/\/bioclips.info\/wp-content\/uploads\/2020\/04\/birne.jpg\" alt=\"\" srcset=\"https:\/\/bioclips.info\/wp-content\/uploads\/2020\/04\/birne.jpg 512w, https:\/\/bioclips.info\/wp-content\/uploads\/2020\/04\/birne-300x300.jpg 300w, https:\/\/bioclips.info\/wp-content\/uploads\/2020\/04\/birne-150x150.jpg 150w\" sizes=\"(max-width: 25px) 100vw, 25px\" \/> Elektrische Signal\u00fcbertragung<\/h4>\n\n\n\n<p>Selten sind Synapsen, bei denen die Erregung elektrisch \u00fcbertragen wird. Riesenfasern beim Regenwurm, im Nervensystem von Krebsen und im R\u00fcckemark bzw. Gehirn vieler Wirbeltiere ist der Kontakt zwischen pr\u00e4- und postsynaptischer Membran so eng, dass eine direkte \u00dcbertragung des Aktionspotentials m\u00f6glich ist. Dabei tritt keine nennenswerte zeitliche Verz\u00f6gerung auf.<\/p>\n\n\n\n<h2 class=\"wp-block-heading\"><img loading=\"lazy\" decoding=\"async\" width=\"25\" height=\"25\" class=\"wp-image-1421\" style=\"width: 25px;\" src=\"http:\/\/bioclips.info\/wp-content\/uploads\/2020\/04\/fuesse2.jpg\" alt=\"\" srcset=\"https:\/\/bioclips.info\/wp-content\/uploads\/2020\/04\/fuesse2.jpg 512w, https:\/\/bioclips.info\/wp-content\/uploads\/2020\/04\/fuesse2-300x300.jpg 300w, https:\/\/bioclips.info\/wp-content\/uploads\/2020\/04\/fuesse2-150x150.jpg 150w\" sizes=\"(max-width: 25px) 100vw, 25px\" \/> Auf dem Lernpfad<\/h2>\n\n\n\n<p>Was schon fertig? Liegt warscheinlich an deinen &#8222;little gray cells&#8220;.<\/p>\n","protected":false},"excerpt":{"rendered":"<p>Synapsen sind &#8222;Orte extremer Ann\u00e4herung&#8220; zwischen Nervenzellen, Nerven- und Muskelzellen oder Nerven- und Dr\u00fcsenzelle. Sie dienen der Informations\u00fcbertragung mittels Botenmolek\u00fclen, sogenannten Transmittern. Erfolgt bei einer Synaspe die Erregungs\u00fcbertragung durch Transmitter, dann handelt es sich um chemische Synapse. Es gibt aber auch Synapsen beiElektrische Synaspen gibt es auch. Hier wird die Erregung direkt &#8222;elektrisch&#8220; \u00fcbertragen. Diese&#8230;<\/p>\n","protected":false},"author":1,"featured_media":0,"parent":1814,"menu_order":6,"comment_status":"closed","ping_status":"closed","template":"","meta":{"footnotes":""},"_links":{"self":[{"href":"https:\/\/bioclips.info\/index.php?rest_route=\/wp\/v2\/pages\/1883"}],"collection":[{"href":"https:\/\/bioclips.info\/index.php?rest_route=\/wp\/v2\/pages"}],"about":[{"href":"https:\/\/bioclips.info\/index.php?rest_route=\/wp\/v2\/types\/page"}],"author":[{"embeddable":true,"href":"https:\/\/bioclips.info\/index.php?rest_route=\/wp\/v2\/users\/1"}],"replies":[{"embeddable":true,"href":"https:\/\/bioclips.info\/index.php?rest_route=%2Fwp%2Fv2%2Fcomments&post=1883"}],"version-history":[{"count":10,"href":"https:\/\/bioclips.info\/index.php?rest_route=\/wp\/v2\/pages\/1883\/revisions"}],"predecessor-version":[{"id":1907,"href":"https:\/\/bioclips.info\/index.php?rest_route=\/wp\/v2\/pages\/1883\/revisions\/1907"}],"up":[{"embeddable":true,"href":"https:\/\/bioclips.info\/index.php?rest_route=\/wp\/v2\/pages\/1814"}],"wp:attachment":[{"href":"https:\/\/bioclips.info\/index.php?rest_route=%2Fwp%2Fv2%2Fmedia&parent=1883"}],"curies":[{"name":"wp","href":"https:\/\/api.w.org\/{rel}","templated":true}]}}