{"id":1876,"date":"2020-05-13T18:25:21","date_gmt":"2020-05-13T16:25:21","guid":{"rendered":"http:\/\/bioclips.info\/?page_id=1876"},"modified":"2020-05-14T15:57:49","modified_gmt":"2020-05-14T13:57:49","slug":"saltatorische-erregungsleitung","status":"publish","type":"page","link":"https:\/\/bioclips.info\/?page_id=1876","title":{"rendered":"Saltatorische Erregungsleitung"},"content":{"rendered":"\n<h2 class=\"wp-block-heading\"><img loading=\"lazy\" decoding=\"async\" width=\"25\" height=\"25\" class=\"wp-image-961\" style=\"width: 25px;\" src=\"http:\/\/bioclips.info\/wp-content\/uploads\/2018\/12\/favicon.jpg\" alt=\"\" srcset=\"https:\/\/bioclips.info\/wp-content\/uploads\/2018\/12\/favicon.jpg 512w, https:\/\/bioclips.info\/wp-content\/uploads\/2018\/12\/favicon-150x150.jpg 150w, https:\/\/bioclips.info\/wp-content\/uploads\/2018\/12\/favicon-300x300.jpg 300w\" sizes=\"(max-width: 25px) 100vw, 25px\" \/> Worum gehts?<\/h2>\n\n\n\n<p>Am marklosen Neriten wandern die Aktionspotentiale fortlaufend Richtung Synapsenendkn\u00f6pfen. Das ist bei markhaltigen Neuriten nicht m\u00f6glich. Wie das trotzdem funktioniert, wird hier erkl\u00e4rt.<\/p>\n\n\n\n<h2 class=\"wp-block-heading\">Ablauf der saltatorischen Erregungsleitung<\/h2>\n\n\n\n<ul><li>Bei der markhaltigen Nervenfaser ist das Axon durch die Markscheide isoliert.<\/li><li>Nur an den RANVIERschen Schn\u00fcrringen (siehe&nbsp;<strong>A<\/strong>&nbsp;und&nbsp;<strong>B<\/strong>) k\u00f6nnen Aktionspotentiale entstehen.<\/li><li>Die Weiterleistung der Erregung erfolgt durch eine gerichtete Ausbreitung der Aktionspotentiale in Richtung Synapsenendkn\u00f6pfchen.<\/li><\/ul>\n\n\n\n<figure class=\"wp-block-embed-youtube aligncenter wp-block-embed is-type-video is-provider-youtube wp-embed-aspect-16-9 wp-has-aspect-ratio\"><div class=\"wp-block-embed__wrapper\">\n<iframe loading=\"lazy\" title=\"Saltatorische Erregungsleitung\" width=\"644\" height=\"362\" src=\"https:\/\/www.youtube.com\/embed\/jYOnuWbyzSU?feature=oembed\" frameborder=\"0\" allow=\"accelerometer; autoplay; clipboard-write; encrypted-media; gyroscope; picture-in-picture; web-share\" referrerpolicy=\"strict-origin-when-cross-origin\" allowfullscreen><\/iframe>\n<\/div><\/figure>\n\n\n\n<ol><li>Im Abschnitt&nbsp;<strong>A<\/strong>&nbsp;wird durch Ionenstr\u00f6me das Ruhepotential (RP) abgeschw\u00e4cht, es kommt zur Ladungsumkehr (AP).<\/li><li>Die Ladungsumkehr l\u00f6st Ionenstr\u00f6me zwischen&nbsp;<strong>A<\/strong>&nbsp;und&nbsp;<strong>B<\/strong>&nbsp;aus (Ionenbewegung durch Ver\u00e4nderung der Konzentration). Die Markscheide verhindert das Entstehen von APs.<\/li><li>Durch die Ioenenbewegung schw\u00e4cht sich das RP im Abschnitt&nbsp;<strong>B<\/strong>&nbsp;ab.<\/li><li>Die spannungsabh\u00e4ngigen Natriumkan\u00e4le reagieren auf diese Ver\u00e4nderung, indem sie sich \u00f6ffnen, es enteht ein Aktionspotential.<\/li><li>Im Abschnitt&nbsp;<strong>A<\/strong>&nbsp;stellt sich wieder das Ruhepotential ein (Refrakt\u00e4rphase).<\/li><li>Das Aktionspotential im Abschnitt&nbsp;<strong>B<\/strong>&nbsp;bewirkt wiederung einen Ionenstrom, der am benachbarten Schn\u00fcrring ein Aktionspotential entstehen l\u00e4sst.<\/li><\/ol>\n\n\n\n<h2 class=\"wp-block-heading\"><img loading=\"lazy\" decoding=\"async\" width=\"25\" height=\"25\" class=\"wp-image-1338\" style=\"width: 25px;\" src=\"http:\/\/bioclips.info\/wp-content\/uploads\/2020\/04\/Punkt.jpg\" alt=\"\" srcset=\"https:\/\/bioclips.info\/wp-content\/uploads\/2020\/04\/Punkt.jpg 512w, https:\/\/bioclips.info\/wp-content\/uploads\/2020\/04\/Punkt-300x300.jpg 300w, https:\/\/bioclips.info\/wp-content\/uploads\/2020\/04\/Punkt-150x150.jpg 150w\" sizes=\"(max-width: 25px) 100vw, 25px\" \/> Punktlandung<\/h2>\n\n\n\n<ul><li>keine kontinuierliche Weiterleitung der Erregung;<\/li><li>die Erregung springt von Schn\u00fcrring zu Schn\u00fcrring:&nbsp;<strong>saltatorische Erregungsleitung<\/strong>&nbsp;oder diskontinuierliche Erregungsleitung;<\/li><li>die Leitungsgeschwindigkeit von bis zu 120 m\/s ist wesentlich h\u00f6her als bei marklosen Neuriten;<\/li><li>die Erregungsleitung ist \u00f6konomischer, denn nur an den Schn\u00fcrrigen muss das Ruhepotential erhalten und wiederhergestellt werden;<\/li><\/ul>\n\n\n\n<h2 class=\"wp-block-heading\"><img loading=\"lazy\" decoding=\"async\" width=\"25\" height=\"25\" class=\"wp-image-1421\" style=\"width: 25px;\" src=\"http:\/\/bioclips.info\/wp-content\/uploads\/2020\/04\/fuesse2.jpg\" alt=\"\" srcset=\"https:\/\/bioclips.info\/wp-content\/uploads\/2020\/04\/fuesse2.jpg 512w, https:\/\/bioclips.info\/wp-content\/uploads\/2020\/04\/fuesse2-300x300.jpg 300w, https:\/\/bioclips.info\/wp-content\/uploads\/2020\/04\/fuesse2-150x150.jpg 150w\" sizes=\"(max-width: 25px) 100vw, 25px\" \/> Auf dem Lernpfad<\/h2>\n\n\n\n<p><a href=\"http:\/\/bioclips.info\/?page_id=1883\">Synapse &#8211; Erregungs\u00fcbertragung zwischen Nervenzellen (Neuronen)<\/a><\/p>\n","protected":false},"excerpt":{"rendered":"<p>Worum gehts? Am marklosen Neriten wandern die Aktionspotentiale fortlaufend Richtung Synapsenendkn\u00f6pfen. Das ist bei markhaltigen Neuriten nicht m\u00f6glich. Wie das trotzdem funktioniert, wird hier erkl\u00e4rt. Ablauf der saltatorischen Erregungsleitung Bei der markhaltigen Nervenfaser ist das Axon durch die Markscheide isoliert. Nur an den RANVIERschen Schn\u00fcrringen (siehe&nbsp;A&nbsp;und&nbsp;B) k\u00f6nnen Aktionspotentiale entstehen. Die Weiterleistung der Erregung erfolgt durch&#8230;<\/p>\n","protected":false},"author":1,"featured_media":0,"parent":0,"menu_order":0,"comment_status":"closed","ping_status":"closed","template":"","meta":{"footnotes":""},"_links":{"self":[{"href":"https:\/\/bioclips.info\/index.php?rest_route=\/wp\/v2\/pages\/1876"}],"collection":[{"href":"https:\/\/bioclips.info\/index.php?rest_route=\/wp\/v2\/pages"}],"about":[{"href":"https:\/\/bioclips.info\/index.php?rest_route=\/wp\/v2\/types\/page"}],"author":[{"embeddable":true,"href":"https:\/\/bioclips.info\/index.php?rest_route=\/wp\/v2\/users\/1"}],"replies":[{"embeddable":true,"href":"https:\/\/bioclips.info\/index.php?rest_route=%2Fwp%2Fv2%2Fcomments&post=1876"}],"version-history":[{"count":6,"href":"https:\/\/bioclips.info\/index.php?rest_route=\/wp\/v2\/pages\/1876\/revisions"}],"predecessor-version":[{"id":1912,"href":"https:\/\/bioclips.info\/index.php?rest_route=\/wp\/v2\/pages\/1876\/revisions\/1912"}],"wp:attachment":[{"href":"https:\/\/bioclips.info\/index.php?rest_route=%2Fwp%2Fv2%2Fmedia&parent=1876"}],"curies":[{"name":"wp","href":"https:\/\/api.w.org\/{rel}","templated":true}]}}