{"id":1850,"date":"2020-05-12T17:48:14","date_gmt":"2020-05-12T15:48:14","guid":{"rendered":"http:\/\/bioclips.info\/?page_id=1850"},"modified":"2020-05-14T12:06:27","modified_gmt":"2020-05-14T10:06:27","slug":"das-aktionspotential-die-erregte-nervenzelle","status":"publish","type":"page","link":"https:\/\/bioclips.info\/?page_id=1850","title":{"rendered":"Das Aktionspotential &#8211; die erregte Nervenzelle"},"content":{"rendered":"\n<h2 class=\"wp-block-heading\">Worum gehts?<\/h2>\n\n\n\n<p>Erl\u00e4utert werden die Vor\u00e4nge, die dazu f\u00fchren, dass ein Abschnitt der Nervenzellmembran von einem unerregten in einen erregten Zustand \u00fcbergeht. Das sogenannte Aktionspotential ist die Voraussetzung f\u00fcr Weiterleitung von Signalen.<\/p>\n\n\n\n<h2 class=\"wp-block-heading\">Aktionspotential<\/h2>\n\n\n\n<ul><li>Das Aktionspotential entsteht durch Ver\u00e4nderungen der Ionenverteilung innherhalb und au\u00dferhalb der Nervenzelle.<\/li><li>In der Axonmembran befinden sich spannungsabh\u00e4ngige Natrium- und Kaliumkan\u00e4le (Poren)<ul><li>Sie ver\u00e4ndern ihre r\u00e4umliche Strukur, wenn sich die Spannung an der Membran \u00e4ndert. Das hei\u00dft, sie \u00f6ffnen sich und werden durchl\u00e4ssig. W\u00e4hrend des Ruhepotentials sind sie geschlossen.<\/li><\/ul><\/li><\/ul>\n\n\n\n<h2 class=\"wp-block-heading\">Aktionspotential (AP) &#8211; Verlauf<\/h2>\n\n\n\n<figure class=\"wp-block-embed-youtube aligncenter wp-block-embed is-type-video is-provider-youtube wp-embed-aspect-16-9 wp-has-aspect-ratio\"><div class=\"wp-block-embed__wrapper\">\n<iframe loading=\"lazy\" title=\"Aktionspotential\" width=\"644\" height=\"362\" src=\"https:\/\/www.youtube.com\/embed\/xTQxQAIvWBE?feature=oembed\" frameborder=\"0\" allow=\"accelerometer; autoplay; clipboard-write; encrypted-media; gyroscope; picture-in-picture; web-share\" referrerpolicy=\"strict-origin-when-cross-origin\" allowfullscreen><\/iframe>\n<\/div><\/figure>\n\n\n\n<h3 class=\"wp-block-heading\">Depolarisation<\/h3>\n\n\n\n<p>Auf eine Abschw\u00e4chung des RP\u00b4s reagieren die Natriumporen durch eine Ver\u00e4nderung ihrer r\u00e4umlichen Struktur, sie \u00f6ffen sich und es diffundieren explosionsartig Natriumionen in das Zellinnere, es kommt zur Ladungsumkehr an der Membran: Natriumpotential von ca. +30 mV. Die K\u00e4n\u00e4le schlie\u00dfen sich nach 1 ms. Die Natriumkan\u00e4le bleiben bis zur Wiederherstellung des RP\u00b4s inaktiv.<\/p>\n\n\n\n<h3 class=\"wp-block-heading\">Repolarisation<\/h3>\n\n\n\n<p>Jetzt \u00f6ffnen sich die spannungsabh\u00e4ngigen Kaliumkan\u00e4le. Kaliumionen str\u00f6men in den Zellzwischenraum und kehren die Polarit\u00e4t wieder um.<\/p>\n\n\n\n<h3 class=\"wp-block-heading\">Hyperpolarisation<\/h3>\n\n\n\n<p>Der Kaliumausstrom kann so intensiv sein, dass das RP unterschritten wird.<\/p>\n\n\n\n<h3 class=\"wp-block-heading\">Refrakt\u00e4rphase<\/h3>\n\n\n\n<p>Nach der Hyperpolarisation wird durch die Natrium &#8211; Kalium &#8211; Pumpen die Ladungsverteilung des RP\u00b4s wieder hergestellt. Vom Beginn des AP\u00b4s bis zu diesem Zeitpunkt kann hier kein AP enstehen: Inaktivit\u00e4t der Kan\u00e4le.<\/p>\n\n\n\n<h4 class=\"wp-block-heading\">Was bedeuten die einzelnen Phasen der Ableitung?<\/h4>\n\n\n\n<div class=\"wp-block-media-text alignwide is-stacked-on-mobile\"><figure class=\"wp-block-media-text__media\"><img loading=\"lazy\" decoding=\"async\" width=\"244\" height=\"245\" src=\"https:\/\/bioclips.info\/wp-content\/uploads\/2020\/05\/neuro-aktion.jpg\" alt=\"\" class=\"wp-image-1857\" srcset=\"https:\/\/bioclips.info\/wp-content\/uploads\/2020\/05\/neuro-aktion.jpg 244w, https:\/\/bioclips.info\/wp-content\/uploads\/2020\/05\/neuro-aktion-150x150.jpg 150w\" sizes=\"(max-width: 244px) 100vw, 244px\" \/><\/figure><div class=\"wp-block-media-text__content\">\n<ol type=\"a\"><li>Natrium &#8211; Einstrom<\/li><li>Kalium &#8211; Ausstrom<\/li><li>Hyperpolarisation<\/li><li>Wiederherstellung des Ruhepotential<\/li><\/ol>\n<\/div><\/div>\n\n\n\n<h2 class=\"wp-block-heading\"><img loading=\"lazy\" decoding=\"async\" width=\"25\" height=\"25\" class=\"wp-image-1338\" style=\"width: 25px;\" src=\"http:\/\/bioclips.info\/wp-content\/uploads\/2020\/04\/Punkt.jpg\" alt=\"\" srcset=\"https:\/\/bioclips.info\/wp-content\/uploads\/2020\/04\/Punkt.jpg 512w, https:\/\/bioclips.info\/wp-content\/uploads\/2020\/04\/Punkt-300x300.jpg 300w, https:\/\/bioclips.info\/wp-content\/uploads\/2020\/04\/Punkt-150x150.jpg 150w\" sizes=\"(max-width: 25px) 100vw, 25px\" \/> Punktlandung<\/h2>\n\n\n\n<ul><li>Ladungsumkehr an der Axonmembran (Depolarisation) in einem begrenzten Abschnitt<\/li><li>wird durch eine Abschw\u00e4chung des Ruhepotentials (ca -40 mV) ausgel\u00f6st<ul><li>erfolgt durch benachbarte Aktionspotentiale (kann im Experiment durch elektrische Impulse oder mechanische Reize ausgel\u00f6st werden)<\/li><\/ul><\/li><li>Dauer der Ladungsumkehr: etwa 1 ms<\/li><li>Spannung: ca +30 mV<\/li><li>dient der Informationsweiterleitung entlang des Axons<\/li><\/ul>\n\n\n\n<h2 class=\"wp-block-heading\"><img loading=\"lazy\" decoding=\"async\" width=\"25\" height=\"25\" class=\"wp-image-1421\" style=\"width: 25px;\" src=\"http:\/\/bioclips.info\/wp-content\/uploads\/2020\/04\/fuesse2.jpg\" alt=\"\" srcset=\"https:\/\/bioclips.info\/wp-content\/uploads\/2020\/04\/fuesse2.jpg 512w, https:\/\/bioclips.info\/wp-content\/uploads\/2020\/04\/fuesse2-300x300.jpg 300w, https:\/\/bioclips.info\/wp-content\/uploads\/2020\/04\/fuesse2-150x150.jpg 150w\" sizes=\"(max-width: 25px) 100vw, 25px\" \/> Auf dem Lernpfad<\/h2>\n\n\n\n<p><a href=\"https:\/\/bioclips.info\/?page_id=1865\">Kontinuierliche Erregungsleitung<\/a><\/p>\n","protected":false},"excerpt":{"rendered":"<p>Worum gehts? Erl\u00e4utert werden die Vor\u00e4nge, die dazu f\u00fchren, dass ein Abschnitt der Nervenzellmembran von einem unerregten in einen erregten Zustand \u00fcbergeht. Das sogenannte Aktionspotential ist die Voraussetzung f\u00fcr Weiterleitung von Signalen. Aktionspotential Das Aktionspotential entsteht durch Ver\u00e4nderungen der Ionenverteilung innherhalb und au\u00dferhalb der Nervenzelle. In der Axonmembran befinden sich spannungsabh\u00e4ngige Natrium- und Kaliumkan\u00e4le (Poren)&#8230;<\/p>\n","protected":false},"author":1,"featured_media":0,"parent":1814,"menu_order":3,"comment_status":"closed","ping_status":"closed","template":"","meta":{"footnotes":""},"_links":{"self":[{"href":"https:\/\/bioclips.info\/index.php?rest_route=\/wp\/v2\/pages\/1850"}],"collection":[{"href":"https:\/\/bioclips.info\/index.php?rest_route=\/wp\/v2\/pages"}],"about":[{"href":"https:\/\/bioclips.info\/index.php?rest_route=\/wp\/v2\/types\/page"}],"author":[{"embeddable":true,"href":"https:\/\/bioclips.info\/index.php?rest_route=\/wp\/v2\/users\/1"}],"replies":[{"embeddable":true,"href":"https:\/\/bioclips.info\/index.php?rest_route=%2Fwp%2Fv2%2Fcomments&post=1850"}],"version-history":[{"count":7,"href":"https:\/\/bioclips.info\/index.php?rest_route=\/wp\/v2\/pages\/1850\/revisions"}],"predecessor-version":[{"id":1908,"href":"https:\/\/bioclips.info\/index.php?rest_route=\/wp\/v2\/pages\/1850\/revisions\/1908"}],"up":[{"embeddable":true,"href":"https:\/\/bioclips.info\/index.php?rest_route=\/wp\/v2\/pages\/1814"}],"wp:attachment":[{"href":"https:\/\/bioclips.info\/index.php?rest_route=%2Fwp%2Fv2%2Fmedia&parent=1850"}],"curies":[{"name":"wp","href":"https:\/\/api.w.org\/{rel}","templated":true}]}}