{"id":1838,"date":"2020-05-12T15:24:19","date_gmt":"2020-05-12T13:24:19","guid":{"rendered":"http:\/\/bioclips.info\/?page_id=1838"},"modified":"2020-05-13T18:07:13","modified_gmt":"2020-05-13T16:07:13","slug":"das-ruhepotential-die-unerregte-nervenzelle","status":"publish","type":"page","link":"https:\/\/bioclips.info\/?page_id=1838","title":{"rendered":"Das Ruhepotential &#8211; die unerregte Nervenzelle"},"content":{"rendered":"\n<h2 class=\"wp-block-heading\">Worum gehts?<\/h2>\n\n\n\n<p>Erl\u00e4utert werden die Verh\u00e4ltnisse an einer Nervenzellmembran im Ruhezustand.<\/p>\n\n\n\n<h2 class=\"wp-block-heading\">Was kennzeichnet das Ruhepotential?<\/h2>\n\n\n\n<ul><li>Das Ruhepotential ist gekennzeichnet durch eine spezifische Verteilung von Ionen an der Nervenzellmembran.<ul><li>Die ungleiche Verteilung resultiert aus einer spezifischen Membraneigenschaft, sie ist selektiv permeabel.<\/li><li>Au\u00dferhalb der Nervenzelle findet man haupts\u00e4chlich Natrium- und Chloridionen sowie einen geringen Anteil von Kaliumionen.<\/li><li>Innerhalb der Zelle, im Zellplasma, befinden sich Kaliumionen und organische Anionen (Proteine) sowie geringe Mengen von Natriumionen.<\/li><\/ul><\/li><li>Au\u00dferhalb der Nervenzelle ist die Konzentration von positiven Ladungstr\u00e4gern gr\u00f6\u00dfer als innerhalb der Zelle. Die Membran ist deshalb au\u00dfen positiv und innen negativ geladen.<\/li><li>Es kann eine Spannung von -60 bis -110 mV anliegen.<\/li><\/ul>\n\n\n\n<h2 class=\"wp-block-heading\">Membranaufbau und Ionenverteilung<\/h2>\n\n\n\n<ul><li>In die Membran des Axons sind Natrium- und Kaliumporen eingelagert.<\/li><li>Das Ionenkonzentrationsgef\u00e4lle treibt die Ionen durch die Membran. Hier spricht man vom sogenannten Konzentrationsgradienten (Diffusionspotential).<\/li><li>Die Membran ist f\u00fcr die entsprechenden Ionen unterschiedlich durchl\u00e4ssig.<ul><li>Bestimmte Kaliumporen k\u00f6nnen Kaliumionen teilweise durchlassen. Durch diese &#8222;Sickerkan\u00e4le&#8220; gelangen die Ionen bis zu 20 mal schneller in den Zellzwischenraum als die Natriumionen.<\/li><li>Auch f\u00fcr die Natriumionen ist die Membran im Ruhezustand durchl\u00e4ssig, aber eben nicht in dem Umfang wie f\u00fcr die Kaliumionen.<\/li><li>Die Durchl\u00e4ssigkeit der Membran f\u00fcr Chloridionen kann hier vernachl\u00e4ssigt werden, da dies f\u00fcr das Gesamtverst\u00e4ndnis nicht notwendig ist.<\/li><\/ul><ul><li>F\u00fcr die Proteinanionen ist die Membran nicht durchl\u00e4ssig.<\/li><\/ul><\/li><\/ul>\n\n\n\n<h2 class=\"wp-block-heading\">Wie das Ruhepotential (RP) entsteht<\/h2>\n\n\n\n<figure class=\"wp-block-embed-youtube aligncenter wp-block-embed is-type-video is-provider-youtube wp-embed-aspect-16-9 wp-has-aspect-ratio\"><div class=\"wp-block-embed__wrapper\">\n<iframe loading=\"lazy\" title=\"Ruhepotential der Nervenzelle\" width=\"644\" height=\"362\" src=\"https:\/\/www.youtube.com\/embed\/H324hD9ReVs?feature=oembed\" frameborder=\"0\" allow=\"accelerometer; autoplay; clipboard-write; encrypted-media; gyroscope; picture-in-picture; web-share\" referrerpolicy=\"strict-origin-when-cross-origin\" allowfullscreen><\/iframe>\n<\/div><\/figure>\n\n\n\n<ul><li>Der Kaliumionengradient treibt die Kaliumionen durch die Sickerkan\u00e4le.<\/li><li>Die Proteinanionen verbleiben im Zellinneren.<\/li><li>Dadurch entsteht ein elektrischer Gradient (Anziehungskr\u00e4fte zwischen negativen und positiven Ladungstr\u00e4gern), der dem Kaliumausstrom entgegen wirkt.<\/li><li>Ab einer bestimmten Konzentration ausgestr\u00f6mter Kaliumionen gleichen sich Konzentrations- und elektrischer Gradient aus. Es liegt ein elektrochemisches Gleichgewicht vor: das Ruhepotential.<\/li><li>Durch das Eindringen von Natriumionen werden Anionen neutralisiert, so dass weitere Kaliumionen durch die Membran diffundieren.<\/li><li>Dies w\u00fcrde langfristig zu einer Aufhebung der Ionenverteilung f\u00fchren. Dem wirkt die Kalium &#8211; Natrium &#8211; Pumpe entgegen.<\/li><\/ul>\n\n\n\n<h4 class=\"wp-block-heading\">Die Natrium &#8211; Kalium &#8211; Pumpe<\/h4>\n\n\n\n<ul><li>Transportprotein in der Zellmembran<\/li><li>kommt in fast allen tierschen Zellmembranen vor<\/li><li>transportiert aktiv Kalium- und Natriumionen gegen ihr Konzentrationsgef\u00e4lle<\/li><li>daf\u00fcr wird Energie in Form von ATP verbraucht<\/li><\/ul>\n\n\n\n<h2 class=\"wp-block-heading\"><img loading=\"lazy\" decoding=\"async\" width=\"25\" height=\"25\" class=\"wp-image-1421\" style=\"width: 25px;\" src=\"http:\/\/bioclips.info\/wp-content\/uploads\/2020\/04\/fuesse2.jpg\" alt=\"\" srcset=\"https:\/\/bioclips.info\/wp-content\/uploads\/2020\/04\/fuesse2.jpg 512w, https:\/\/bioclips.info\/wp-content\/uploads\/2020\/04\/fuesse2-300x300.jpg 300w, https:\/\/bioclips.info\/wp-content\/uploads\/2020\/04\/fuesse2-150x150.jpg 150w\" sizes=\"(max-width: 25px) 100vw, 25px\" \/> Auf dem Lernpfad<\/h2>\n\n\n\n<p><a href=\"http:\/\/bioclips.info\/?page_id=1850\">Das Aktionspotential<\/a><\/p>\n","protected":false},"excerpt":{"rendered":"<p>Worum gehts? Erl\u00e4utert werden die Verh\u00e4ltnisse an einer Nervenzellmembran im Ruhezustand. Was kennzeichnet das Ruhepotential? Das Ruhepotential ist gekennzeichnet durch eine spezifische Verteilung von Ionen an der Nervenzellmembran. Die ungleiche Verteilung resultiert aus einer spezifischen Membraneigenschaft, sie ist selektiv permeabel. Au\u00dferhalb der Nervenzelle findet man haupts\u00e4chlich Natrium- und Chloridionen sowie einen geringen Anteil von Kaliumionen&#8230;.<\/p>\n","protected":false},"author":1,"featured_media":0,"parent":1814,"menu_order":2,"comment_status":"closed","ping_status":"closed","template":"","meta":{"footnotes":""},"_links":{"self":[{"href":"https:\/\/bioclips.info\/index.php?rest_route=\/wp\/v2\/pages\/1838"}],"collection":[{"href":"https:\/\/bioclips.info\/index.php?rest_route=\/wp\/v2\/pages"}],"about":[{"href":"https:\/\/bioclips.info\/index.php?rest_route=\/wp\/v2\/types\/page"}],"author":[{"embeddable":true,"href":"https:\/\/bioclips.info\/index.php?rest_route=\/wp\/v2\/users\/1"}],"replies":[{"embeddable":true,"href":"https:\/\/bioclips.info\/index.php?rest_route=%2Fwp%2Fv2%2Fcomments&post=1838"}],"version-history":[{"count":6,"href":"https:\/\/bioclips.info\/index.php?rest_route=\/wp\/v2\/pages\/1838\/revisions"}],"predecessor-version":[{"id":1868,"href":"https:\/\/bioclips.info\/index.php?rest_route=\/wp\/v2\/pages\/1838\/revisions\/1868"}],"up":[{"embeddable":true,"href":"https:\/\/bioclips.info\/index.php?rest_route=\/wp\/v2\/pages\/1814"}],"wp:attachment":[{"href":"https:\/\/bioclips.info\/index.php?rest_route=%2Fwp%2Fv2%2Fmedia&parent=1838"}],"curies":[{"name":"wp","href":"https:\/\/api.w.org\/{rel}","templated":true}]}}