{"id":1622,"date":"2020-04-30T10:12:00","date_gmt":"2020-04-30T08:12:00","guid":{"rendered":"http:\/\/bioclips.info\/?page_id=1622"},"modified":"2020-05-11T13:30:44","modified_gmt":"2020-05-11T11:30:44","slug":"passiver-stofftransport-durch-biomembranen","status":"publish","type":"page","link":"https:\/\/bioclips.info\/?page_id=1622","title":{"rendered":"Passiver Stofftransport durch Biomembranen"},"content":{"rendered":"\n<h2 class=\"wp-block-heading\"><img loading=\"lazy\" decoding=\"async\" width=\"25\" height=\"25\" class=\"wp-image-961\" style=\"width: 25px;\" src=\"http:\/\/bioclips.info\/wp-content\/uploads\/2018\/12\/favicon.jpg\" alt=\"\" srcset=\"https:\/\/bioclips.info\/wp-content\/uploads\/2018\/12\/favicon.jpg 512w, https:\/\/bioclips.info\/wp-content\/uploads\/2018\/12\/favicon-150x150.jpg 150w, https:\/\/bioclips.info\/wp-content\/uploads\/2018\/12\/favicon-300x300.jpg 300w\" sizes=\"(max-width: 25px) 100vw, 25px\" \/> Worum gehts?<\/h2>\n\n\n\n<p>Was geschieht, wenn man Zellen in unterschiedlich konzentrierte L\u00f6sungen gibt? Die Vorg\u00e4nge der Plasmolyse und Deplasmolyse werden hier kurz vorgestellt.<\/p>\n\n\n\n<h2 class=\"wp-block-heading\">Plasmolyse<\/h2>\n\n\n\n<figure class=\"wp-block-embed-youtube wp-block-embed is-type-video is-provider-youtube wp-embed-aspect-16-9 wp-has-aspect-ratio\"><div class=\"wp-block-embed__wrapper\">\n<iframe loading=\"lazy\" title=\"Plasmolyse\" width=\"644\" height=\"362\" src=\"https:\/\/www.youtube.com\/embed\/RPkhj9UK2A4?feature=oembed\" frameborder=\"0\" allow=\"accelerometer; autoplay; clipboard-write; encrypted-media; gyroscope; picture-in-picture; web-share\" referrerpolicy=\"strict-origin-when-cross-origin\" allowfullscreen><\/iframe>\n<\/div><\/figure>\n\n\n\n<ol><li>Die Zelle befindet sich in einer h\u00f6her konzentrierten L\u00f6sung (hypertonische L\u00f6sung: konzentrierte Salz- oder Zuckerl\u00f6sung). Au\u00dferhalb der Zelle ist somit die Wasserkonzentration geringer als in der Zelle: &#8222;Das Salz verd\u00fcnnt das Wasser.&#8220;<\/li><li>Es kommt bis zum Konzentrationsausgleich zum Wasserausstrom.<\/li><li>Plasmolyse: Bei Pflanzenzellen in hypertonischer L\u00f6sung tritt Wasser aus, die Zellmembran l\u00f6st sich von der Zellwand. Dieser Vorgang ist umkehrbar.<\/li><\/ol>\n\n\n\n<h2 class=\"wp-block-heading\">Deplasmolyse<\/h2>\n\n\n\n<figure class=\"wp-block-embed-youtube wp-block-embed is-type-video is-provider-youtube wp-embed-aspect-16-9 wp-has-aspect-ratio\"><div class=\"wp-block-embed__wrapper\">\n<iframe loading=\"lazy\" title=\"Plasmolyse - Deplasmolyse\" width=\"644\" height=\"362\" src=\"https:\/\/www.youtube.com\/embed\/x3pqPQtGB4k?feature=oembed\" frameborder=\"0\" allow=\"accelerometer; autoplay; clipboard-write; encrypted-media; gyroscope; picture-in-picture; web-share\" referrerpolicy=\"strict-origin-when-cross-origin\" allowfullscreen><\/iframe>\n<\/div><\/figure>\n\n\n\n<ol><li>Die Zelle befindet sich in einer geringer konzentrierten L\u00f6sung (hypotonische L\u00f6sung). Au\u00dferhalb der Zelle ist die Wasserkonzentration gr\u00f6\u00dfer als in der Zelle.<\/li><li>Wasser str\u00f6mt in die Zelle ein. Es kommt zur sogenannten Deplasmolyse. Der zunehmende Zellinnendruck (Turgor) d\u00fcckt in Pflanzenzellen die Zellmembran an die Zellwand. Der entgegengesetzte Zellwanddruck kompensiert den Zellinnendruck und bringt somit den Wassereinstrom zum Stillstand: Die Zelle ist voll turgeszent.<\/li><\/ol>\n\n\n\n<h2 class=\"wp-block-heading\"><img loading=\"lazy\" decoding=\"async\" width=\"25\" height=\"25\" class=\"wp-image-1421\" style=\"width: 25px;\" src=\"http:\/\/bioclips.info\/wp-content\/uploads\/2020\/04\/fuesse2.jpg\" alt=\"\" srcset=\"https:\/\/bioclips.info\/wp-content\/uploads\/2020\/04\/fuesse2.jpg 512w, https:\/\/bioclips.info\/wp-content\/uploads\/2020\/04\/fuesse2-300x300.jpg 300w, https:\/\/bioclips.info\/wp-content\/uploads\/2020\/04\/fuesse2-150x150.jpg 150w\" sizes=\"(max-width: 25px) 100vw, 25px\" \/> <object width=\"550\" height=\"400\">Auf dem Lernpfad<\/object><\/h2>\n\n\n\n<p><a href=\"http:\/\/bioclips.info\/?page_id=1626\">Aktiver Stofftransport<\/a><\/p>\n","protected":false},"excerpt":{"rendered":"<p>Worum gehts? Was geschieht, wenn man Zellen in unterschiedlich konzentrierte L\u00f6sungen gibt? Die Vorg\u00e4nge der Plasmolyse und Deplasmolyse werden hier kurz vorgestellt. Plasmolyse Die Zelle befindet sich in einer h\u00f6her konzentrierten L\u00f6sung (hypertonische L\u00f6sung: konzentrierte Salz- oder Zuckerl\u00f6sung). Au\u00dferhalb der Zelle ist somit die Wasserkonzentration geringer als in der Zelle: &#8222;Das Salz verd\u00fcnnt das Wasser.&#8220;&#8230;<\/p>\n","protected":false},"author":1,"featured_media":0,"parent":1614,"menu_order":2,"comment_status":"closed","ping_status":"closed","template":"","meta":{"footnotes":""},"_links":{"self":[{"href":"https:\/\/bioclips.info\/index.php?rest_route=\/wp\/v2\/pages\/1622"}],"collection":[{"href":"https:\/\/bioclips.info\/index.php?rest_route=\/wp\/v2\/pages"}],"about":[{"href":"https:\/\/bioclips.info\/index.php?rest_route=\/wp\/v2\/types\/page"}],"author":[{"embeddable":true,"href":"https:\/\/bioclips.info\/index.php?rest_route=\/wp\/v2\/users\/1"}],"replies":[{"embeddable":true,"href":"https:\/\/bioclips.info\/index.php?rest_route=%2Fwp%2Fv2%2Fcomments&post=1622"}],"version-history":[{"count":7,"href":"https:\/\/bioclips.info\/index.php?rest_route=\/wp\/v2\/pages\/1622\/revisions"}],"predecessor-version":[{"id":1802,"href":"https:\/\/bioclips.info\/index.php?rest_route=\/wp\/v2\/pages\/1622\/revisions\/1802"}],"up":[{"embeddable":true,"href":"https:\/\/bioclips.info\/index.php?rest_route=\/wp\/v2\/pages\/1614"}],"wp:attachment":[{"href":"https:\/\/bioclips.info\/index.php?rest_route=%2Fwp%2Fv2%2Fmedia&parent=1622"}],"curies":[{"name":"wp","href":"https:\/\/api.w.org\/{rel}","templated":true}]}}