{"id":1614,"date":"2020-04-30T10:05:56","date_gmt":"2020-04-30T08:05:56","guid":{"rendered":"http:\/\/bioclips.info\/?page_id=1614"},"modified":"2020-05-05T16:59:55","modified_gmt":"2020-05-05T14:59:55","slug":"die-biomembran","status":"publish","type":"page","link":"https:\/\/bioclips.info\/?page_id=1614","title":{"rendered":"Die Biomembran"},"content":{"rendered":"\n<h2 class=\"wp-block-heading\"><img loading=\"lazy\" decoding=\"async\" width=\"25\" height=\"25\" class=\"wp-image-961\" style=\"width: 25px;\" src=\"http:\/\/bioclips.info\/wp-content\/uploads\/2018\/12\/favicon.jpg\" alt=\"\" srcset=\"https:\/\/bioclips.info\/wp-content\/uploads\/2018\/12\/favicon.jpg 512w, https:\/\/bioclips.info\/wp-content\/uploads\/2018\/12\/favicon-150x150.jpg 150w, https:\/\/bioclips.info\/wp-content\/uploads\/2018\/12\/favicon-300x300.jpg 300w\" sizes=\"(max-width: 25px) 100vw, 25px\" \/> Worum gehts?<\/h2>\n\n\n\n<p>Aufbau und Bedeutung von Biomembranen.<\/p>\n\n\n\n<h2 class=\"wp-block-heading\">Die Biomembran<\/h2>\n\n\n\n<p>Die Biomembran besteht aus einer Doppellipidschicht, die durch Phospholipide (z.B. Lecithin) gebildet wird. Die Phospholipide haben einen hydrophilen und hydrophoben Anteil.<\/p>\n\n\n\n<div class=\"wp-block-image\"><figure class=\"aligncenter size-large\"><img loading=\"lazy\" decoding=\"async\" width=\"600\" height=\"338\" src=\"https:\/\/bioclips.info\/wp-content\/uploads\/2020\/05\/trans-mem.jpg\" alt=\"\" class=\"wp-image-1784\" srcset=\"https:\/\/bioclips.info\/wp-content\/uploads\/2020\/05\/trans-mem.jpg 600w, https:\/\/bioclips.info\/wp-content\/uploads\/2020\/05\/trans-mem-300x169.jpg 300w\" sizes=\"(max-width: 600px) 100vw, 600px\" \/><\/figure><\/div>\n\n\n\n<ol><li>integrales Protein<\/li><li>Glykolipid: Kohlenhydratseitenkette in Verbindung mit einem Phospholipid<\/li><li>Tunnelprotein: integrales Protein<\/li><li>peripheres Glykoprotein: Kohlenhydratseitenkette in Verbindung mit einem peripheren Protein<\/li><\/ol>\n\n\n\n<p>Die Kohlenhydratseitenketten bilden die Glykokalyx bei tierischen Zelle.<object width=\"450\" height=\"250\"><\/object><\/p>\n\n\n\n<h2 class=\"wp-block-heading\">Bedeutung von Biomembranen<\/h2>\n\n\n\n<ul><li>Abtrennen von Reaktionsr\u00e4umen (Kompartimentierung der Zelle), chemische Reaktionen k\u00f6nnen ungest\u00f6rt nebeneinander ablaufen.<\/li><li>Stofftransport, strukturelle Grundlage f\u00fcr verschiedene Stofftransportmechanismen, die selektiv ablaufen, sie k\u00f6nnen energieverbrauchend sein<\/li><li>Glykokalyx: Zellerkennung und Informationsaustausch zwischen Zellen<\/li><\/ul>\n\n\n\n<h2 class=\"wp-block-heading\"><img loading=\"lazy\" decoding=\"async\" width=\"25\" height=\"25\" class=\"wp-image-1421\" style=\"width: 25px;\" src=\"http:\/\/bioclips.info\/wp-content\/uploads\/2020\/04\/fuesse2.jpg\" alt=\"\" srcset=\"https:\/\/bioclips.info\/wp-content\/uploads\/2020\/04\/fuesse2.jpg 512w, https:\/\/bioclips.info\/wp-content\/uploads\/2020\/04\/fuesse2-300x300.jpg 300w, https:\/\/bioclips.info\/wp-content\/uploads\/2020\/04\/fuesse2-150x150.jpg 150w\" sizes=\"(max-width: 25px) 100vw, 25px\" \/> Auf dem Lernpfad<\/h2>\n\n\n\n<p><a href=\"http:\/\/bioclips.info\/?page_id=1618\">Physikalische Grundlagen des Stofftransports<\/a><\/p>\n","protected":false},"excerpt":{"rendered":"<p>Worum gehts? Aufbau und Bedeutung von Biomembranen. Die Biomembran Die Biomembran besteht aus einer Doppellipidschicht, die durch Phospholipide (z.B. Lecithin) gebildet wird. Die Phospholipide haben einen hydrophilen und hydrophoben Anteil. integrales Protein Glykolipid: Kohlenhydratseitenkette in Verbindung mit einem Phospholipid Tunnelprotein: integrales Protein peripheres Glykoprotein: Kohlenhydratseitenkette in Verbindung mit einem peripheren Protein Die Kohlenhydratseitenketten bilden die&#8230;<\/p>\n","protected":false},"author":1,"featured_media":0,"parent":0,"menu_order":0,"comment_status":"closed","ping_status":"closed","template":"","meta":{"footnotes":""},"_links":{"self":[{"href":"https:\/\/bioclips.info\/index.php?rest_route=\/wp\/v2\/pages\/1614"}],"collection":[{"href":"https:\/\/bioclips.info\/index.php?rest_route=\/wp\/v2\/pages"}],"about":[{"href":"https:\/\/bioclips.info\/index.php?rest_route=\/wp\/v2\/types\/page"}],"author":[{"embeddable":true,"href":"https:\/\/bioclips.info\/index.php?rest_route=\/wp\/v2\/users\/1"}],"replies":[{"embeddable":true,"href":"https:\/\/bioclips.info\/index.php?rest_route=%2Fwp%2Fv2%2Fcomments&post=1614"}],"version-history":[{"count":4,"href":"https:\/\/bioclips.info\/index.php?rest_route=\/wp\/v2\/pages\/1614\/revisions"}],"predecessor-version":[{"id":1786,"href":"https:\/\/bioclips.info\/index.php?rest_route=\/wp\/v2\/pages\/1614\/revisions\/1786"}],"wp:attachment":[{"href":"https:\/\/bioclips.info\/index.php?rest_route=%2Fwp%2Fv2%2Fmedia&parent=1614"}],"curies":[{"name":"wp","href":"https:\/\/api.w.org\/{rel}","templated":true}]}}