{"id":1592,"date":"2020-04-30T09:06:57","date_gmt":"2020-04-30T07:06:57","guid":{"rendered":"http:\/\/bioclips.info\/?page_id=1592"},"modified":"2020-05-03T12:56:55","modified_gmt":"2020-05-03T10:56:55","slug":"coenzyme-cosubstrate","status":"publish","type":"page","link":"https:\/\/bioclips.info\/?page_id=1592","title":{"rendered":"Coenzyme &#8211; Cosubstrate"},"content":{"rendered":"\n<h2 class=\"wp-block-heading\"><img loading=\"lazy\" decoding=\"async\" width=\"25\" height=\"25\" class=\"wp-image-961\" style=\"width: 25px;\" src=\"http:\/\/bioclips.info\/wp-content\/uploads\/2018\/12\/favicon.jpg\" alt=\"\" srcset=\"https:\/\/bioclips.info\/wp-content\/uploads\/2018\/12\/favicon.jpg 512w, https:\/\/bioclips.info\/wp-content\/uploads\/2018\/12\/favicon-150x150.jpg 150w, https:\/\/bioclips.info\/wp-content\/uploads\/2018\/12\/favicon-300x300.jpg 300w\" sizes=\"(max-width: 25px) 100vw, 25px\" \/> Worum geht\u00b4s?<\/h2>\n\n\n\n<p>Erl\u00e4utert wird ein sehr kurzer \u00dcberblick \u00fcber den Aufbau und die Funktion von Coenzymen. Wer dazu etwas f\u00fcr den Unterricht vorbereiten muss, sollte auf alle F\u00e4lle noch ein Buch zur Hand nehmen.<\/p>\n\n\n\n<h2 class=\"wp-block-heading\">Allgemeines<\/h2>\n\n\n\n<div class=\"wp-block-image\"><figure class=\"aligncenter size-large\"><img loading=\"lazy\" decoding=\"async\" width=\"600\" height=\"400\" src=\"https:\/\/bioclips.info\/wp-content\/uploads\/2020\/05\/enzym-coenzym.jpg\" alt=\"\" class=\"wp-image-1748\" srcset=\"https:\/\/bioclips.info\/wp-content\/uploads\/2020\/05\/enzym-coenzym.jpg 600w, https:\/\/bioclips.info\/wp-content\/uploads\/2020\/05\/enzym-coenzym-300x200.jpg 300w\" sizes=\"(max-width: 600px) 100vw, 600px\" \/><\/figure><\/div>\n\n\n\n<ul><li>Enzyme, die aus einem Protein und einem Coenzym (Cosubstrat) bestehen.<\/li><li>Das Coenzym ist kein Protein, sondern ein niedermolekulares organisches oder anorganisches (Metallion) Molek\u00fcl.<\/li><li>Das eigentliche Coenzym ist abspaltbar:<ul><li>NAD<sup>+<\/sup>&nbsp;NADP<sup>+<\/sup>&nbsp;und ATP<\/li><\/ul><\/li><li>Bei den Coenzymen sind das Protein (Apoenzym) und Coenzym getrennt voneinander inaktiv, gemeinsam bilden sie das aktive Holoenzym.<\/li><\/ul>\n\n\n\n<p>Es gibt auch Coenzyme, die als prosthetische Gruppe fest an den Proteinanteil gebunden sind: Flavinenzyme der Atmungskette (FAD)<\/p>\n\n\n\n<h2 class=\"wp-block-heading\">Funktion<\/h2>\n\n\n\n<p>\u00dcbertragung von chemischen Gruppen von Substrat 1 auf Substrat 2:<\/p>\n\n\n\n<ul><li>NAD<sup>+<\/sup>&nbsp;und NADP<sup>+<\/sup>&nbsp;Wasserstoff\u00fcbertragung<\/li><li>ATP \u00dcbertragung von Phosphors\u00e4ureresten (universelle Energiew\u00e4hrung der Zelle)<\/li><\/ul>\n\n\n\n<h2 class=\"wp-block-heading\">Reaktionsverlauf<\/h2>\n\n\n\n<figure class=\"wp-block-embed-youtube wp-block-embed is-type-video is-provider-youtube wp-embed-aspect-16-9 wp-has-aspect-ratio\"><div class=\"wp-block-embed__wrapper\">\n<iframe loading=\"lazy\" title=\"Coenzym\" width=\"644\" height=\"362\" src=\"https:\/\/www.youtube.com\/embed\/qkKb8g8nAwU?feature=oembed\" frameborder=\"0\" allow=\"accelerometer; autoplay; clipboard-write; encrypted-media; gyroscope; picture-in-picture; web-share\" referrerpolicy=\"strict-origin-when-cross-origin\" allowfullscreen><\/iframe>\n<\/div><\/figure>\n\n\n\n<p>Wie beispielsweise das Coenzym NAD<sup>+<\/sup>&nbsp;arbeitet, ist auf der folgenden Seite anhand der Milchs\u00e4ureg\u00e4rung dargestellt.<\/p>\n\n\n\n<p>Das Coenzym bildet mit einem Protein (Apoenzym) ein funktionelle Einheit: das Holoenzym.<\/p>\n\n\n\n<p>Das Coenzym geht ver\u00e4ndert aus der Reaktion hervor und kann dann mit einem anderen Apoenzym ein Holoenzym bilden.<\/p>\n\n\n\n<p>Damit ist das Coenzym wirkungsspezifisch, aber nicht substratspezifisch.<\/p>\n\n\n\n<h2 class=\"wp-block-heading\"><img loading=\"lazy\" decoding=\"async\" width=\"25\" height=\"25\" class=\"wp-image-1421\" style=\"width: 25px;\" src=\"http:\/\/bioclips.info\/wp-content\/uploads\/2020\/04\/fuesse2.jpg\" alt=\"\" srcset=\"https:\/\/bioclips.info\/wp-content\/uploads\/2020\/04\/fuesse2.jpg 512w, https:\/\/bioclips.info\/wp-content\/uploads\/2020\/04\/fuesse2-300x300.jpg 300w, https:\/\/bioclips.info\/wp-content\/uploads\/2020\/04\/fuesse2-150x150.jpg 150w\" sizes=\"(max-width: 25px) 100vw, 25px\" \/> Auf dem Lernpfad<\/h2>\n\n\n\n<p><a href=\"http:\/\/bioclips.info\/?page_id=1595\">Wirkungsweise des Chroenzyms NAD<sup>+<\/sup> (Nicotinamid-adenin-dinucleotid)<\/a><\/p>\n","protected":false},"excerpt":{"rendered":"<p>Worum geht\u00b4s? Erl\u00e4utert wird ein sehr kurzer \u00dcberblick \u00fcber den Aufbau und die Funktion von Coenzymen. Wer dazu etwas f\u00fcr den Unterricht vorbereiten muss, sollte auf alle F\u00e4lle noch ein Buch zur Hand nehmen. Allgemeines Enzyme, die aus einem Protein und einem Coenzym (Cosubstrat) bestehen. Das Coenzym ist kein Protein, sondern ein niedermolekulares organisches oder&#8230;<\/p>\n","protected":false},"author":1,"featured_media":0,"parent":1040,"menu_order":5,"comment_status":"closed","ping_status":"closed","template":"","meta":{"footnotes":""},"_links":{"self":[{"href":"https:\/\/bioclips.info\/index.php?rest_route=\/wp\/v2\/pages\/1592"}],"collection":[{"href":"https:\/\/bioclips.info\/index.php?rest_route=\/wp\/v2\/pages"}],"about":[{"href":"https:\/\/bioclips.info\/index.php?rest_route=\/wp\/v2\/types\/page"}],"author":[{"embeddable":true,"href":"https:\/\/bioclips.info\/index.php?rest_route=\/wp\/v2\/users\/1"}],"replies":[{"embeddable":true,"href":"https:\/\/bioclips.info\/index.php?rest_route=%2Fwp%2Fv2%2Fcomments&post=1592"}],"version-history":[{"count":6,"href":"https:\/\/bioclips.info\/index.php?rest_route=\/wp\/v2\/pages\/1592\/revisions"}],"predecessor-version":[{"id":1749,"href":"https:\/\/bioclips.info\/index.php?rest_route=\/wp\/v2\/pages\/1592\/revisions\/1749"}],"up":[{"embeddable":true,"href":"https:\/\/bioclips.info\/index.php?rest_route=\/wp\/v2\/pages\/1040"}],"wp:attachment":[{"href":"https:\/\/bioclips.info\/index.php?rest_route=%2Fwp%2Fv2%2Fmedia&parent=1592"}],"curies":[{"name":"wp","href":"https:\/\/api.w.org\/{rel}","templated":true}]}}