{"id":1582,"date":"2020-04-30T08:54:05","date_gmt":"2020-04-30T06:54:05","guid":{"rendered":"http:\/\/bioclips.info\/?page_id=1582"},"modified":"2020-04-30T17:51:38","modified_gmt":"2020-04-30T15:51:38","slug":"allosterische-enzyme-enzymregulation","status":"publish","type":"page","link":"https:\/\/bioclips.info\/?page_id=1582","title":{"rendered":"Allosterische Enzyme &#8211; Enzymregulation"},"content":{"rendered":"\n<p>Enzymketten bewirken den gerichtete Abbau und Aufbau bzw Umbau von Molek\u00fclen in der Zelle. Das An- und Abschalten dieser Stoffwechselwege l\u00e4sst sich \u00fcber allosterische Enzyme kontrollieren. Dabei bestimmt die Konzentration eines Substrates oder Produktes die Aktivit\u00e4t der Enzymkette. Die Regulation verhindert somit einen \u00fcberm\u00e4\u00dfigen Auf- bzw. Abbau von Molek\u00fclen. \u00d6konomie ist alles.<\/p>\n\n\n\n<p>Wie das funktioniert, wird auf dieser Seite besprochen.<\/p>\n\n\n\n<h2 class=\"wp-block-heading\">Allosterischer Effekt<\/h2>\n\n\n\n<figure class=\"wp-block-image size-large\"><img loading=\"lazy\" decoding=\"async\" width=\"644\" height=\"408\" src=\"https:\/\/bioclips.info\/wp-content\/uploads\/2020\/04\/enzym-allo-644x408.jpg\" alt=\"\" class=\"wp-image-1641\" srcset=\"https:\/\/bioclips.info\/wp-content\/uploads\/2020\/04\/enzym-allo-644x408.jpg 644w, https:\/\/bioclips.info\/wp-content\/uploads\/2020\/04\/enzym-allo-300x190.jpg 300w, https:\/\/bioclips.info\/wp-content\/uploads\/2020\/04\/enzym-allo-768x487.jpg 768w, https:\/\/bioclips.info\/wp-content\/uploads\/2020\/04\/enzym-allo-1536x974.jpg 1536w, https:\/\/bioclips.info\/wp-content\/uploads\/2020\/04\/enzym-allo.jpg 1703w\" sizes=\"(max-width: 644px) 100vw, 644px\" \/><\/figure>\n\n\n\n<ul><li>Allosterische Enzyme verf\u00fcgen \u00fcber ein&nbsp;<strong>aktives<\/strong>&nbsp;und ein&nbsp;<strong>regulatives<\/strong>&nbsp;Zentrum.<\/li><li>Im aktiven Zentrum wird das Substrat gebunden und umgesetzt.<\/li><li>Im regulativen Zentrum bindet der sogenannte Effektor. Der Effektor kann das Enzym hemmen oder aktivieren.<\/li><li>Die Abbildung zeigt als Effektor einen Inhibitor der das Enzym hemmt.<\/li><\/ul>\n\n\n\n<h2 class=\"wp-block-heading\">Hemmung der Enzymaktivit\u00e4t<\/h2>\n\n\n\n<figure class=\"wp-block-embed-youtube aligncenter wp-block-embed is-type-video is-provider-youtube wp-embed-aspect-16-9 wp-has-aspect-ratio\"><div class=\"wp-block-embed__wrapper\">\n<iframe loading=\"lazy\" title=\"Hemmung Enzymkette\" width=\"644\" height=\"362\" src=\"https:\/\/www.youtube.com\/embed\/EGJzWvrSmRw?feature=oembed\" frameborder=\"0\" allow=\"accelerometer; autoplay; clipboard-write; encrypted-media; gyroscope; picture-in-picture; web-share\" referrerpolicy=\"strict-origin-when-cross-origin\" allowfullscreen><\/iframe>\n<\/div><\/figure>\n\n\n\n<p>Wirkt der Effektor hemmend (<strong>Effektor = Inhibitor<\/strong>&nbsp;), dann ver\u00e4ndert der Inhibitor die r\u00e4umliche Struktur des Enzyms, so da\u00df das Substrat&nbsp;<strong>nicht<\/strong>&nbsp;mehr im aktiven Zentrum binden kann.<\/p>\n\n\n\n<h2 class=\"wp-block-heading\">Aktivierung der Enzymaktivit\u00e4t<\/h2>\n\n\n\n<figure class=\"wp-block-embed-youtube wp-block-embed is-type-video is-provider-youtube wp-embed-aspect-16-9 wp-has-aspect-ratio\"><div class=\"wp-block-embed__wrapper\">\n<iframe loading=\"lazy\" title=\"Aktivierung Enzymkette\" width=\"644\" height=\"362\" src=\"https:\/\/www.youtube.com\/embed\/jJBJjDCtXSU?feature=oembed\" frameborder=\"0\" allow=\"accelerometer; autoplay; clipboard-write; encrypted-media; gyroscope; picture-in-picture; web-share\" referrerpolicy=\"strict-origin-when-cross-origin\" allowfullscreen><\/iframe>\n<\/div><\/figure>\n\n\n\n<p>Aktiviert der Effektor das Enzym (<strong>Effektor = Aktivator<\/strong>), so ver\u00e4ndert sich durch die Bindung des Aktivators die r\u00e4umliche Struktur des Enzyms, so da\u00df das Substrat binden kann.<\/p>\n\n\n\n<p><img loading=\"lazy\" decoding=\"async\" width=\"25\" height=\"25\" class=\"wp-image-1421\" style=\"width: 25px;\" src=\"http:\/\/bioclips.info\/wp-content\/uploads\/2020\/04\/fuesse2.jpg\" alt=\"\" srcset=\"https:\/\/bioclips.info\/wp-content\/uploads\/2020\/04\/fuesse2.jpg 512w, https:\/\/bioclips.info\/wp-content\/uploads\/2020\/04\/fuesse2-300x300.jpg 300w, https:\/\/bioclips.info\/wp-content\/uploads\/2020\/04\/fuesse2-150x150.jpg 150w\" sizes=\"(max-width: 25px) 100vw, 25px\" \/> Auf dem Lernpfad<\/p>\n\n\n\n<p><a href=\"http:\/\/bioclips.info\/?page_id=1586\">Enzymklassen<\/a><\/p>\n","protected":false},"excerpt":{"rendered":"<p>Enzymketten bewirken den gerichtete Abbau und Aufbau bzw Umbau von Molek\u00fclen in der Zelle. Das An- und Abschalten dieser Stoffwechselwege l\u00e4sst sich \u00fcber allosterische Enzyme kontrollieren. Dabei bestimmt die Konzentration eines Substrates oder Produktes die Aktivit\u00e4t der Enzymkette. Die Regulation verhindert somit einen \u00fcberm\u00e4\u00dfigen Auf- bzw. Abbau von Molek\u00fclen. \u00d6konomie ist alles. Wie das funktioniert,&#8230;<\/p>\n","protected":false},"author":1,"featured_media":0,"parent":1040,"menu_order":3,"comment_status":"closed","ping_status":"closed","template":"","meta":{"footnotes":""},"_links":{"self":[{"href":"https:\/\/bioclips.info\/index.php?rest_route=\/wp\/v2\/pages\/1582"}],"collection":[{"href":"https:\/\/bioclips.info\/index.php?rest_route=\/wp\/v2\/pages"}],"about":[{"href":"https:\/\/bioclips.info\/index.php?rest_route=\/wp\/v2\/types\/page"}],"author":[{"embeddable":true,"href":"https:\/\/bioclips.info\/index.php?rest_route=\/wp\/v2\/users\/1"}],"replies":[{"embeddable":true,"href":"https:\/\/bioclips.info\/index.php?rest_route=%2Fwp%2Fv2%2Fcomments&post=1582"}],"version-history":[{"count":9,"href":"https:\/\/bioclips.info\/index.php?rest_route=\/wp\/v2\/pages\/1582\/revisions"}],"predecessor-version":[{"id":1667,"href":"https:\/\/bioclips.info\/index.php?rest_route=\/wp\/v2\/pages\/1582\/revisions\/1667"}],"up":[{"embeddable":true,"href":"https:\/\/bioclips.info\/index.php?rest_route=\/wp\/v2\/pages\/1040"}],"wp:attachment":[{"href":"https:\/\/bioclips.info\/index.php?rest_route=%2Fwp%2Fv2%2Fmedia&parent=1582"}],"curies":[{"name":"wp","href":"https:\/\/api.w.org\/{rel}","templated":true}]}}