{"id":1577,"date":"2020-04-30T08:47:27","date_gmt":"2020-04-30T06:47:27","guid":{"rendered":"http:\/\/bioclips.info\/?page_id=1577"},"modified":"2020-04-30T17:47:59","modified_gmt":"2020-04-30T15:47:59","slug":"enzymhemmung","status":"publish","type":"page","link":"https:\/\/bioclips.info\/?page_id=1577","title":{"rendered":"Enzymhemmung"},"content":{"rendered":"\n<p>Es gibt mehrere M\u00f6glichkeiten die Enzymaktivit\u00e4t in Zellen zu regulieren. Die meisten Stoffwechselvorg\u00e4nge werden durch Enzyme reguliert wobei man zwei Formen unterscheiden kann:<\/p>\n\n\n\n<ul><li>In der Zelle vorhandene Enzyme werden gehemmt oder aktiviert.<\/li><li>Enzyme werden bei Bedarf produziert, indem das entsprechende Gen aktiviert wird.<\/li><\/ul>\n\n\n\n<p>M\u00f6glichkeiten der Hemmung und Aktivierung von Enzymen, die bereits in der Zelle vorhanden sind, werden auf dieser und der folgenden Seite besprochen:<\/p>\n\n\n\n<ul><li>Hemmung durch Substrat\u00fcberschu\u00df<\/li><li>Nichtkompetitive Hemmung<\/li><li>Kompetitive Hemmung &#8211; Verdr\u00e4ngungshemmung<\/li><li>Allosterische Hemmung<\/li><\/ul>\n\n\n\n<p>Ein Beispiel f\u00fcr die genetische Bereitstellung von Enzymen ist das&nbsp;Operon-Modell zur Genregulation bei Bakterien von JACOB und MONOD.<\/p>\n\n\n\n<h2 class=\"wp-block-heading\">Hemmung durch Substrat\u00fcberschu\u00df<\/h2>\n\n\n\n<figure class=\"wp-block-embed-youtube aligncenter wp-block-embed is-type-video is-provider-youtube wp-embed-aspect-16-9 wp-has-aspect-ratio\"><div class=\"wp-block-embed__wrapper\">\n<iframe loading=\"lazy\" title=\"Enzymhemmung durch Substrat\u00fcberschu\u00df\" width=\"644\" height=\"362\" src=\"https:\/\/www.youtube.com\/embed\/NkGRagHaw0g?feature=oembed\" frameborder=\"0\" allow=\"accelerometer; autoplay; clipboard-write; encrypted-media; gyroscope; picture-in-picture; web-share\" referrerpolicy=\"strict-origin-when-cross-origin\" allowfullscreen><\/iframe>\n<\/div><\/figure>\n\n\n\n<ul><li>Aufgrund hoher Substratkonzentrationen behindern sich die Substrate gegenseitig.<\/li><li>Die Enzymreaktion wird verlangsamt oder kommt ganz zum Erliegen.<\/li><\/ul>\n\n\n\n<p>Der Einfluss der Substratkonzentration auf den zeitlichen Verlauf einer enzymatischer Reaktion (Enzymkinetik) wurde von LEONOR MICHAELIS und MAUD MENTEN entdeckt und mit der&nbsp;Michaelis &#8211; Menten &#8211; Gleichung&nbsp;beschrieben.<\/p>\n\n\n\n<h2 class=\"wp-block-heading\">Nichtkompetitive Hemmung<\/h2>\n\n\n\n<figure class=\"wp-block-embed-youtube aligncenter wp-block-embed is-type-video is-provider-youtube wp-embed-aspect-16-9 wp-has-aspect-ratio\"><div class=\"wp-block-embed__wrapper\">\n<iframe loading=\"lazy\" title=\"Nichtkompetitive Enzymhemmung\" width=\"644\" height=\"362\" src=\"https:\/\/www.youtube.com\/embed\/74d48s3VPks?feature=oembed\" frameborder=\"0\" allow=\"accelerometer; autoplay; clipboard-write; encrypted-media; gyroscope; picture-in-picture; web-share\" referrerpolicy=\"strict-origin-when-cross-origin\" allowfullscreen><\/iframe>\n<\/div><\/figure>\n\n\n\n<ul><li>Bei der nichtkompetitiven Hemmung wirkt ein Zellgift (<strong>Inhibitor = Hemmstoff<\/strong>) auf das Enzym ein, indem es seine r\u00e4umliche Struktur so ver\u00e4ndert, da\u00df die Enzymwirkung stark eingeschr\u00e4nkt bis vollst\u00e4ndig unterdr\u00fcckt wird (Allosterischer Effekt).<\/li><li>Die Inhibitoren sind meist Schwermetalle (Blei, Quecksilber u.a.), die an unterschiedlichen Stellen des Enzyms binden k\u00f6nnen und damit die r\u00e4umliche Struktur ver\u00e4ndern (Allosterischer Effekt).<\/li><li>Die Bindung ist in der Regel irreversibel (nicht umkehrbar), was den Verlust der Enzymfunktion zur Folge hat.&nbsp;<em>Damit eignet sich diese Hemmung nicht f\u00fcr die Regulation der Enzymaktivit\u00e4t.<\/em><\/li><\/ul>\n\n\n\n<h2 class=\"wp-block-heading\">Kompetitive Hemmung &#8211; Verdr\u00e4ngungshemmung<\/h2>\n\n\n\n<figure class=\"wp-block-embed-youtube wp-block-embed is-type-video is-provider-youtube wp-embed-aspect-16-9 wp-has-aspect-ratio\"><div class=\"wp-block-embed__wrapper\">\n<iframe loading=\"lazy\" title=\"Kompetitive Enzymhemmung\" width=\"644\" height=\"362\" src=\"https:\/\/www.youtube.com\/embed\/EHTtQIc7_g8?feature=oembed\" frameborder=\"0\" allow=\"accelerometer; autoplay; clipboard-write; encrypted-media; gyroscope; picture-in-picture; web-share\" referrerpolicy=\"strict-origin-when-cross-origin\" allowfullscreen><\/iframe>\n<\/div><\/figure>\n\n\n\n<ul><li>Ein dem Substrat \u00e4hnliches Molek\u00fcl (Inhibitor) blockiert das aktive Zentrum. Substrat und Inhibitor konkurrieren um das aktive Zentrum (competition: engl. Konkurrenz).<\/li><li>Die Hemmung ist konzentrationsabh\u00e4ngig: So kann man durch eine Erh\u00f6hung der Substratkonzentration die Enzymhemmung wieder aufheben.<\/li><li>Der Hemmvorgang ist also umkehrbar (reversibel). Das Enzym wird durch den Inhibitor nicht besch\u00e4digt oder ver\u00e4ndert.<\/li><\/ul>\n\n\n\n<h2 class=\"wp-block-heading\"><img loading=\"lazy\" decoding=\"async\" width=\"25\" height=\"25\" class=\"wp-image-1421\" style=\"width: 25px;\" src=\"http:\/\/bioclips.info\/wp-content\/uploads\/2020\/04\/fuesse2.jpg\" alt=\"\" srcset=\"https:\/\/bioclips.info\/wp-content\/uploads\/2020\/04\/fuesse2.jpg 512w, https:\/\/bioclips.info\/wp-content\/uploads\/2020\/04\/fuesse2-300x300.jpg 300w, https:\/\/bioclips.info\/wp-content\/uploads\/2020\/04\/fuesse2-150x150.jpg 150w\" sizes=\"(max-width: 25px) 100vw, 25px\" \/> Auf dem Lernpfad<\/h2>\n\n\n\n<p><a href=\"http:\/\/bioclips.info\/?page_id=1582\">Allosterische Enzyme &#8211; Enzymregulation<\/a><\/p>\n","protected":false},"excerpt":{"rendered":"<p>Es gibt mehrere M\u00f6glichkeiten die Enzymaktivit\u00e4t in Zellen zu regulieren. Die meisten Stoffwechselvorg\u00e4nge werden durch Enzyme reguliert wobei man zwei Formen unterscheiden kann: In der Zelle vorhandene Enzyme werden gehemmt oder aktiviert. Enzyme werden bei Bedarf produziert, indem das entsprechende Gen aktiviert wird. M\u00f6glichkeiten der Hemmung und Aktivierung von Enzymen, die bereits in der Zelle&#8230;<\/p>\n","protected":false},"author":1,"featured_media":0,"parent":1040,"menu_order":2,"comment_status":"closed","ping_status":"closed","template":"","meta":{"footnotes":""},"_links":{"self":[{"href":"https:\/\/bioclips.info\/index.php?rest_route=\/wp\/v2\/pages\/1577"}],"collection":[{"href":"https:\/\/bioclips.info\/index.php?rest_route=\/wp\/v2\/pages"}],"about":[{"href":"https:\/\/bioclips.info\/index.php?rest_route=\/wp\/v2\/types\/page"}],"author":[{"embeddable":true,"href":"https:\/\/bioclips.info\/index.php?rest_route=\/wp\/v2\/users\/1"}],"replies":[{"embeddable":true,"href":"https:\/\/bioclips.info\/index.php?rest_route=%2Fwp%2Fv2%2Fcomments&post=1577"}],"version-history":[{"count":10,"href":"https:\/\/bioclips.info\/index.php?rest_route=\/wp\/v2\/pages\/1577\/revisions"}],"predecessor-version":[{"id":1665,"href":"https:\/\/bioclips.info\/index.php?rest_route=\/wp\/v2\/pages\/1577\/revisions\/1665"}],"up":[{"embeddable":true,"href":"https:\/\/bioclips.info\/index.php?rest_route=\/wp\/v2\/pages\/1040"}],"wp:attachment":[{"href":"https:\/\/bioclips.info\/index.php?rest_route=%2Fwp%2Fv2%2Fmedia&parent=1577"}],"curies":[{"name":"wp","href":"https:\/\/api.w.org\/{rel}","templated":true}]}}