{"id":1478,"date":"2020-04-26T09:09:22","date_gmt":"2020-04-26T07:09:22","guid":{"rendered":"http:\/\/bioclips.info\/?page_id=1478"},"modified":"2020-06-06T13:09:53","modified_gmt":"2020-06-06T11:09:53","slug":"endoxidation-atmungskette-und-oxidative-phosphorylierung","status":"publish","type":"page","link":"https:\/\/bioclips.info\/?page_id=1478","title":{"rendered":"Endoxidation &#8211; Atmungskette und oxidative Phosphorylierung"},"content":{"rendered":"\n<p>Wer den ganzen Tag rumsitzt, verbraucht je nach K\u00f6rpergewicht um die 1900kcal. F\u00fcr die Bereitstellung dieser Energie werden ca. 80kg ATP ben\u00f6tigt. Der menschliche K\u00f6rper verf\u00fcgt aber nur \u00fcber 250g ATP. Diese Diskrepanz muss der Stoffwechsel ausgleichen, indem er das verbrauchte ATP st\u00e4ndig aus ADP regeneriert. Ein ATP-Molek\u00fcl durchl\u00e4uft diesen \u201eAufbereitungsprozess\u201c ca. 300mal am Tag. Die Aufbereitung erfolgt letztendlich in der oxidativen Phosphorylierung als Teil der Endoxidation, die an einen Protonentransport durch die innere Mitochondrienmembran gekoppelt ist.<\/p>\n\n\n\n<h2 class=\"wp-block-heading\"><img loading=\"lazy\" decoding=\"async\" width=\"25\" height=\"25\" class=\"wp-image-961\" style=\"width: 25px;\" src=\"http:\/\/bioclips.info\/wp-content\/uploads\/2018\/12\/favicon.jpg\" alt=\"\" srcset=\"https:\/\/bioclips.info\/wp-content\/uploads\/2018\/12\/favicon.jpg 512w, https:\/\/bioclips.info\/wp-content\/uploads\/2018\/12\/favicon-150x150.jpg 150w, https:\/\/bioclips.info\/wp-content\/uploads\/2018\/12\/favicon-300x300.jpg 300w\" sizes=\"(max-width: 25px) 100vw, 25px\" \/> Worum geht\u00b4s?<\/h2>\n\n\n\n<ol><li>Wo befinden sich die Reaktionsorte der Atmungskette?<\/li><li>Ein \u00dcberblick \u00fcber die Endoxidation zeigt den gesamten Ablauf und geht auf den Zusammenhang zwischen Atmungskette und oxidativer Phosphorylierung ein.<\/li><li>Wie verl\u00e4uft der chemische Mechanismus innerhalb der beteiligten Membranproteine, die den Protonengradienten f\u00fcr die ATP-Synthese (oxidative Phosphorylierung) aufbauen.<\/li><li>Die Funktionsweise der&nbsp;oxidativen Phosphorylierung&nbsp;wird auf einer gesonderten Seite behandelt.<\/li><\/ol>\n\n\n\n<h2 class=\"wp-block-heading\">Die Endoxidation findet bei Eukaryonten in den Mitochondrien statt<\/h2>\n\n\n\n<div class=\"wp-block-image\"><figure class=\"aligncenter size-large\"><img loading=\"lazy\" decoding=\"async\" width=\"467\" height=\"388\" src=\"http:\/\/bioclips.info\/wp-content\/uploads\/2020\/04\/zell-mitochon.jpg\" alt=\"\" class=\"wp-image-1437\" srcset=\"https:\/\/bioclips.info\/wp-content\/uploads\/2020\/04\/zell-mitochon.jpg 467w, https:\/\/bioclips.info\/wp-content\/uploads\/2020\/04\/zell-mitochon-300x249.jpg 300w\" sizes=\"(max-width: 467px) 100vw, 467px\" \/><\/figure><\/div>\n\n\n\n<ul><li>Mitochondrien sind ovale Organellen mit einer typischen L\u00e4nge von ungef\u00e4hr 2 \u03bcm und einem Durchmesser von 0,5 \u03bcm; dies entspricht etwa der Gr\u00f6\u00dfe eines Bakteriums.<\/li><li>Sie enthalten die Enzyme der&nbsp;oxidativen Decarboxylierung, des Citratzyklus, der Fetts\u00e4ureoxidation und die Enzymkomplexe der Endoxidation.<\/li><li>Mitochondrien sind von einer Doppelmembran umschlossen, sie besitzen somit eine \u00e4u\u00dfere und eine innere Membran.<\/li><li>Die innere Membran ist stark gefaltet.<\/li><li>Es gibt also zwei Kompartimente in Mitochondrien:<ul><li>einen Intermembranraum zwischen \u00e4u\u00dferer und innerer Membran,<\/li><li>die Matrix, die von der inneren Membran begrenzt wird. Die Matrix ist der Reaktionsort f\u00fcr die oxidative Decarboxylierung und den Citratzyklus.<\/li><\/ul><\/li><li>Die Endoxidation wird an der inneren Mitochondrienmembran durchgef\u00fchrt, wobei man zwei miteinander gekoppelt Prozesse unterscheiden kann:<ul><li>die Atumungskette und<\/li><li>die&nbsp;oxidative Phosphorylierung.<\/li><\/ul><\/li><li>Die \u00e4u\u00dfere Membran ist f\u00fcr die meisten kleinen Molek\u00fcle und Ionen durchl\u00e4ssig, da es vie lMitochondrienporin gibt.<\/li><li>Mitochondrienporin ist ein porenbildenden Protein, auch bekannt als VDAC (engl.: voltage dependent anion channel &#8211; spannungsabh\u00e4ngiger Anionenkanal).<\/li><li>VDAC spielt eine Rolle beim geregelten Durchtritt von Zwischenprodukten \u2013 gew\u00f6hnlich anionischen Molek\u00fcle wie Phosphat, Chlorid, organischen Anionen und Adeninnucleotiden \u2013 durch die \u00e4u\u00dfere Membran.<\/li><\/ul>\n\n\n\n<p>Aufgrund der hohen Durchl\u00e4ssigkeit der \u00e4u\u00dferen Membran spricht man beim Intermembranraum auch von der cytoplasmatischen Seite.<\/p>\n\n\n\n<p>Wie gro\u00df ist die Membranoberfl\u00e4che der Mitochondrien des Menschen?<\/p>\n\n\n\n<p>Beim Menschen umfasst die Fl\u00e4che der inneren Mitochondrienmembran ungef\u00e4hr 14.000m<sup>2<\/sup>, was ungef\u00e4hr zwei Fu\u00dfballfeldern entspricht. Damit sorgt die Einfaltung der inneren Mitochondrienmembran f\u00fcr eine extreme Vergr\u00f6\u00dferung der Oberfl\u00e4che.<\/p>\n\n\n\n<h2 class=\"wp-block-heading\">Die Atmungskette (Elektronentransportkette)<\/h2>\n\n\n\n<ul><li>Die Atmungskette besteht aus vier Membrankomplexen: drei Protonenpumpen und einem Enzymkomplex, der direkt am Citratzyklus beteiligt ist.<\/li><li>Der Elektronenfluss innerhalb der Membrankomplexe I; III und IV bewirkt den Protonentransport von der Matrix in den Intermembranraum: Protonenpumpen.<\/li><li>Spezifische Coenzyme (Elektronen-Carrier) transportieren Elektronen von einem Enzymkomplex zum n\u00e4chsten.<\/li><li>Die Atmungskette erzeugt einen Protonengradienten, der zur ATP-Synthese genutzt wird (Ankopplung der Phosphorylierung)<\/li><\/ul>\n\n\n\n<h3 class=\"wp-block-heading\">Enzymkomplexe<\/h3>\n\n\n\n<div class=\"wp-block-image\"><figure class=\"aligncenter size-large\"><img loading=\"lazy\" decoding=\"async\" width=\"550\" height=\"400\" src=\"https:\/\/bioclips.info\/wp-content\/uploads\/2020\/04\/zelatm-endoxi.jpg\" alt=\"\" class=\"wp-image-1552\" srcset=\"https:\/\/bioclips.info\/wp-content\/uploads\/2020\/04\/zelatm-endoxi.jpg 550w, https:\/\/bioclips.info\/wp-content\/uploads\/2020\/04\/zelatm-endoxi-300x218.jpg 300w\" sizes=\"(max-width: 550px) 100vw, 550px\" \/><\/figure><\/div>\n\n\n\n<h4 class=\"wp-block-heading\">Komplex I: NADH-Q-Oxidoreduktase (NAD-Dehydrogenase)<\/h4>\n\n\n\n<ul><li>indet NADH und \u00fcbernimmt 2 energiereiche Elektronen<\/li><li>diese werden auf das Coenzym Q (Ubichinon) \u00fcbertragen<\/li><li>das f\u00fchrt zur reduzierten Form von Q (QH<sub>2<\/sub>; Ubichinol)<\/li><li>der Elektronenfluss pumpt 4H<sup>+<\/sup>&nbsp;in den Intermembranraum<\/li><li>QH<sub>2<\/sub>&nbsp;\u00fcbergibt die Elektronen an den Komplex III<\/li><\/ul>\n\n\n\n<h4 class=\"wp-block-heading\">Komplex II: Succinat-Q-Reduktase &#8211; Elektronen vom FADH<sub>2<\/sub><\/h4>\n\n\n\n<ul><li>Elektronen werden auf das Coenzym Q \u00fcbertragen.<\/li><li>Die Succinat-Q-Reduktase&nbsp;ist keine Protonenpumpe: deshalb weniger ATP durch FADH<sub>2<\/sub>.<\/li><\/ul>\n\n\n\n<h5 class=\"wp-block-heading\"><img loading=\"lazy\" decoding=\"async\" width=\"25\" height=\"25\" class=\"wp-image-1327\" style=\"width: 25px;\" src=\"http:\/\/bioclips.info\/wp-content\/uploads\/2020\/04\/Pfeil.jpg\" alt=\"\" srcset=\"https:\/\/bioclips.info\/wp-content\/uploads\/2020\/04\/Pfeil.jpg 512w, https:\/\/bioclips.info\/wp-content\/uploads\/2020\/04\/Pfeil-300x300.jpg 300w, https:\/\/bioclips.info\/wp-content\/uploads\/2020\/04\/Pfeil-150x150.jpg 150w\" sizes=\"(max-width: 25px) 100vw, 25px\" \/> Die Succinat-Q-Reduktase und die Beteiligung am Citratzyklus<\/h5>\n\n\n\n<ul><li>Der Komplex II enth\u00e4lt das Enzym Succinat-Dehydrogenase.<\/li><li>Diese katalysiert im Citratzyklus Succinat zu Fumarat. Dabei entsteht FADH<sub>2<\/sub>.<\/li><li>Sie ist als prosthetische Gruppe fest im Komplex II integriert und ist somit das einzige Enzym des Citratzyklus, das in der inneren Membran lokalisiert ist. FADH<sub>2<\/sub>&nbsp;bleibt im Proteinkomplex.<\/li><\/ul>\n\n\n\n<h4 class=\"wp-block-heading\">Komplex III: Q-Cytochrom-c-Oxidoreduktase<\/h4>\n\n\n\n<ul><li>katalysiert die Elektronen\u00fcbertragung von der reduzierten Form des Coenzyms Q (QH<sub>2<\/sub>, Ubichinol) auf das oxidierte Cytochrom c.<\/li><li>Dadurch werden 2H<sup>+<\/sup>&nbsp;in den Intermembranraum gepumpt.<\/li><\/ul>\n\n\n\n<h4 class=\"wp-block-heading\">Komplex IV: Cytochrom-c-Oxidase<\/h4>\n\n\n\n<ul><li>katalysiert den Elektronenfluss vom reduzierten Cytochrom c zur Reduktion von molekularen Sauerstoff zu Wasser<\/li><li>F\u00fcr die Reduktion werden H<sup>+<\/sup>&nbsp;aus der Matrix verbraucht.<\/li><li>Gleichzeitig werden 4 H<sup>+<\/sup>&nbsp;aus der Matrix in den Intermembranraum gepumpt.<\/li><\/ul>\n\n\n\n<figure class=\"wp-block-embed-youtube aligncenter wp-block-embed is-type-video is-provider-youtube wp-embed-aspect-16-9 wp-has-aspect-ratio\"><div class=\"wp-block-embed__wrapper\">\n<iframe loading=\"lazy\" title=\"Endoxidation der Zellatmung\" width=\"644\" height=\"362\" src=\"https:\/\/www.youtube.com\/embed\/T8FKcazvJVg?feature=oembed\" frameborder=\"0\" allow=\"accelerometer; autoplay; clipboard-write; encrypted-media; gyroscope; picture-in-picture; web-share\" referrerpolicy=\"strict-origin-when-cross-origin\" allowfullscreen><\/iframe>\n<\/div><figcaption><em>Gesamtdurchlauf der Endoxidation<\/em><\/figcaption><\/figure>\n\n\n\n<h3 class=\"wp-block-heading\">Coenzym &#8211; Q (Ubichinon) und Cytochrom c sind spezifische Elektronen-Carrier<\/h3>\n\n\n\n<ul><li>Sie transportieren die Elektronen von einem Membrankomplex zum n\u00e4chsten.<\/li><li>bewegen sich aufgrund ihrer lipophilen Eigenschaften frei innerhalb der Membran.<\/li><\/ul>\n\n\n\n<h4 class=\"wp-block-heading\">Coenzym Q (Ubichinon) &#8211; Q-Pool<\/h4>\n\n\n\n<ul><li>ist ein Chinonderivat, das in drei Oxidationszust\u00e4nden existieren kann<ul><li>Coenzym Q (Ubichinon, oxidierte Form)<\/li><li>Coenzym QH<sub>2<\/sub>&nbsp;(Ubichinol, reduzierte Form)<\/li><\/ul><\/li><li>Elektronentransport von NADH-Q-Oxidoreduktase zur Q-Cytochrom-c-Oxidoreduktase<\/li><li>aufgrund seiner L\u00f6slichkeit nimmt man an, dass in der inneren Mitochondrienmembran ein Pool von Q und QH<sub>2<\/sub>&nbsp;existiert. Die Gesamtheit von Q und QH<sub>2<\/sub>&nbsp;bezeichnet man als Q-Pool.<\/li><\/ul>\n\n\n\n<h4 class=\"wp-block-heading\">Cytochrom c<\/h4>\n\n\n\n<ul><li>kleines l\u00f6sliches, elektronen\u00fcbertragendes Protein<\/li><li>enth\u00e4lt ein H\u00e4m als prosthetische Gruppe<\/li><li>Elektronentransport von Elektronen der Q-Cytochrom-c-Oxidoreduktase zur Cytochrom-c-Oxidase<\/li><\/ul>\n\n\n\n<h2 class=\"wp-block-heading\">Elektronenfluss und Pumpmechanismen der Membrankomplexe<\/h2>\n\n\n\n<h3 class=\"wp-block-heading\">Eintritt der energiereichen Elektronen in die Atmungskette \u00fcber die NADH-Q-Oxidoreduktase<\/h3>\n\n\n\n<figure class=\"wp-block-embed-youtube wp-block-embed is-type-video is-provider-youtube wp-embed-aspect-16-9 wp-has-aspect-ratio\"><div class=\"wp-block-embed__wrapper\">\n<iframe loading=\"lazy\" title=\"Atmungskette - NADH-Q-Oxidoreduktase\" width=\"644\" height=\"362\" src=\"https:\/\/www.youtube.com\/embed\/a85rH9wdZJI?feature=oembed\" frameborder=\"0\" allow=\"accelerometer; autoplay; clipboard-write; encrypted-media; gyroscope; picture-in-picture; web-share\" referrerpolicy=\"strict-origin-when-cross-origin\" allowfullscreen><\/iframe>\n<\/div><\/figure>\n\n\n\n<ul><li>Elektronen mit hohem Potential werden von NADH an die NADH-Q-Oxidoreduktase \u00fcbergeben<\/li><\/ul>\n\n\n\n<ul><li>Im ersten Schritt erfolgt die Bindung von NADH und die \u00dcbertragung zweier Elektronen hohen Potentials auf das Flavinmononucleotid (FMN), das zu FMNH<sub>2<\/sub>&nbsp;reduziert wird.<\/li><li>Die Elektronen werden dann vom FMNH<sub>2<\/sub>&nbsp;auf eine Reihe von Eisen-Schwefel-Komplexen \u00fcbertragen.<\/li><li>In der NADH-Q-Oxidoreduktase liegen sowohl 2Fe-2S als auch 4Fe-4S-Komplexe vor.<\/li><li>Die Eisenatome in diesen Fe-S-Komplexen wechseln zwischen zwei Zustanden:<ul><li>Fe<sup>2+<\/sup>&nbsp;(reduziert) &#8211; Elektron aufgenommen<\/li><li>Fe<sup>3+<\/sup>&nbsp;(oxidiert) &#8211; Elektron abgegeben<\/li><\/ul><\/li><li>Elektronen werden letzendlich auf das Coenzym Q \u00fcbertragen<\/li><li>das f\u00fchrt zur Aufnahme von 2 H<sup>+<\/sup>&nbsp;aus der Matrix<\/li><li>QH<sub>2<\/sub>&nbsp;verl\u00e4sst das Enzym in Richtung des hydrophoben Membraninneren (Q-Pool).<\/li><li>die Oxidations-Reduktions-Reaktionen der Eisen-Schwefel-Komplexe bewirken den Transport von 4H<sup>+<\/sup>&nbsp;in den Intermembranraum.<\/li><\/ul>\n\n\n\n<h4 class=\"wp-block-heading\">Ergebnis und Bedeutung<\/h4>\n\n\n\n<ul><li>Bilanz: NADH + Q + 5H<sup>+<\/sup><sub>Matrix<\/sub>&nbsp;=&gt; NAD<sup>+<\/sup>&nbsp;+ QH<sub>2<\/sub>&nbsp;+ 4H<sup>+<\/sup><sub>Cytoplasma<\/sub><\/li><li>Energiereiche Elektronen der werden in die Atmungskette eingeschleust.<\/li><li>4 Protonen werden in den Intermembranraum gepumpt.<\/li><\/ul>\n\n\n\n<h3 class=\"wp-block-heading\">Elektronen\u00fcbernahme der Q-Cytochrom-c-Oxidoreduktase und die Reduktion des Cytochrom c<\/h3>\n\n\n\n<ul><li>koppelt den Elektronentransfer von Q zu Cytochrom c mit dem Protonentransport durch die Membran<\/li><li>Die Oxidoreduktase enth\u00e4lt zwei unterschiedliche Arten von Cytochromen mit drei H\u00e4m-Gruppen:<ul><li>Cytochrom b mit den H\u00e4m-Typen:<ul><li>Typ 1: H\u00e4m b<sub>L<\/sub>(L f\u00fcr niedrige, engl.: low, Elektronenaffinit\u00e4t)<\/li><li>Typ 2: H\u00e4m b<sub>H<\/sub>&nbsp;(H f\u00fcr hohe, engl.: hight, Elektronenaffinit\u00e4t)<\/li><\/ul><\/li><li>Cytochrom c1 mit einer einer H\u00e4m &#8211; Gruppe<\/li><\/ul><\/li><li>Zus\u00e4tzlich zu den H\u00e4m-Gruppen enth\u00e4lt das Enzym ein Eisen-Schwefel-Protein mit einem 2Fe-2S-Zentrum (auch Rieske &#8211; Zentrum genannt)<\/li><\/ul>\n\n\n\n<h4 class=\"wp-block-heading\">Q-Zyklus<\/h4>\n\n\n\n<figure class=\"wp-block-embed-youtube wp-block-embed is-type-video is-provider-youtube wp-embed-aspect-16-9 wp-has-aspect-ratio\"><div class=\"wp-block-embed__wrapper\">\n<iframe loading=\"lazy\" title=\"Atmungskette - Q-Cytochrom-c-Oxidoreduktase (Komplex III)  - Q-Zyklus\" width=\"644\" height=\"362\" src=\"https:\/\/www.youtube.com\/embed\/9eqYpNSW6oo?feature=oembed\" frameborder=\"0\" allow=\"accelerometer; autoplay; clipboard-write; encrypted-media; gyroscope; picture-in-picture; web-share\" referrerpolicy=\"strict-origin-when-cross-origin\" allowfullscreen><\/iframe>\n<\/div><\/figure>\n\n\n\n<ul><li>als Erstes bindet ein QH<sub>2<\/sub><\/li><li>es werden 2 Eletronen und zwei Protonen freigesetzt<\/li><li>die Elektronen gehen jetzt unterschiedliche Wege:<ul><li>\u00fcber die H\u00e4me der Cytochrome b wird ein e<sup>&#8211;<\/sup>&nbsp;auf ein gebundenes Q<sub>oxi<\/sub>&nbsp;\u00fcberrtragen, dadurch entsteht ein Semichinonradikal-Ion<\/li><li>das andere e<sup>&#8211;<\/sup>&nbsp;wird \u00fcber das 2Fe-2S-Zentrum und Cytochrom c1 auf Cytochrom c \u00fcbertragen<\/li><\/ul><\/li><li>Der Vorgang wiederholt sich nun, indem ein zweites QH<sub>2<\/sub>&nbsp;bindet und 2e<sup>&#8211;<\/sup>&nbsp;auf das Semichinonradikal bzw. Cytochrom c1 verteilt.<\/li><li>Es entsteht ein zweites reduziertes Cytochrom sowie ein QH<sub>2<\/sub>, das dem Q-Pool zugef\u00fchrt wird.<\/li><\/ul>\n\n\n\n<h5 class=\"wp-block-heading\"><img loading=\"lazy\" decoding=\"async\" width=\"25\" height=\"25\" class=\"wp-image-1409\" style=\"width: 25px;\" src=\"http:\/\/bioclips.info\/wp-content\/uploads\/2020\/04\/birne.jpg\" alt=\"\" srcset=\"https:\/\/bioclips.info\/wp-content\/uploads\/2020\/04\/birne.jpg 512w, https:\/\/bioclips.info\/wp-content\/uploads\/2020\/04\/birne-300x300.jpg 300w, https:\/\/bioclips.info\/wp-content\/uploads\/2020\/04\/birne-150x150.jpg 150w\" sizes=\"(max-width: 25px) 100vw, 25px\" \/> Was sind Cytochrome?<\/h5>\n\n\n\n<ul><li>elektronen\u00fcbertragende Proteine mit einem H\u00e4m als prosthetische Gruppe<\/li><li>Eisenionen wechseln w\u00e4hrend des Elektronentransports zwischen:<ul><li>Fe<sup>3+<\/sup><sub>oxi<\/sub>&nbsp;(Ferri) und Fe<sup>2+<\/sup><sub>red&nbsp;<\/sub>(Ferro) &#8211; Form<\/li><\/ul><\/li><li>Die Cytochrome b, c1 und c enthalten Eisen-Protoporphyrin IX als prosthetische Gruppe der H\u00e4me. Sie enthalten somit die gleichen H\u00e4m-Gruppen wie Myoglobin und H\u00e4moglobin.<\/li><li>Diese identischen H\u00e4me besitzen unterschiedliche Affinint\u00e4ten zur Elektronen, weil ihre Umgebung im Polypeptid unterschiedlich ist.<\/li><\/ul>\n\n\n\n<h4 class=\"wp-block-heading\">Ergebnis und Bedeutung<\/h4>\n\n\n\n<ul><li>Bilanz: 2QH<sub>2<\/sub>&nbsp;+ 2Cyt c<sub>oxi<\/sub>&nbsp;+ 2H<sup>+<\/sup><sub>Matrix<\/sub>&nbsp;=&gt; Q + QH<sub>2<\/sub>&nbsp;+ 2Cyt c<sub>red<\/sub>&nbsp;+ 4H<sup>+<\/sup><sub>Cytoplasma<\/sub><\/li><li>4 H<sup>+<\/sup>&nbsp;gelangen in den Intermembranraum, 2H<sup>+<\/sup>&nbsp;werden aus der Matrix entfernt<\/li><li>zwei Coenzyme QH<sub>2<\/sub>&nbsp;werden oxidiert, wobei ein Coenzym Q reduziert und dem Q-Pool zugef\u00fchrt wird<\/li><li>Das Enzym verteilt die Elektronen effektiv von einem Zwei-Elektronen-Transporter (Coenzym Q) auf einen Ein-Elektronen-Transporter (Cytochrom c)<\/li><\/ul>\n\n\n\n<h3 class=\"wp-block-heading\">\u00dcbernahme der Elektronen durch die Cytochrom-c-Oxidase und die Reduktion von Sauerstoff zu Wasser<\/h3>\n\n\n\n<ul><li>Cytochrom-c-Oxidase besitzt:<ul><li>2 H\u00e4m A Gruppen<ul><li>H\u00e4m a<\/li><li>H\u00e4m a<sub>3<\/sub><\/li><\/ul><\/li><li>3 Kupferzentren:<ul><li>Cu<sub>A<\/sub>\/Cu<sub>A<\/sub><\/li><li>Cu<sub>B<\/sub><\/li><li>Kupferionen wechseln durch Elektronenauf- bzw. -abgabe zwischen Cu+ (reduziert, Cupro-Form) und Cu2+ (oxidiert, Cupri-Form)<\/li><\/ul><\/li><\/ul><\/li><li>H\u00e4m a<sub>3<\/sub>&nbsp;und Cu<sub>B<\/sub>&nbsp;bilden das aktive Zetrum f\u00fcr die Reduktion von Wasser<\/li><\/ul>\n\n\n\n<h4 class=\"wp-block-heading\">Reduktion von Wasser<\/h4>\n\n\n\n<figure class=\"wp-block-embed-youtube wp-block-embed is-type-video is-provider-youtube wp-embed-aspect-16-9 wp-has-aspect-ratio\"><div class=\"wp-block-embed__wrapper\">\n<iframe loading=\"lazy\" title=\"Atmungskette - Elektronen\u00fcbernahme durch Cytochrom-c-Oxidase\" width=\"644\" height=\"362\" src=\"https:\/\/www.youtube.com\/embed\/lSS6-Ep5J7I?feature=oembed\" frameborder=\"0\" allow=\"accelerometer; autoplay; clipboard-write; encrypted-media; gyroscope; picture-in-picture; web-share\" referrerpolicy=\"strict-origin-when-cross-origin\" allowfullscreen><\/iframe>\n<\/div><\/figure>\n\n\n\n<ul><li>Das Kupferzentrum Cu<sub>A<\/sub>\/Cu<sub>A<\/sub>&nbsp;nimmt die Elektronen von 2 Cytochrom c &#8211; Coenzymen auf<\/li><li>Ein Elektron flie\u00dft Cu<sub>B<\/sub>, das andere zum H\u00e4m a<sub>3<\/sub>&nbsp;(Reduktion)<\/li><li>Bindung vonO<sub>2<\/sub>&nbsp;zieht die Elektronen aus Fe<sup>2+<\/sup>&nbsp;und CuBred ab<\/li><li>es kommt zur Ausbildung einer Peroxid (O<sub>2<\/sub><sup>2-<\/sup>) &#8211; Br\u00fccke<\/li><li>2 Cytochrom c &#8211; Molek\u00fcle binden und setzen wiederum 2 Elektronen frei die zum aktiven Zetrum wandern<\/li><li>Addition eines Elektrons und Protons f\u00fchrt zur Ausbildung von zwei Ion-Sauerstoff-Gruppen (Cub<sup>2+<\/sup>-OH und Fe<sup>3+<\/sup>-OH)<\/li><li>Die Rekation mit zwei weiteren Protonen f\u00fchrt zur Freisetzung von Wasser<\/li><li>Protonen (chemische) stammen aus der Matrix und sind somit ein Beitrag zum Protonengradienten<\/li><\/ul>\n\n\n\n<h4 class=\"wp-block-heading\">Protonenpumpe<\/h4>\n\n\n\n<ul><li>w\u00e4hrend der Reduktion von Sauerstoff werden 4 weitere Protonen in den Intermembranraum gepumpt<\/li><li>Effekte die zum Pumpmechachanismus beitragen:<ul><li>die Addition eines Elektrons beg\u00fcnstigt die Bindung eines Protons in benachbarten Bereichen<\/li><li>durch den Zyklus bedingte Konformationver\u00e4nderung (&#8222;Formver\u00e4nderung&#8220;) des Proteinkomplexes bewirkt, dass die Protonen in einer Konformation aus der Matrix in das Protein eintreten, aber das Protein nur in einer anderen Konformation in Richtung Intermembranraum verlassen k\u00f6nnen.<\/li><\/ul><\/li><\/ul>\n\n\n\n<h4 class=\"wp-block-heading\">Ergebnis und Bedeutung<\/h4>\n\n\n\n<ul><li>Bilanz: 4Cyt c<sub>red<\/sub>&nbsp;+ 8H<sup>+<\/sup><sub>Matrix<\/sub>&nbsp;+ O<sub>2<\/sub>&nbsp;=&gt; 4Cyt c<sub>oxi<\/sub>&nbsp;+ 2H<sub>2<\/sub>O + 4H<sup>+<\/sup><sub>Cytoplasma<\/sub><\/li><li>Reduktion von Sauerstoff zu Wasser, die daf\u00fcr notwendigen Protonen werden aus der Matrix entfernt, was zu einer Erh\u00f6hung der Protonengradienten beitr\u00e4gt<\/li><li>4 Protonen werden in den Intermembranraum gepumpt.<\/li><\/ul>\n\n\n\n<h2 class=\"wp-block-heading\">Oxidative Phosphorylierung<\/h2>\n\n\n\n<p>Die Atmungskette wandelt die Energie der Elektronen in eine protonenmotorische Kraft. Dieser Protonengradienten treibt die ATP-Synthese, die oxidative Phosphorylierung, an. Der Membrankomplex der f\u00fcr ATP-Synthese verantwortlich ist, ist die \u00a0<img loading=\"lazy\" decoding=\"async\" width=\"20\" height=\"20\" class=\"wp-image-1327\" style=\"width: 20px;\" src=\"http:\/\/bioclips.info\/wp-content\/uploads\/2020\/04\/Pfeil.jpg\" alt=\"\" srcset=\"https:\/\/bioclips.info\/wp-content\/uploads\/2020\/04\/Pfeil.jpg 512w, https:\/\/bioclips.info\/wp-content\/uploads\/2020\/04\/Pfeil-300x300.jpg 300w, https:\/\/bioclips.info\/wp-content\/uploads\/2020\/04\/Pfeil-150x150.jpg 150w\" sizes=\"(max-width: 20px) 100vw, 20px\" \/> <a rel=\"noreferrer noopener\" href=\"http:\/\/bioclips.info\/?page_id=1383\" target=\"_blank\">ATP-Synthase, die kleinste Turbine der Welt<\/a>.<\/p>\n\n\n\n<h2 class=\"wp-block-heading\"><img loading=\"lazy\" decoding=\"async\" width=\"25\" height=\"25\" class=\"wp-image-1421\" style=\"width: 25px;\" src=\"http:\/\/bioclips.info\/wp-content\/uploads\/2020\/04\/fuesse2.jpg\" alt=\"\" srcset=\"https:\/\/bioclips.info\/wp-content\/uploads\/2020\/04\/fuesse2.jpg 512w, https:\/\/bioclips.info\/wp-content\/uploads\/2020\/04\/fuesse2-300x300.jpg 300w, https:\/\/bioclips.info\/wp-content\/uploads\/2020\/04\/fuesse2-150x150.jpg 150w\" sizes=\"(max-width: 25px) 100vw, 25px\" \/> Auf dem Lernpfad<\/h2>\n\n\n\n<p>Geschafft! Auf zu neuen Ufern&#8230;<\/p>\n","protected":false},"excerpt":{"rendered":"<p>Wer den ganzen Tag rumsitzt, verbraucht je nach K\u00f6rpergewicht um die 1900kcal. F\u00fcr die Bereitstellung dieser Energie werden ca. 80kg ATP ben\u00f6tigt. Der menschliche K\u00f6rper verf\u00fcgt aber nur \u00fcber 250g ATP. Diese Diskrepanz muss der Stoffwechsel ausgleichen, indem er das verbrauchte ATP st\u00e4ndig aus ADP regeneriert. Ein ATP-Molek\u00fcl durchl\u00e4uft diesen \u201eAufbereitungsprozess\u201c ca. 300mal am Tag&#8230;.<\/p>\n","protected":false},"author":1,"featured_media":0,"parent":1425,"menu_order":7,"comment_status":"closed","ping_status":"closed","template":"","meta":{"footnotes":""},"_links":{"self":[{"href":"https:\/\/bioclips.info\/index.php?rest_route=\/wp\/v2\/pages\/1478"}],"collection":[{"href":"https:\/\/bioclips.info\/index.php?rest_route=\/wp\/v2\/pages"}],"about":[{"href":"https:\/\/bioclips.info\/index.php?rest_route=\/wp\/v2\/types\/page"}],"author":[{"embeddable":true,"href":"https:\/\/bioclips.info\/index.php?rest_route=\/wp\/v2\/users\/1"}],"replies":[{"embeddable":true,"href":"https:\/\/bioclips.info\/index.php?rest_route=%2Fwp%2Fv2%2Fcomments&post=1478"}],"version-history":[{"count":21,"href":"https:\/\/bioclips.info\/index.php?rest_route=\/wp\/v2\/pages\/1478\/revisions"}],"predecessor-version":[{"id":2122,"href":"https:\/\/bioclips.info\/index.php?rest_route=\/wp\/v2\/pages\/1478\/revisions\/2122"}],"up":[{"embeddable":true,"href":"https:\/\/bioclips.info\/index.php?rest_route=\/wp\/v2\/pages\/1425"}],"wp:attachment":[{"href":"https:\/\/bioclips.info\/index.php?rest_route=%2Fwp%2Fv2%2Fmedia&parent=1478"}],"curies":[{"name":"wp","href":"https:\/\/api.w.org\/{rel}","templated":true}]}}