{"id":1475,"date":"2020-04-26T08:59:37","date_gmt":"2020-04-26T06:59:37","guid":{"rendered":"http:\/\/bioclips.info\/?page_id=1475"},"modified":"2020-04-27T12:18:48","modified_gmt":"2020-04-27T10:18:48","slug":"endoxidation","status":"publish","type":"page","link":"https:\/\/bioclips.info\/?page_id=1475","title":{"rendered":"Endoxidation"},"content":{"rendered":"\n<h2 class=\"wp-block-heading\"><img loading=\"lazy\" decoding=\"async\" width=\"25\" height=\"25\" class=\"wp-image-961\" style=\"width: 25px;\" src=\"http:\/\/bioclips.info\/wp-content\/uploads\/2018\/12\/favicon.jpg\" alt=\"\" srcset=\"https:\/\/bioclips.info\/wp-content\/uploads\/2018\/12\/favicon.jpg 512w, https:\/\/bioclips.info\/wp-content\/uploads\/2018\/12\/favicon-150x150.jpg 150w, https:\/\/bioclips.info\/wp-content\/uploads\/2018\/12\/favicon-300x300.jpg 300w\" sizes=\"(max-width: 25px) 100vw, 25px\" \/> Worum geht\u00b4s?<\/h2>\n\n\n\n<p>Wenn Wasserstoff mit Sauerstoff reagiert wird schlagartig eine Menge Energie frei (Knallgasreaktion). Jeder kennt dieses Experiment aus dem Chemieunterricht. Wie ist es m\u00f6glich, dass diese Reaktion in der Zelle abl\u00e4uft, ohne dass die Zelle wie ein Silvesterb\u00f6ller reagiert?<\/p>\n\n\n\n<h2 class=\"wp-block-heading\">Merkmale<\/h2>\n\n\n\n<ul><li>Die Endoxidation ist eine enzymatisch kontrollierte Knallgasreaktion.<\/li><li>Voraussetzung ist die Anwesenheit von Sauerstoff und NADH+H<sup>+<\/sup>&nbsp;sowie FADH<sub>2<\/sub>&nbsp;aus der Glykolyse, der oxidativen Decarboxylierung sowie dem Zitronens\u00e4urezyklus<\/li><li>die innere Mitochondrienmembran enth\u00e4lt die daf\u00fcr notwendigen Enzyme, f\u00fcr die Elektronentransportkette Oxidoreduktasen sowie das Enzym f\u00fcr die ATP-Synthese, die ATP-Synthase<\/li><\/ul>\n\n\n\n<h2 class=\"wp-block-heading\">Verlauf<\/h2>\n\n\n\n<figure class=\"wp-block-embed-youtube aligncenter wp-block-embed is-type-video is-provider-youtube wp-embed-aspect-16-9 wp-has-aspect-ratio\"><div class=\"wp-block-embed__wrapper\">\n<iframe loading=\"lazy\" title=\"Endoxidation - Atmungskette und oxidative Phosophorylierung\" width=\"644\" height=\"362\" src=\"https:\/\/www.youtube.com\/embed\/91SSEeoQcfU?feature=oembed\" frameborder=\"0\" allow=\"accelerometer; autoplay; clipboard-write; encrypted-media; gyroscope; picture-in-picture; web-share\" referrerpolicy=\"strict-origin-when-cross-origin\" allowfullscreen><\/iframe>\n<\/div><figcaption><em>Kurz und knapp die Endoxidation<\/em><\/figcaption><\/figure>\n\n\n\n<p>Elektronentransportkette &#8211; Aufbau eines Protonengradienten<\/p>\n\n\n\n<ol><li>Enzyme tansportieren die energiereichen Elektronen zum Sauerstoff.<\/li><li>Die schrittweise frei werdende Energie transportiert die Wasserstoffprotonen aus der Matrix in den Membranzwischenraum.<\/li><li>Die energiearmen Elektronen werden auf den Sauerstoff und Wasserstoff \u00fcbertragen, es ensteht Wasser.<\/li><\/ol>\n\n\n\n<p>Oxidative Phosphorylierung &#8211; ATP Synthese<\/p>\n\n\n\n<ol><li>Durch die Anreicherung der Protonen im Membranzwischenraum ensteht ein Protonengradient (Konzentrationsgef\u00e4lle).<\/li><li>Der Gradient treibt die&nbsp;ATP-Synthase, es entsteht ATP.<\/li><\/ol>\n\n\n\n<h2 class=\"wp-block-heading\">Bilanz<\/h2>\n\n\n\n<p>2 NADH<sub>2<\/sub>&nbsp;(Glykolyse) + 2 NADH<sub>2<\/sub>&nbsp;(Dekarboxylierung) + 6 NADH<sub>2<\/sub>&nbsp;+ 2 FADH<sub>2<\/sub>&nbsp;(Zitronens\u00e4urezyklus) ergeben 34 Mol ATP.<\/p>\n\n\n\n<h2 class=\"wp-block-heading\">Gesamtbilanz<\/h2>\n\n\n\n<p>2 ATP aus der Glykolyse + 2 ATP (eigentlich GTP) aus dem Zitronens\u00e4urezyklus + 34 ATP aus der Endoxidation ergibt 38 Mol ATP. Davon werden aber 2 Mol ATP f\u00fcr den Transport von NADH<sub>2<\/sub>&nbsp;in das Mitochondrium verbraucht, so dass am Ende maximal 36 Mol ATP Netto \u00fcbrig bleiben.<\/p>\n\n\n\n<h2 class=\"wp-block-heading\"><img loading=\"lazy\" decoding=\"async\" width=\"25\" height=\"25\" class=\"wp-image-1421\" style=\"width: 25px;\" src=\"http:\/\/bioclips.info\/wp-content\/uploads\/2020\/04\/fuesse2.jpg\" alt=\"\" srcset=\"https:\/\/bioclips.info\/wp-content\/uploads\/2020\/04\/fuesse2.jpg 512w, https:\/\/bioclips.info\/wp-content\/uploads\/2020\/04\/fuesse2-300x300.jpg 300w, https:\/\/bioclips.info\/wp-content\/uploads\/2020\/04\/fuesse2-150x150.jpg 150w\" sizes=\"(max-width: 25px) 100vw, 25px\" \/> Auf dem Lernpfad<\/h2>\n\n\n\n<p><a href=\"http:\/\/bioclips.info\/?page_id=1478\">Endoxidation II<\/a><\/p>\n","protected":false},"excerpt":{"rendered":"<p>Worum geht\u00b4s? Wenn Wasserstoff mit Sauerstoff reagiert wird schlagartig eine Menge Energie frei (Knallgasreaktion). Jeder kennt dieses Experiment aus dem Chemieunterricht. Wie ist es m\u00f6glich, dass diese Reaktion in der Zelle abl\u00e4uft, ohne dass die Zelle wie ein Silvesterb\u00f6ller reagiert? Merkmale Die Endoxidation ist eine enzymatisch kontrollierte Knallgasreaktion. Voraussetzung ist die Anwesenheit von Sauerstoff und&#8230;<\/p>\n","protected":false},"author":1,"featured_media":0,"parent":1425,"menu_order":5,"comment_status":"closed","ping_status":"closed","template":"","meta":{"footnotes":""},"_links":{"self":[{"href":"https:\/\/bioclips.info\/index.php?rest_route=\/wp\/v2\/pages\/1475"}],"collection":[{"href":"https:\/\/bioclips.info\/index.php?rest_route=\/wp\/v2\/pages"}],"about":[{"href":"https:\/\/bioclips.info\/index.php?rest_route=\/wp\/v2\/types\/page"}],"author":[{"embeddable":true,"href":"https:\/\/bioclips.info\/index.php?rest_route=\/wp\/v2\/users\/1"}],"replies":[{"embeddable":true,"href":"https:\/\/bioclips.info\/index.php?rest_route=%2Fwp%2Fv2%2Fcomments&post=1475"}],"version-history":[{"count":8,"href":"https:\/\/bioclips.info\/index.php?rest_route=\/wp\/v2\/pages\/1475\/revisions"}],"predecessor-version":[{"id":1556,"href":"https:\/\/bioclips.info\/index.php?rest_route=\/wp\/v2\/pages\/1475\/revisions\/1556"}],"up":[{"embeddable":true,"href":"https:\/\/bioclips.info\/index.php?rest_route=\/wp\/v2\/pages\/1425"}],"wp:attachment":[{"href":"https:\/\/bioclips.info\/index.php?rest_route=%2Fwp%2Fv2%2Fmedia&parent=1475"}],"curies":[{"name":"wp","href":"https:\/\/api.w.org\/{rel}","templated":true}]}}