{"id":1473,"date":"2020-04-26T07:55:59","date_gmt":"2020-04-26T05:55:59","guid":{"rendered":"http:\/\/bioclips.info\/?page_id=1473"},"modified":"2020-04-27T11:14:24","modified_gmt":"2020-04-27T09:14:24","slug":"der-zitronensaeurezyklus","status":"publish","type":"page","link":"https:\/\/bioclips.info\/?page_id=1473","title":{"rendered":"Der Zitronens\u00e4urezyklus"},"content":{"rendered":"\n<h2 class=\"wp-block-heading\"><img loading=\"lazy\" decoding=\"async\" width=\"25\" height=\"25\" class=\"wp-image-961\" style=\"width: 25px;\" src=\"http:\/\/bioclips.info\/wp-content\/uploads\/2018\/12\/favicon.jpg\" alt=\"\" srcset=\"https:\/\/bioclips.info\/wp-content\/uploads\/2018\/12\/favicon.jpg 512w, https:\/\/bioclips.info\/wp-content\/uploads\/2018\/12\/favicon-150x150.jpg 150w, https:\/\/bioclips.info\/wp-content\/uploads\/2018\/12\/favicon-300x300.jpg 300w\" sizes=\"(max-width: 25px) 100vw, 25px\" \/> Worum geht\u00b4s?<\/h2>\n\n\n\n<h2 class=\"wp-block-heading\">Verlauf<\/h2>\n\n\n\n<figure class=\"wp-block-embed-youtube wp-block-embed is-type-video is-provider-youtube wp-embed-aspect-16-9 wp-has-aspect-ratio\"><div class=\"wp-block-embed__wrapper\">\n<iframe loading=\"lazy\" title=\"Zitronens\u00e4urezyklus - Zellatmung\" width=\"644\" height=\"362\" src=\"https:\/\/www.youtube.com\/embed\/bZxo791KkCg?feature=oembed\" frameborder=\"0\" allow=\"accelerometer; autoplay; clipboard-write; encrypted-media; gyroscope; picture-in-picture; web-share\" referrerpolicy=\"strict-origin-when-cross-origin\" allowfullscreen><\/iframe>\n<\/div><\/figure>\n\n\n\n<ol><li>\u00dcbergabe des Acetylrestes an den Akzeptor Oxalacetat (Oxalessigs\u00e4ure), es entsteht Citrat (Zitronens\u00e4ure)<\/li><li>Der C2-K\u00f6rper des Acetylrestes wird vollst\u00e4ndig als CO<sub>2<\/sub>&nbsp;abgeben.<\/li><li>Es entstehen NADH<sub>2<\/sub>&nbsp;und FADH<sub>2<\/sub>&nbsp;sowie GTP.<\/li><li>Das Oxyalacetat (Oxalessigs\u00e4ure) wird regeneriert<\/li><li>Glucose ist vollst\u00e4ndig abgebaut<\/li><\/ol>\n\n\n\n<h2 class=\"wp-block-heading\">Bilanz<\/h2>\n\n\n\n<ul><li>2 GTP (ATP energetisch gleichwertig)<\/li><li>6 NADH<sub>2<\/sub><\/li><li>2 FADH<sub>2<\/sub><\/li><li>[4 CO<sub>2<\/sub>&nbsp;werden abgegeben.]<\/li><\/ul>\n\n\n\n<h2 class=\"wp-block-heading\">Bedeutung<\/h2>\n\n\n\n<p>Die Glucose ist vollst\u00e4ndig zerlegt. Das Kohlenstoffger\u00fcst wird in Form von Kohlendioxid abgeben.<\/p>\n\n\n\n<p>NADH<sub>2<\/sub>&nbsp;und FADH<sub>2<\/sub>&nbsp;stehen der&nbsp;Endoxidation&nbsp;zur Verf\u00fcgung.<\/p>\n\n\n\n<h2 class=\"wp-block-heading\"><img loading=\"lazy\" decoding=\"async\" width=\"25\" height=\"25\" class=\"wp-image-1421\" style=\"width: 25px;\" src=\"http:\/\/bioclips.info\/wp-content\/uploads\/2020\/04\/fuesse2.jpg\" alt=\"\" srcset=\"https:\/\/bioclips.info\/wp-content\/uploads\/2020\/04\/fuesse2.jpg 512w, https:\/\/bioclips.info\/wp-content\/uploads\/2020\/04\/fuesse2-300x300.jpg 300w, https:\/\/bioclips.info\/wp-content\/uploads\/2020\/04\/fuesse2-150x150.jpg 150w\" sizes=\"(max-width: 25px) 100vw, 25px\" \/> Auf dem Lernpfad<\/h2>\n\n\n\n<p><a href=\"http:\/\/bioclips.info\/?page_id=1475\">Endoxidation<\/a><\/p>\n","protected":false},"excerpt":{"rendered":"<p>Worum geht\u00b4s? Verlauf \u00dcbergabe des Acetylrestes an den Akzeptor Oxalacetat (Oxalessigs\u00e4ure), es entsteht Citrat (Zitronens\u00e4ure) Der C2-K\u00f6rper des Acetylrestes wird vollst\u00e4ndig als CO2&nbsp;abgeben. Es entstehen NADH2&nbsp;und FADH2&nbsp;sowie GTP. Das Oxyalacetat (Oxalessigs\u00e4ure) wird regeneriert Glucose ist vollst\u00e4ndig abgebaut Bilanz 2 GTP (ATP energetisch gleichwertig) 6 NADH2 2 FADH2 [4 CO2&nbsp;werden abgegeben.] Bedeutung Die Glucose ist vollst\u00e4ndig&#8230;<\/p>\n","protected":false},"author":1,"featured_media":0,"parent":1425,"menu_order":4,"comment_status":"closed","ping_status":"closed","template":"","meta":{"footnotes":""},"_links":{"self":[{"href":"https:\/\/bioclips.info\/index.php?rest_route=\/wp\/v2\/pages\/1473"}],"collection":[{"href":"https:\/\/bioclips.info\/index.php?rest_route=\/wp\/v2\/pages"}],"about":[{"href":"https:\/\/bioclips.info\/index.php?rest_route=\/wp\/v2\/types\/page"}],"author":[{"embeddable":true,"href":"https:\/\/bioclips.info\/index.php?rest_route=\/wp\/v2\/users\/1"}],"replies":[{"embeddable":true,"href":"https:\/\/bioclips.info\/index.php?rest_route=%2Fwp%2Fv2%2Fcomments&post=1473"}],"version-history":[{"count":5,"href":"https:\/\/bioclips.info\/index.php?rest_route=\/wp\/v2\/pages\/1473\/revisions"}],"predecessor-version":[{"id":1547,"href":"https:\/\/bioclips.info\/index.php?rest_route=\/wp\/v2\/pages\/1473\/revisions\/1547"}],"up":[{"embeddable":true,"href":"https:\/\/bioclips.info\/index.php?rest_route=\/wp\/v2\/pages\/1425"}],"wp:attachment":[{"href":"https:\/\/bioclips.info\/index.php?rest_route=%2Fwp%2Fv2%2Fmedia&parent=1473"}],"curies":[{"name":"wp","href":"https:\/\/api.w.org\/{rel}","templated":true}]}}