{"id":1471,"date":"2020-04-26T07:53:44","date_gmt":"2020-04-26T05:53:44","guid":{"rendered":"http:\/\/bioclips.info\/?page_id=1471"},"modified":"2020-04-27T11:10:47","modified_gmt":"2020-04-27T09:10:47","slug":"oxidative-carboxylierung","status":"publish","type":"page","link":"https:\/\/bioclips.info\/?page_id=1471","title":{"rendered":"Oxidative Decarboxylierung"},"content":{"rendered":"\n<h2 class=\"wp-block-heading\"><img loading=\"lazy\" decoding=\"async\" width=\"25\" height=\"25\" class=\"wp-image-961\" style=\"width: 25px;\" src=\"http:\/\/bioclips.info\/wp-content\/uploads\/2018\/12\/favicon.jpg\" alt=\"\" srcset=\"https:\/\/bioclips.info\/wp-content\/uploads\/2018\/12\/favicon.jpg 512w, https:\/\/bioclips.info\/wp-content\/uploads\/2018\/12\/favicon-150x150.jpg 150w, https:\/\/bioclips.info\/wp-content\/uploads\/2018\/12\/favicon-300x300.jpg 300w\" sizes=\"(max-width: 25px) 100vw, 25px\" \/> Worum geht\u00b4s?<\/h2>\n\n\n\n<p>Hier werden die zwei weiteren Schritte der Substratzerlegung besprochen, die zum vollst\u00e4ndigen Abbau der Glucose f\u00fchren.<\/p>\n\n\n\n<h2 class=\"wp-block-heading\">Verlauf<\/h2>\n\n\n\n<figure class=\"wp-block-embed-youtube wp-block-embed is-type-video is-provider-youtube wp-embed-aspect-16-9 wp-has-aspect-ratio\"><div class=\"wp-block-embed__wrapper\">\n<iframe loading=\"lazy\" title=\"Oxidative Dekarboxylierung - Zellatmung\" width=\"644\" height=\"362\" src=\"https:\/\/www.youtube.com\/embed\/8L4CA1XFgy4?feature=oembed\" frameborder=\"0\" allow=\"accelerometer; autoplay; clipboard-write; encrypted-media; gyroscope; picture-in-picture; web-share\" referrerpolicy=\"strict-origin-when-cross-origin\" allowfullscreen><\/iframe>\n<\/div><\/figure>\n\n\n\n<ul><li>Enzymatisch werden vom Pyruvat ein CO<sub>2<\/sub>&#8211; Molek\u00fcl und 2H<sup>+<\/sup>&nbsp;abgespalten. Es entsteht NADH<sub>2<\/sub>.<\/li><li>Der Acetylrest reagiert mit dem Co-Enzym A zum Acetyl-Co-Enzym A (aktivierte Essigs\u00e4ure).<\/li><\/ul>\n\n\n\n<h2 class=\"wp-block-heading\">Bilanz<\/h2>\n\n\n\n<ul><li>2 x aktivierte Essigs\u00e4ure<\/li><li>2 NADH<sub>2<\/sub><\/li><li>[2 CO<sub>2<\/sub>&nbsp;Molek\u00fcle werden abgegeben]<\/li><\/ul>\n\n\n\n<h2 class=\"wp-block-heading\"><img loading=\"lazy\" decoding=\"async\" width=\"25\" height=\"25\" class=\"wp-image-1421\" style=\"width: 25px;\" src=\"http:\/\/bioclips.info\/wp-content\/uploads\/2020\/04\/fuesse2.jpg\" alt=\"\" srcset=\"https:\/\/bioclips.info\/wp-content\/uploads\/2020\/04\/fuesse2.jpg 512w, https:\/\/bioclips.info\/wp-content\/uploads\/2020\/04\/fuesse2-300x300.jpg 300w, https:\/\/bioclips.info\/wp-content\/uploads\/2020\/04\/fuesse2-150x150.jpg 150w\" sizes=\"(max-width: 25px) 100vw, 25px\" \/> Auf dem Lernpfad<\/h2>\n\n\n\n<p><a href=\"http:\/\/bioclips.info\/?page_id=1473\">Zitronens\u00e4urezyklus<\/a><\/p>\n","protected":false},"excerpt":{"rendered":"<p>Worum geht\u00b4s? Hier werden die zwei weiteren Schritte der Substratzerlegung besprochen, die zum vollst\u00e4ndigen Abbau der Glucose f\u00fchren. Verlauf Enzymatisch werden vom Pyruvat ein CO2&#8211; Molek\u00fcl und 2H+&nbsp;abgespalten. Es entsteht NADH2. Der Acetylrest reagiert mit dem Co-Enzym A zum Acetyl-Co-Enzym A (aktivierte Essigs\u00e4ure). Bilanz 2 x aktivierte Essigs\u00e4ure 2 NADH2 [2 CO2&nbsp;Molek\u00fcle werden abgegeben] Auf&#8230;<\/p>\n","protected":false},"author":1,"featured_media":0,"parent":1425,"menu_order":3,"comment_status":"closed","ping_status":"closed","template":"","meta":{"footnotes":""},"_links":{"self":[{"href":"https:\/\/bioclips.info\/index.php?rest_route=\/wp\/v2\/pages\/1471"}],"collection":[{"href":"https:\/\/bioclips.info\/index.php?rest_route=\/wp\/v2\/pages"}],"about":[{"href":"https:\/\/bioclips.info\/index.php?rest_route=\/wp\/v2\/types\/page"}],"author":[{"embeddable":true,"href":"https:\/\/bioclips.info\/index.php?rest_route=\/wp\/v2\/users\/1"}],"replies":[{"embeddable":true,"href":"https:\/\/bioclips.info\/index.php?rest_route=%2Fwp%2Fv2%2Fcomments&post=1471"}],"version-history":[{"count":8,"href":"https:\/\/bioclips.info\/index.php?rest_route=\/wp\/v2\/pages\/1471\/revisions"}],"predecessor-version":[{"id":1545,"href":"https:\/\/bioclips.info\/index.php?rest_route=\/wp\/v2\/pages\/1471\/revisions\/1545"}],"up":[{"embeddable":true,"href":"https:\/\/bioclips.info\/index.php?rest_route=\/wp\/v2\/pages\/1425"}],"wp:attachment":[{"href":"https:\/\/bioclips.info\/index.php?rest_route=%2Fwp%2Fv2%2Fmedia&parent=1471"}],"curies":[{"name":"wp","href":"https:\/\/api.w.org\/{rel}","templated":true}]}}