{"id":1467,"date":"2020-04-26T07:45:41","date_gmt":"2020-04-26T05:45:41","guid":{"rendered":"http:\/\/bioclips.info\/?page_id=1467"},"modified":"2020-05-30T10:15:45","modified_gmt":"2020-05-30T08:15:45","slug":"glykolyse","status":"publish","type":"page","link":"https:\/\/bioclips.info\/?page_id=1467","title":{"rendered":"Glykolyse"},"content":{"rendered":"\n<h2 class=\"wp-block-heading\"><img loading=\"lazy\" decoding=\"async\" width=\"25\" height=\"25\" class=\"wp-image-961\" style=\"width: 25px;\" src=\"http:\/\/bioclips.info\/wp-content\/uploads\/2018\/12\/favicon.jpg\" alt=\"\" srcset=\"https:\/\/bioclips.info\/wp-content\/uploads\/2018\/12\/favicon.jpg 512w, https:\/\/bioclips.info\/wp-content\/uploads\/2018\/12\/favicon-150x150.jpg 150w, https:\/\/bioclips.info\/wp-content\/uploads\/2018\/12\/favicon-300x300.jpg 300w\" sizes=\"(max-width: 25px) 100vw, 25px\" \/> Worum geht\u00b4?<\/h2>\n\n\n\n<p>Die Animation zeigt die einzelnen Schritte der Glykolyse. Wer sie lernen muss, dem ist die Animation eventuell eine n\u00fctzliche Hilfe. Einfach die Animation anhalten, sich veranschaulichen, was in der jeweiligen Szene geschieht, \u00fcberlegen, was in der n\u00e4chsten Szene passieren m\u00fcsste, zur n\u00e4chsten Szene gehen und das Gelernte \u00fcberpr\u00fcfen usw.<\/p>\n\n\n\n<h2 class=\"wp-block-heading\">Merkmale<\/h2>\n\n\n\n<ul><li>Die Glykloyse findet im Zellplasma der Zelle statt.<\/li><li>Mit ihr beginnt der Abbau der Glucose (1. Schritt der Substratzerlegung)<\/li><\/ul>\n\n\n\n<h2 class=\"wp-block-heading\">Verlauf<\/h2>\n\n\n\n<figure class=\"wp-block-embed-youtube wp-block-embed is-type-video is-provider-youtube wp-embed-aspect-16-9 wp-has-aspect-ratio\"><div class=\"wp-block-embed__wrapper\">\n<iframe loading=\"lazy\" title=\"Glykolyse - Zellatmung\" width=\"644\" height=\"362\" src=\"https:\/\/www.youtube.com\/embed\/SPItlOPrBTU?feature=oembed\" frameborder=\"0\" allow=\"accelerometer; autoplay; clipboard-write; encrypted-media; gyroscope; picture-in-picture; web-share\" referrerpolicy=\"strict-origin-when-cross-origin\" allowfullscreen><\/iframe>\n<\/div><\/figure>\n\n\n\n<h3 class=\"wp-block-heading\">Aktivierungsphase<\/h3>\n\n\n\n<ul><li>Glucose regiert unter ATP-Verbrauch (2 ATP) zu Fructose &#8211; 1,6 bisphosphat<\/li><\/ul>\n\n\n\n<h3 class=\"wp-block-heading\">Energieliefernde Phase<\/h3>\n\n\n\n<ul><li>Fructose &#8211; 1,6 bisphosphat =&gt; 2 Glycerinaldehyd &#8211; 3 &#8211; phosphat (Glyceral) =&gt; 1,3 Diphosophoglycerins\u00e4ure (Glycerat) =&gt; Brenztraubens\u00e4ure (Pyruvat)<\/li><li>Der C6-K\u00f6rper Fructose wird in 2 C3-K\u00f6rper Brenztraubens\u00e4ure zerlegt.<\/li><li>Dabei werden 4 ATP-Molek\u00fcle und NADH<sub>2<\/sub>-Molek\u00fcle frei.<\/li><\/ul>\n\n\n\n<h2 class=\"wp-block-heading\">Bilanz<\/h2>\n\n\n\n<ul><li>2 Brenztraubens\u00e4ue (Pyruvat &#8211; C3-K\u00f6rper)<\/li><li>2 ATP (ATP-Verbrauch und Freisetzung werden gegeneinander aufgerechnet.)<\/li><li>2 NADH<sub>2&nbsp;<\/sub>(wird der&nbsp;<a href=\"http:\/\/www.bioclips.de\/content\/02_dissim\/atmungsket.html\">Endoxidation<\/a>&nbsp;zugef\u00fchrt)<\/li><\/ul>\n\n\n\n<h2 class=\"wp-block-heading\"><img loading=\"lazy\" decoding=\"async\" width=\"25\" height=\"25\" class=\"wp-image-1421\" style=\"width: 25px;\" src=\"http:\/\/bioclips.info\/wp-content\/uploads\/2020\/04\/fuesse2.jpg\" alt=\"\" srcset=\"https:\/\/bioclips.info\/wp-content\/uploads\/2020\/04\/fuesse2.jpg 512w, https:\/\/bioclips.info\/wp-content\/uploads\/2020\/04\/fuesse2-300x300.jpg 300w, https:\/\/bioclips.info\/wp-content\/uploads\/2020\/04\/fuesse2-150x150.jpg 150w\" sizes=\"(max-width: 25px) 100vw, 25px\" \/> Auf dem Lernpfad<\/h2>\n\n\n\n<p><a href=\"https:\/\/bioclips.info\/?page_id=1471\">Oxidative Decarboxylierung<\/a><\/p>\n","protected":false},"excerpt":{"rendered":"<p>Worum geht\u00b4? Die Animation zeigt die einzelnen Schritte der Glykolyse. Wer sie lernen muss, dem ist die Animation eventuell eine n\u00fctzliche Hilfe. Einfach die Animation anhalten, sich veranschaulichen, was in der jeweiligen Szene geschieht, \u00fcberlegen, was in der n\u00e4chsten Szene passieren m\u00fcsste, zur n\u00e4chsten Szene gehen und das Gelernte \u00fcberpr\u00fcfen usw. Merkmale Die Glykloyse findet&#8230;<\/p>\n","protected":false},"author":1,"featured_media":0,"parent":1425,"menu_order":2,"comment_status":"closed","ping_status":"closed","template":"","meta":{"footnotes":""},"_links":{"self":[{"href":"https:\/\/bioclips.info\/index.php?rest_route=\/wp\/v2\/pages\/1467"}],"collection":[{"href":"https:\/\/bioclips.info\/index.php?rest_route=\/wp\/v2\/pages"}],"about":[{"href":"https:\/\/bioclips.info\/index.php?rest_route=\/wp\/v2\/types\/page"}],"author":[{"embeddable":true,"href":"https:\/\/bioclips.info\/index.php?rest_route=\/wp\/v2\/users\/1"}],"replies":[{"embeddable":true,"href":"https:\/\/bioclips.info\/index.php?rest_route=%2Fwp%2Fv2%2Fcomments&post=1467"}],"version-history":[{"count":9,"href":"https:\/\/bioclips.info\/index.php?rest_route=\/wp\/v2\/pages\/1467\/revisions"}],"predecessor-version":[{"id":2011,"href":"https:\/\/bioclips.info\/index.php?rest_route=\/wp\/v2\/pages\/1467\/revisions\/2011"}],"up":[{"embeddable":true,"href":"https:\/\/bioclips.info\/index.php?rest_route=\/wp\/v2\/pages\/1425"}],"wp:attachment":[{"href":"https:\/\/bioclips.info\/index.php?rest_route=%2Fwp%2Fv2%2Fmedia&parent=1467"}],"curies":[{"name":"wp","href":"https:\/\/api.w.org\/{rel}","templated":true}]}}