{"id":1433,"date":"2020-04-25T12:02:05","date_gmt":"2020-04-25T10:02:05","guid":{"rendered":"http:\/\/bioclips.info\/?page_id=1433"},"modified":"2020-04-26T10:09:42","modified_gmt":"2020-04-26T08:09:42","slug":"zellatmung-die-4-phasen-kurz-und-knapp","status":"publish","type":"page","link":"https:\/\/bioclips.info\/?page_id=1433","title":{"rendered":"Zellatmung &#8211; die 4 Phasen kurz und knapp"},"content":{"rendered":"\n<h2 class=\"wp-block-heading\"><img loading=\"lazy\" decoding=\"async\" width=\"25\" height=\"25\" class=\"wp-image-961\" style=\"width: 25px;\" src=\"http:\/\/bioclips.info\/wp-content\/uploads\/2018\/12\/favicon.jpg\" alt=\"\" srcset=\"https:\/\/bioclips.info\/wp-content\/uploads\/2018\/12\/favicon.jpg 512w, https:\/\/bioclips.info\/wp-content\/uploads\/2018\/12\/favicon-150x150.jpg 150w, https:\/\/bioclips.info\/wp-content\/uploads\/2018\/12\/favicon-300x300.jpg 300w\" sizes=\"(max-width: 25px) 100vw, 25px\" \/> Worum gehts?<\/h2>\n\n\n\n<p>Diese Seite vermittelt einen \u00dcberblick \u00fcber die Zellatmung mit den wichtigsten Reakionen und Zwischenprodukten.<\/p>\n\n\n\n<ul><li>Glukose reagiert ab einer bestimmten Temperatur direkt mit dem Luftsauerstoff zu Kohlendioxid. Die in Glukose gespeicherte Energie wird als W\u00e4rme abgeben. In Zellen ist das nicht m\u00f6glich.<\/li><li>In der Zelle erfolgt die &#8222;Verbrennung&#8220; mitels nacheinander angeordneter Reaktionschritte, die durch Enzyme kontrolliert werden.<\/li><li>In Zellen wird dazu als erstes das Kohlenstoffger\u00fcst der Glukose zerlegt und als Kohlendioxid abgegeben.<\/li><li>Der dabei freigesetzte Wasserstoff wird auf Coenzyme \u00fcbertragen und einer enzymatische kontrollierten Knallgasreaktion zugef\u00fchrt. Die Energie wird \u00fcber eine Enzymkaskade portioniert abgegeben.<\/li><\/ul>\n\n\n\n<h2 class=\"wp-block-heading\">Reaktionschritte der Zellatmung<\/h2>\n\n\n\n<figure class=\"wp-block-image size-large\"><img loading=\"lazy\" decoding=\"async\" width=\"644\" height=\"927\" src=\"http:\/\/bioclips.info\/wp-content\/uploads\/2020\/04\/zell-atmung01-644x927.jpg\" alt=\"\" class=\"wp-image-1440\" srcset=\"https:\/\/bioclips.info\/wp-content\/uploads\/2020\/04\/zell-atmung01-644x927.jpg 644w, https:\/\/bioclips.info\/wp-content\/uploads\/2020\/04\/zell-atmung01-208x300.jpg 208w, https:\/\/bioclips.info\/wp-content\/uploads\/2020\/04\/zell-atmung01.jpg 750w\" sizes=\"(max-width: 644px) 100vw, 644px\" \/><\/figure>\n\n\n\n<h3 class=\"wp-block-heading\">Substratzerlegung<\/h3>\n\n\n\n<figure class=\"wp-block-image size-large\"><img loading=\"lazy\" decoding=\"async\" width=\"644\" height=\"927\" src=\"http:\/\/bioclips.info\/wp-content\/uploads\/2020\/04\/zell-atmung02-644x927.jpg\" alt=\"\" class=\"wp-image-1444\" srcset=\"https:\/\/bioclips.info\/wp-content\/uploads\/2020\/04\/zell-atmung02-644x927.jpg 644w, https:\/\/bioclips.info\/wp-content\/uploads\/2020\/04\/zell-atmung02-208x300.jpg 208w, https:\/\/bioclips.info\/wp-content\/uploads\/2020\/04\/zell-atmung02.jpg 750w\" sizes=\"(max-width: 644px) 100vw, 644px\" \/><\/figure>\n\n\n\n<div class=\"wp-block-image\"><figure class=\"aligncenter size-large\"><img loading=\"lazy\" decoding=\"async\" width=\"644\" height=\"927\" src=\"https:\/\/bioclips.info\/wp-content\/uploads\/2020\/04\/zell-atmung03-644x927.jpg\" alt=\"\" class=\"wp-image-1455\" srcset=\"https:\/\/bioclips.info\/wp-content\/uploads\/2020\/04\/zell-atmung03-644x927.jpg 644w, https:\/\/bioclips.info\/wp-content\/uploads\/2020\/04\/zell-atmung03-208x300.jpg 208w, https:\/\/bioclips.info\/wp-content\/uploads\/2020\/04\/zell-atmung03.jpg 750w\" sizes=\"(max-width: 644px) 100vw, 644px\" \/><\/figure><\/div>\n\n\n\n<ul><li>Reaktionsort: Zellplasma <\/li><li>Glukose (1-C-6-K\u00f6rper) =&gt; 2 Pyruvat (2-C-3-K\u00f6rper)<\/li><\/ul>\n\n\n\n<div class=\"wp-block-image\"><figure class=\"aligncenter size-large\"><img loading=\"lazy\" decoding=\"async\" width=\"644\" height=\"927\" src=\"https:\/\/bioclips.info\/wp-content\/uploads\/2020\/04\/zell-atmung04-644x927.jpg\" alt=\"\" class=\"wp-image-1456\" srcset=\"https:\/\/bioclips.info\/wp-content\/uploads\/2020\/04\/zell-atmung04-644x927.jpg 644w, https:\/\/bioclips.info\/wp-content\/uploads\/2020\/04\/zell-atmung04-208x300.jpg 208w, https:\/\/bioclips.info\/wp-content\/uploads\/2020\/04\/zell-atmung04.jpg 750w\" sizes=\"(max-width: 644px) 100vw, 644px\" \/><\/figure><\/div>\n\n\n\n<ul><li>Reaktionsort: Mitochondrienmatrix<\/li><li>2 Pyruvat (2-C3-K\u00f6rper) =&gt; 2 Acetyl-Coenzym (2-C2-K\u00f6rper) (2CO<sub>2<\/sub> entweicht)<\/li><\/ul>\n\n\n\n<div class=\"wp-block-image\"><figure class=\"aligncenter size-large\"><img loading=\"lazy\" decoding=\"async\" width=\"644\" height=\"927\" src=\"https:\/\/bioclips.info\/wp-content\/uploads\/2020\/04\/zell-atmung05-644x927.jpg\" alt=\"\" class=\"wp-image-1457\" srcset=\"https:\/\/bioclips.info\/wp-content\/uploads\/2020\/04\/zell-atmung05-644x927.jpg 644w, https:\/\/bioclips.info\/wp-content\/uploads\/2020\/04\/zell-atmung05-208x300.jpg 208w, https:\/\/bioclips.info\/wp-content\/uploads\/2020\/04\/zell-atmung05.jpg 750w\" sizes=\"(max-width: 644px) 100vw, 644px\" \/><\/figure><\/div>\n\n\n\n<ul><li>Rekationsort: Mitochondrienmatrix<\/li><li>Oxalessigs\u00e4ue (2-C4-K\u00f6rper) =&gt; Zitronens\u00e4ure (2-C6-K\u00f6rper) =&gt; Oxalessigs\u00e4ure (2-C4-K\u00f6rper) (4CO<sub>2<\/sub> entweicht)<\/li><li>Das Glukosemolek\u00fcl ist zerlegt.<\/li><\/ul>\n\n\n\n<h3 class=\"wp-block-heading\">Endoxidation<\/h3>\n\n\n\n<figure class=\"wp-block-image size-large\"><img loading=\"lazy\" decoding=\"async\" width=\"644\" height=\"927\" src=\"http:\/\/bioclips.info\/wp-content\/uploads\/2020\/04\/zell-atmung06-644x927.jpg\" alt=\"\" class=\"wp-image-1461\" srcset=\"https:\/\/bioclips.info\/wp-content\/uploads\/2020\/04\/zell-atmung06-644x927.jpg 644w, https:\/\/bioclips.info\/wp-content\/uploads\/2020\/04\/zell-atmung06-208x300.jpg 208w, https:\/\/bioclips.info\/wp-content\/uploads\/2020\/04\/zell-atmung06.jpg 750w\" sizes=\"(max-width: 644px) 100vw, 644px\" \/><\/figure>\n\n\n\n<ul><li>Reaktionsort: innere Mitochondrienmembran<\/li><li>Kontrollierte Knallgasreaktion: Wasserstoff reagiert mit Sauerstoff zu Wasser.<\/li><li>ATP entsteht.<\/li><\/ul>\n\n\n\n<h2 class=\"wp-block-heading\"><img loading=\"lazy\" decoding=\"async\" width=\"25\" height=\"25\" class=\"wp-image-1338\" style=\"width: 25px;\" src=\"http:\/\/bioclips.info\/wp-content\/uploads\/2020\/04\/Punkt.jpg\" alt=\"\" srcset=\"https:\/\/bioclips.info\/wp-content\/uploads\/2020\/04\/Punkt.jpg 512w, https:\/\/bioclips.info\/wp-content\/uploads\/2020\/04\/Punkt-300x300.jpg 300w, https:\/\/bioclips.info\/wp-content\/uploads\/2020\/04\/Punkt-150x150.jpg 150w\" sizes=\"(max-width: 25px) 100vw, 25px\" \/> Punktlandung<\/h2>\n\n\n\n<figure class=\"wp-block-image size-large\"><img loading=\"lazy\" decoding=\"async\" width=\"644\" height=\"927\" src=\"http:\/\/bioclips.info\/wp-content\/uploads\/2020\/04\/zell-atmung07-644x927.jpg\" alt=\"\" class=\"wp-image-1460\" srcset=\"https:\/\/bioclips.info\/wp-content\/uploads\/2020\/04\/zell-atmung07-644x927.jpg 644w, https:\/\/bioclips.info\/wp-content\/uploads\/2020\/04\/zell-atmung07-208x300.jpg 208w, https:\/\/bioclips.info\/wp-content\/uploads\/2020\/04\/zell-atmung07.jpg 750w\" sizes=\"(max-width: 644px) 100vw, 644px\" \/><\/figure>\n\n\n\n<h3 class=\"wp-block-heading\"><img loading=\"lazy\" decoding=\"async\" width=\"25\" height=\"25\" class=\"wp-image-1421\" style=\"width: 25px;\" src=\"http:\/\/bioclips.info\/wp-content\/uploads\/2020\/04\/fuesse2.jpg\" alt=\"\" srcset=\"https:\/\/bioclips.info\/wp-content\/uploads\/2020\/04\/fuesse2.jpg 512w, https:\/\/bioclips.info\/wp-content\/uploads\/2020\/04\/fuesse2-300x300.jpg 300w, https:\/\/bioclips.info\/wp-content\/uploads\/2020\/04\/fuesse2-150x150.jpg 150w\" sizes=\"(max-width: 25px) 100vw, 25px\" \/> Auf dem Lernpfad<\/h3>\n\n\n\n<p><a href=\"http:\/\/bioclips.info\/?page_id=1467\">Glykolyse<\/a><\/p>\n","protected":false},"excerpt":{"rendered":"<p>Worum gehts? Diese Seite vermittelt einen \u00dcberblick \u00fcber die Zellatmung mit den wichtigsten Reakionen und Zwischenprodukten. Glukose reagiert ab einer bestimmten Temperatur direkt mit dem Luftsauerstoff zu Kohlendioxid. Die in Glukose gespeicherte Energie wird als W\u00e4rme abgeben. In Zellen ist das nicht m\u00f6glich. In der Zelle erfolgt die &#8222;Verbrennung&#8220; mitels nacheinander angeordneter Reaktionschritte, die durch&#8230;<\/p>\n","protected":false},"author":1,"featured_media":0,"parent":1425,"menu_order":1,"comment_status":"closed","ping_status":"closed","template":"","meta":{"footnotes":""},"_links":{"self":[{"href":"https:\/\/bioclips.info\/index.php?rest_route=\/wp\/v2\/pages\/1433"}],"collection":[{"href":"https:\/\/bioclips.info\/index.php?rest_route=\/wp\/v2\/pages"}],"about":[{"href":"https:\/\/bioclips.info\/index.php?rest_route=\/wp\/v2\/types\/page"}],"author":[{"embeddable":true,"href":"https:\/\/bioclips.info\/index.php?rest_route=\/wp\/v2\/users\/1"}],"replies":[{"embeddable":true,"href":"https:\/\/bioclips.info\/index.php?rest_route=%2Fwp%2Fv2%2Fcomments&post=1433"}],"version-history":[{"count":14,"href":"https:\/\/bioclips.info\/index.php?rest_route=\/wp\/v2\/pages\/1433\/revisions"}],"predecessor-version":[{"id":1501,"href":"https:\/\/bioclips.info\/index.php?rest_route=\/wp\/v2\/pages\/1433\/revisions\/1501"}],"up":[{"embeddable":true,"href":"https:\/\/bioclips.info\/index.php?rest_route=\/wp\/v2\/pages\/1425"}],"wp:attachment":[{"href":"https:\/\/bioclips.info\/index.php?rest_route=%2Fwp%2Fv2%2Fmedia&parent=1433"}],"curies":[{"name":"wp","href":"https:\/\/api.w.org\/{rel}","templated":true}]}}