{"id":1289,"date":"2020-04-15T11:23:04","date_gmt":"2020-04-15T09:23:04","guid":{"rendered":"http:\/\/bioclips.info\/?page_id=1289"},"modified":"2020-04-24T10:07:00","modified_gmt":"2020-04-24T08:07:00","slug":"photophosphorylierung-wie-atp-erzeugt-wird","status":"publish","type":"page","link":"https:\/\/bioclips.info\/?page_id=1289","title":{"rendered":"Photophosphorylierung &#8211; wie ATP erzeugt wird"},"content":{"rendered":"\n<p>Worum gehts?<\/p>\n\n\n\n<figure class=\"wp-block-embed-youtube wp-block-embed is-type-video is-provider-youtube wp-embed-aspect-16-9 wp-has-aspect-ratio\"><div class=\"wp-block-embed__wrapper\">\n<iframe loading=\"lazy\" title=\"ATP-Synthase\" width=\"644\" height=\"362\" src=\"https:\/\/www.youtube.com\/embed\/U2lAKvLP_vA?feature=oembed\" frameborder=\"0\" allow=\"accelerometer; autoplay; clipboard-write; encrypted-media; gyroscope; picture-in-picture; web-share\" referrerpolicy=\"strict-origin-when-cross-origin\" allowfullscreen><\/iframe>\n<\/div><\/figure>\n\n\n\n<p>Der Protonengradient versetzt Teile der ATP-Synthase in Bewegung (protonenmotorische Kraft), die Rotation bewirkt die Synthese von ATP aus ADP + P.<\/p>\n\n\n\n<ul><li>der lichtgetriebene Elektronentransfer leistet durch folgende Prozesse einen Beitrag zum Aufbau des Protonengradienten:<ul><li>Spaltung von Wasser: die Protonenkonzentration im Thylakoidlumen nimmt zu<\/li><li>Cytochrom bf: Protonen aus dem Stroma werden in das Thylakoidlumen transportiert.<\/li><li>Ferredoxin-NADP<sup>+<\/sup>-Reduktase: Protonen im Stroma binden an NADP<sup>+<\/sup>, was die Protonenkonzentration im Stroma verringert<\/li><\/ul><\/li><li>die dem Protonengradienten entsprechende Energie (protonenmotorische Kraft) ist die Summe zweier Komponenten:<ul><li>Ladungsgradient<\/li><li>chemischer Gradient<\/li><\/ul><\/li><li>die protonenmotorische Kraft in den Chloroplasten stammt haupts\u00e4chlich aus dem chemischen Gradienten, in den Mitochondrien ist der Anteil des Ladungsgradienten (Membranpotential) gr\u00f6\u00dfer<\/li><\/ul>\n\n\n\n<p>Das liegt daran, dass die Thylakoidmembran f\u00fcr Cl<sup>\u2013<\/sup>&nbsp;und Mg2<sup>+<\/sup>&nbsp;durchl\u00e4ssig ist. Der lichtinduzierte Protonentransport f\u00fchrt zu einer Bewegung der Cl<sup>\u2013<\/sup>&nbsp;in die gleiche Richtung und zu einer Bewegung von Mg2<sup>+<\/sup>in die entgegengesetzte Richtung, was zu einer Ladungsneutralisation f\u00fchrt, ein Membranpotential wird nicht aufgebaut.<\/p>\n\n\n\n<h3 class=\"wp-block-heading\"><img loading=\"lazy\" decoding=\"async\" width=\"25\" height=\"25\" class=\"wp-image-1338\" style=\"width: 25px;\" src=\"http:\/\/bioclips.info\/wp-content\/uploads\/2020\/04\/Punkt.jpg\" alt=\"\" srcset=\"https:\/\/bioclips.info\/wp-content\/uploads\/2020\/04\/Punkt.jpg 512w, https:\/\/bioclips.info\/wp-content\/uploads\/2020\/04\/Punkt-300x300.jpg 300w, https:\/\/bioclips.info\/wp-content\/uploads\/2020\/04\/Punkt-150x150.jpg 150w\" sizes=\"(max-width: 25px) 100vw, 25px\" \/> Punktlandung<\/h3>\n\n\n\n<p><\/p>\n\n\n\n<h3 class=\"wp-block-heading\"><img loading=\"lazy\" decoding=\"async\" width=\"20\" height=\"20\" class=\"wp-image-1327\" style=\"width: 20px;\" src=\"http:\/\/bioclips.info\/wp-content\/uploads\/2020\/04\/Pfeil.jpg\" alt=\"\" srcset=\"https:\/\/bioclips.info\/wp-content\/uploads\/2020\/04\/Pfeil.jpg 512w, https:\/\/bioclips.info\/wp-content\/uploads\/2020\/04\/Pfeil-300x300.jpg 300w, https:\/\/bioclips.info\/wp-content\/uploads\/2020\/04\/Pfeil-150x150.jpg 150w\" sizes=\"(max-width: 20px) 100vw, 20px\" \/> Auf dem Lernpfad<\/h3>\n\n\n\n<ul><li><a href=\"http:\/\/bioclips.info\/?page_id=1237\">Sekund\u00e4rreaktion &#8211; der Calvinzyklus<\/a><\/li><\/ul>\n","protected":false},"excerpt":{"rendered":"<p>Worum gehts? Der Protonengradient versetzt Teile der ATP-Synthase in Bewegung (protonenmotorische Kraft), die Rotation bewirkt die Synthese von ATP aus ADP + P. der lichtgetriebene Elektronentransfer leistet durch folgende Prozesse einen Beitrag zum Aufbau des Protonengradienten: Spaltung von Wasser: die Protonenkonzentration im Thylakoidlumen nimmt zu Cytochrom bf: Protonen aus dem Stroma werden in das Thylakoidlumen&#8230;<\/p>\n","protected":false},"author":1,"featured_media":0,"parent":1228,"menu_order":6,"comment_status":"closed","ping_status":"closed","template":"","meta":{"footnotes":""},"_links":{"self":[{"href":"https:\/\/bioclips.info\/index.php?rest_route=\/wp\/v2\/pages\/1289"}],"collection":[{"href":"https:\/\/bioclips.info\/index.php?rest_route=\/wp\/v2\/pages"}],"about":[{"href":"https:\/\/bioclips.info\/index.php?rest_route=\/wp\/v2\/types\/page"}],"author":[{"embeddable":true,"href":"https:\/\/bioclips.info\/index.php?rest_route=\/wp\/v2\/users\/1"}],"replies":[{"embeddable":true,"href":"https:\/\/bioclips.info\/index.php?rest_route=%2Fwp%2Fv2%2Fcomments&post=1289"}],"version-history":[{"count":4,"href":"https:\/\/bioclips.info\/index.php?rest_route=\/wp\/v2\/pages\/1289\/revisions"}],"predecessor-version":[{"id":1370,"href":"https:\/\/bioclips.info\/index.php?rest_route=\/wp\/v2\/pages\/1289\/revisions\/1370"}],"up":[{"embeddable":true,"href":"https:\/\/bioclips.info\/index.php?rest_route=\/wp\/v2\/pages\/1228"}],"wp:attachment":[{"href":"https:\/\/bioclips.info\/index.php?rest_route=%2Fwp%2Fv2%2Fmedia&parent=1289"}],"curies":[{"name":"wp","href":"https:\/\/api.w.org\/{rel}","templated":true}]}}