{"id":1287,"date":"2020-04-15T11:21:45","date_gmt":"2020-04-15T09:21:45","guid":{"rendered":"http:\/\/bioclips.info\/?page_id=1287"},"modified":"2020-04-24T10:02:21","modified_gmt":"2020-04-24T08:02:21","slug":"wie-photosystem-i-mittels-licht-ferredoxin-erzeugt-und-es-zur-reduktion-von-nadph-kommt","status":"publish","type":"page","link":"https:\/\/bioclips.info\/?page_id=1287","title":{"rendered":"Wie Photosystem I mittels Licht Ferredoxin erzeugt und es zur Reduktion von NADPH kommt"},"content":{"rendered":"\n<p>Im Photosystem I erhalten die Elektronen letztendlich die notwendige Anregungsenergie, damit NADP<sup>+<\/sup>&nbsp;zu NADPH reagieren kann. Die im Photosystem I freigesetzten Elektronen werden auf Ferredoxin \u00fcbertragen, das selbst nur ein Elektronen aufnehmen kann. Von zwei Ferredoxin Molek\u00fclen flie\u00dfen jeweils ein Elektron auf NADP<sup>+<\/sup>. Diesen \u00dcbertrag von zwei Elektronen auf NADP<sup>+<\/sup>&nbsp;\u00fcbernimmt das Enzym Ferredoxin-NADP<sup>+<\/sup>-Reduktase.<\/p>\n\n\n\n<p><img loading=\"lazy\" decoding=\"async\" width=\"20\" height=\"20\" class=\"wp-image-961\" style=\"width: 20px;\" src=\"http:\/\/bioclips.info\/wp-content\/uploads\/2018\/12\/favicon.jpg\" alt=\"\" srcset=\"https:\/\/bioclips.info\/wp-content\/uploads\/2018\/12\/favicon.jpg 512w, https:\/\/bioclips.info\/wp-content\/uploads\/2018\/12\/favicon-150x150.jpg 150w, https:\/\/bioclips.info\/wp-content\/uploads\/2018\/12\/favicon-300x300.jpg 300w\" sizes=\"(max-width: 20px) 100vw, 20px\" \/> Welche Vorg\u00e4nge im Photosystem I f\u00fchren zur Weiterleitung von Elektronen auf Ferredoxin?<\/p>\n\n\n\n<p><img loading=\"lazy\" decoding=\"async\" width=\"20\" height=\"20\" class=\"wp-image-961\" style=\"width: 20px;\" src=\"http:\/\/bioclips.info\/wp-content\/uploads\/2018\/12\/favicon.jpg\" alt=\"\" srcset=\"https:\/\/bioclips.info\/wp-content\/uploads\/2018\/12\/favicon.jpg 512w, https:\/\/bioclips.info\/wp-content\/uploads\/2018\/12\/favicon-150x150.jpg 150w, https:\/\/bioclips.info\/wp-content\/uploads\/2018\/12\/favicon-300x300.jpg 300w\" sizes=\"(max-width: 20px) 100vw, 20px\" \/> Wie erfolgt die \u00dcbertragung von Ferredoxin (&#8222;tr\u00e4gt ein Elektron&#8220;) auf NADP<sup>+<\/sup>&nbsp;(&#8222;tr\u00e4gt zwei Elektronen&#8220;)?<\/p>\n\n\n\n<h2 class=\"wp-block-heading\">Photosystem I und die Bildung von Ferredoxin<\/h2>\n\n\n\n<ul><li>Das Photosystem I verwendet Licht zur Erzeugung von Ferredoxin, Ferredoxin ist ein starkes Reduktionsmittel.<\/li><li>Das Photosystem I ist ein Transmembranprotein, das aus etwa 14 Polypeptiden, vielen assoziierten Proteinen und Cofaktoren besteht.<\/li><li>Der Kernbereich besteht aus ein Paar \u00e4hnlicher Untereinheiten: psaA (rot) und psaB (blau).<\/li><li>Das spezielle Paar von Chlorophyll a \u2013 Molek\u00fclen hat ein Absorptionsmaxium von 700nm (Bezeichnung: P700 ).<\/li><\/ul>\n\n\n\n<h3 class=\"wp-block-heading\">Rektionsverlauf bis zur Bildung von Ferredoxin<\/h3>\n\n\n\n<figure class=\"wp-block-embed-youtube wp-block-embed is-type-video is-provider-youtube wp-embed-aspect-16-9 wp-has-aspect-ratio\"><div class=\"wp-block-embed__wrapper\">\n<iframe loading=\"lazy\" title=\"Vorg\u00e4nge um das Photosystem I der Photosynthese\" width=\"644\" height=\"362\" src=\"https:\/\/www.youtube.com\/embed\/TymKsCdqD9Q?feature=oembed\" frameborder=\"0\" allow=\"accelerometer; autoplay; clipboard-write; encrypted-media; gyroscope; picture-in-picture; web-share\" referrerpolicy=\"strict-origin-when-cross-origin\" allowfullscreen><\/iframe>\n<\/div><\/figure>\n\n\n\n<ol><li>Durch Licht kommt es im P700 zur Ladungstrennung.<\/li><li>Ein Elektron wird auf Chlorophyll in der A<sub>0<\/sub>&nbsp;\u2013 Stelle \u00fcbertragen.<\/li><li>Von dort geht es auf Chinon in der A<sub>1<\/sub>&nbsp;\u2013 Stelle \u00fcber.<\/li><li>\u00dcber die drei 4Fe-4S-Cluster des Photosystems I wird das Elektron zum Ferredoxin weitergeleitet.<\/li><li>Das Elektron reagiert mit dem 2Fe-2S-Cluster des Ferredoxins. Aus Fd<sub>oxi&nbsp;<\/sub>wird Fd<sub>red<\/sub>.<\/li><\/ol>\n\n\n\n<p>Pc(Cu<sup>+<\/sup>)+Fd<sub>oxi&nbsp;<\/sub>-&gt; Pc(Cu2<sup>+<\/sup>)+Fd<sub>red<\/sub><\/p>\n\n\n\n<h2 class=\"wp-block-heading\">Die Ferredoxin-NADP+ &#8211; Reduktase \u00fcberf\u00fchrt NADP+ in NADPH<\/h2>\n\n\n\n<h3 class=\"wp-block-heading\">Wie wird nun Ferredoxin f\u00fcr die Reduktion von NADP<sup>+<\/sup>&nbsp;verwendet?<\/h3>\n\n\n\n<ul><li>Das Enzym Ferredoxin-NADP<sup>+<\/sup>-Reduktase ist ein Flavoprotein, es besitzt FAD als prosthetische Gruppe.<\/li><li>Die Bildung von NADPH auf der Stroma-Seite ist Betrag zum Protonengradienten.<\/li><\/ul>\n\n\n\n<h3 class=\"wp-block-heading\">Die NADP<sup>+<\/sup>&nbsp;Reduktion verl\u00e4uft in zwei Schritten:<\/h3>\n\n\n\n<figure class=\"wp-block-embed-youtube wp-block-embed is-type-video is-provider-youtube wp-embed-aspect-16-9 wp-has-aspect-ratio\"><div class=\"wp-block-embed__wrapper\">\n<iframe loading=\"lazy\" title=\"NADPH + H+ Reduktion\" width=\"644\" height=\"362\" src=\"https:\/\/www.youtube.com\/embed\/a5AvMJgSnKc?feature=oembed\" frameborder=\"0\" allow=\"accelerometer; autoplay; clipboard-write; encrypted-media; gyroscope; picture-in-picture; web-share\" referrerpolicy=\"strict-origin-when-cross-origin\" allowfullscreen><\/iframe>\n<\/div><\/figure>\n\n\n\n<ol><li>Schritt: FAD reagiert nacheinander mit 2 Ferredoxin-Molek\u00fclen zu FADH<sub>2<\/sub>. Dabei wird als Zwischenstufe Semichinon gebildet.<\/li><li>Schritt: Das Enzym \u00fcbertr\u00e4gt ein Hydridion (H<sup>&#8211;<\/sup>) auf NADP<sup>+<\/sup>. Es entsteht NADPH.<\/li><\/ol>\n\n\n\n<h3 class=\"wp-block-heading\"><img loading=\"lazy\" decoding=\"async\" width=\"20\" height=\"20\" class=\"wp-image-1327\" style=\"width: 20px;\" src=\"http:\/\/bioclips.info\/wp-content\/uploads\/2020\/04\/Pfeil.jpg\" alt=\"\" srcset=\"https:\/\/bioclips.info\/wp-content\/uploads\/2020\/04\/Pfeil.jpg 512w, https:\/\/bioclips.info\/wp-content\/uploads\/2020\/04\/Pfeil-300x300.jpg 300w, https:\/\/bioclips.info\/wp-content\/uploads\/2020\/04\/Pfeil-150x150.jpg 150w\" sizes=\"(max-width: 20px) 100vw, 20px\" \/> Auf dem Lernpfad <\/h3>\n\n\n\n<p><img loading=\"lazy\" decoding=\"async\" width=\"25\" height=\"23\" class=\"wp-image-1329\" style=\"width: 25px;\" src=\"http:\/\/bioclips.info\/wp-content\/uploads\/2020\/04\/uni3.jpg\" alt=\"\"> <a href=\"http:\/\/bioclips.info\/?page_id=1289\">Photophosphorylierung &#8211; wie ATP erzeugt wird<\/a><\/p>\n","protected":false},"excerpt":{"rendered":"<p>Im Photosystem I erhalten die Elektronen letztendlich die notwendige Anregungsenergie, damit NADP+&nbsp;zu NADPH reagieren kann. Die im Photosystem I freigesetzten Elektronen werden auf Ferredoxin \u00fcbertragen, das selbst nur ein Elektronen aufnehmen kann. Von zwei Ferredoxin Molek\u00fclen flie\u00dfen jeweils ein Elektron auf NADP+. Diesen \u00dcbertrag von zwei Elektronen auf NADP+&nbsp;\u00fcbernimmt das Enzym Ferredoxin-NADP+-Reduktase. Welche Vorg\u00e4nge im&#8230;<\/p>\n","protected":false},"author":1,"featured_media":0,"parent":1228,"menu_order":5,"comment_status":"closed","ping_status":"closed","template":"","meta":{"footnotes":""},"_links":{"self":[{"href":"https:\/\/bioclips.info\/index.php?rest_route=\/wp\/v2\/pages\/1287"}],"collection":[{"href":"https:\/\/bioclips.info\/index.php?rest_route=\/wp\/v2\/pages"}],"about":[{"href":"https:\/\/bioclips.info\/index.php?rest_route=\/wp\/v2\/types\/page"}],"author":[{"embeddable":true,"href":"https:\/\/bioclips.info\/index.php?rest_route=\/wp\/v2\/users\/1"}],"replies":[{"embeddable":true,"href":"https:\/\/bioclips.info\/index.php?rest_route=%2Fwp%2Fv2%2Fcomments&post=1287"}],"version-history":[{"count":6,"href":"https:\/\/bioclips.info\/index.php?rest_route=\/wp\/v2\/pages\/1287\/revisions"}],"predecessor-version":[{"id":1366,"href":"https:\/\/bioclips.info\/index.php?rest_route=\/wp\/v2\/pages\/1287\/revisions\/1366"}],"up":[{"embeddable":true,"href":"https:\/\/bioclips.info\/index.php?rest_route=\/wp\/v2\/pages\/1228"}],"wp:attachment":[{"href":"https:\/\/bioclips.info\/index.php?rest_route=%2Fwp%2Fv2%2Fmedia&parent=1287"}],"curies":[{"name":"wp","href":"https:\/\/api.w.org\/{rel}","templated":true}]}}