{"id":1275,"date":"2020-04-15T11:09:11","date_gmt":"2020-04-15T09:09:11","guid":{"rendered":"http:\/\/bioclips.info\/?page_id=1275"},"modified":"2020-04-24T09:57:52","modified_gmt":"2020-04-24T07:57:52","slug":"wie-cytochrom-b6f-elektronen-zum-photosystem-i-weiterleitet","status":"publish","type":"page","link":"https:\/\/bioclips.info\/?page_id=1275","title":{"rendered":"Wie Cytochrom b6f Elektronen zum Photosystem I weiterleitet"},"content":{"rendered":"\n<p>Der Cytochrom b6f &#8211; Komplex verbindet Photosystem II mit dem Photosystem I. Er verteilt Elektronen von einem Zwei-Elektronentransporteur auf einen Ein-Elektronentransporteur und pumpt Protonen in den Thylakoidinnenraum und leistet somit einen Beitrag zum Protonengradienten.<\/p>\n\n\n\n<p> <img loading=\"lazy\" decoding=\"async\" width=\"20\" height=\"20\" class=\"wp-image-961\" style=\"width: 20px;\" src=\"http:\/\/bioclips.info\/wp-content\/uploads\/2018\/12\/favicon.jpg\" alt=\"\" srcset=\"https:\/\/bioclips.info\/wp-content\/uploads\/2018\/12\/favicon.jpg 512w, https:\/\/bioclips.info\/wp-content\/uploads\/2018\/12\/favicon-150x150.jpg 150w, https:\/\/bioclips.info\/wp-content\/uploads\/2018\/12\/favicon-300x300.jpg 300w\" sizes=\"(max-width: 20px) 100vw, 20px\" \/> Der Elektronentransfer im im Cytochrom b6f &#8211; Komplex ist dem Q-Zyklus der Atmungskette analog. Wie funktioniert die Weiterleitung von Elektronen vom Plastochinol auf Plastocyanin w\u00e4hrend der Lichtreaktion?<\/p>\n\n\n\n<h2 class=\"wp-block-heading\">Weiterleitung der Elektronen durch den Cytochrom b6f &#8211; Komplex<\/h2>\n\n\n\n<ul><li>Elektronen flie\u00dfen vom PS II \u00fcber den Cytochrom-Komplex zum PS I.<\/li><li>Cytochrom b6f katalysiert den Elektronentransfer vom Plastochinol [QH<sub>2<\/sub>] auf Plastocyanin [Pc(Cu<sup>2+<\/sup>)]<\/li><li>Die Protonen werden in das Thylakoidlumen entlassen (<strong>Beitrag zum Protonengradienten<\/strong>)<\/li><li>Cytochrom-b6f-Komplex ist dem Komplex III der Atmungskette analog.<\/li><\/ul>\n\n\n\n<figure class=\"wp-block-embed-youtube wp-block-embed is-type-video is-provider-youtube wp-embed-aspect-16-9 wp-has-aspect-ratio\"><div class=\"wp-block-embed__wrapper\">\n<iframe loading=\"lazy\" title=\"Cytochrom-b6f-Komplex -\" width=\"644\" height=\"362\" src=\"https:\/\/www.youtube.com\/embed\/XL5g3IHPjIc?feature=oembed\" frameborder=\"0\" allow=\"accelerometer; autoplay; clipboard-write; encrypted-media; gyroscope; picture-in-picture; web-share\" referrerpolicy=\"strict-origin-when-cross-origin\" allowfullscreen><\/iframe>\n<\/div><\/figure>\n\n\n\n<ul><li>In der ersten H\u00e4lfte des Q-Zyklus wird das Plastochinol (QH<sub>2<\/sub>) durch die Abgabe von zwei Elektronen zu Plastochinon (Q) oxidiert.<\/li><li>Ein Elektron flie\u00dft durch das Fe-S-Protein reduziert Plastocyanin [Pc(Cu<sup>2+<\/sup>) -&gt; Pc(Cu<sup>+<\/sup>)], das andere Elekron wird \u00fcber die H\u00e4m-Gruppen auf ein gebundenes Plastochion \u00fcbertragen. Es entsteht ein Plastochinon-Radikal.<\/li><li>Danach bindet ein zweites QH<sub>2<\/sub>. Ein Elektron wird auf zweites Plastocyanin \u00fcbertragen, das andere flie\u00dft zum Plastochinon-Radikal.<\/li><li>Zwei Protonen von der Stromaseite werden aufgenommen, das Plastochinon wird dem Q-Pool zugef\u00fchrt (Beitrag zum Protonengradienten).<\/li><li>Der Zyklus setzt 4H<sup>+<\/sup>&nbsp;im Thylakoidlumen frei.<\/li><li>Das Enzym ist so angeordnet, das die Protonen in das Thylakoidlumen freigesetzt und aus dem Stroma entnommen werden (Beitrag zum Protonengradienten).<\/li><\/ul>\n\n\n\n<ul><li>2QH<sub>2<\/sub>&nbsp;+ Q + 2PC(Cu<sup>2+<\/sup>) + 2H<sup>+<\/sup>&nbsp;-&gt; 2Q + QH<sup>2<\/sup>&nbsp;+ 2Pc(Cu<sup>+<\/sup>) + 4H<sup>+<\/sup><\/li><li>ergibt letztendlich: QH<sub>2<\/sub>&nbsp;+ 2Pc(Cu<sup>2+<\/sup>) -&gt; Q + 2Pc(Cu<sup>+<\/sup>) + 2H<sup>+<\/sup><\/li><\/ul>\n\n\n\n<p><img loading=\"lazy\" decoding=\"async\" width=\"20\" height=\"20\" class=\"wp-image-1327\" style=\"width: 20px;\" src=\"http:\/\/bioclips.info\/wp-content\/uploads\/2020\/04\/Pfeil.jpg\" alt=\"\" srcset=\"https:\/\/bioclips.info\/wp-content\/uploads\/2020\/04\/Pfeil.jpg 512w, https:\/\/bioclips.info\/wp-content\/uploads\/2020\/04\/Pfeil-300x300.jpg 300w, https:\/\/bioclips.info\/wp-content\/uploads\/2020\/04\/Pfeil-150x150.jpg 150w\" sizes=\"(max-width: 20px) 100vw, 20px\" \/> Auf dem Lernpfad<\/p>\n\n\n\n<p><img loading=\"lazy\" decoding=\"async\" width=\"25\" height=\"23\" class=\"wp-image-1329\" style=\"width: 25px;\" src=\"http:\/\/bioclips.info\/wp-content\/uploads\/2020\/04\/uni3.jpg\" alt=\"\"> <a href=\"http:\/\/bioclips.info\/?page_id=1287\">Wie Photosystem I mittels Licht Ferredoxin erzeugt und es zur Reduktion von NADPH kommt<\/a><\/p>\n","protected":false},"excerpt":{"rendered":"<p>Der Cytochrom b6f &#8211; Komplex verbindet Photosystem II mit dem Photosystem I. Er verteilt Elektronen von einem Zwei-Elektronentransporteur auf einen Ein-Elektronentransporteur und pumpt Protonen in den Thylakoidinnenraum und leistet somit einen Beitrag zum Protonengradienten. Der Elektronentransfer im im Cytochrom b6f &#8211; Komplex ist dem Q-Zyklus der Atmungskette analog. Wie funktioniert die Weiterleitung von Elektronen vom&#8230;<\/p>\n","protected":false},"author":1,"featured_media":0,"parent":1228,"menu_order":4,"comment_status":"closed","ping_status":"closed","template":"","meta":{"footnotes":""},"_links":{"self":[{"href":"https:\/\/bioclips.info\/index.php?rest_route=\/wp\/v2\/pages\/1275"}],"collection":[{"href":"https:\/\/bioclips.info\/index.php?rest_route=\/wp\/v2\/pages"}],"about":[{"href":"https:\/\/bioclips.info\/index.php?rest_route=\/wp\/v2\/types\/page"}],"author":[{"embeddable":true,"href":"https:\/\/bioclips.info\/index.php?rest_route=\/wp\/v2\/users\/1"}],"replies":[{"embeddable":true,"href":"https:\/\/bioclips.info\/index.php?rest_route=%2Fwp%2Fv2%2Fcomments&post=1275"}],"version-history":[{"count":6,"href":"https:\/\/bioclips.info\/index.php?rest_route=\/wp\/v2\/pages\/1275\/revisions"}],"predecessor-version":[{"id":1362,"href":"https:\/\/bioclips.info\/index.php?rest_route=\/wp\/v2\/pages\/1275\/revisions\/1362"}],"up":[{"embeddable":true,"href":"https:\/\/bioclips.info\/index.php?rest_route=\/wp\/v2\/pages\/1228"}],"wp:attachment":[{"href":"https:\/\/bioclips.info\/index.php?rest_route=%2Fwp%2Fv2%2Fmedia&parent=1275"}],"curies":[{"name":"wp","href":"https:\/\/api.w.org\/{rel}","templated":true}]}}