{"id":1261,"date":"2020-04-15T10:37:26","date_gmt":"2020-04-15T08:37:26","guid":{"rendered":"http:\/\/bioclips.info\/?page_id=1261"},"modified":"2020-04-24T09:43:17","modified_gmt":"2020-04-24T07:43:17","slug":"lichtreaktion-im-ueberblick","status":"publish","type":"page","link":"https:\/\/bioclips.info\/?page_id=1261","title":{"rendered":"Wie die Prim\u00e4rreaktion abl\u00e4uft &#8211; ein vertiefender Einblick"},"content":{"rendered":"\n<ul><li>das Licht bewirkt einen Elektronenfluss in der Thylakoidmembran vom PS II zum PS I auf NADP<sup>+<\/sup><\/li><li>die Elektronen flie\u00dfen vom PS II \u00fcber Cytochrom bf zum PS I<\/li><li>der Elektronenfluss erzeugt einen Protonengradienten und f\u00fchrt zur NADPH &#8211; Synthese<\/li><li>der Protonengradient treibt die ATP &#8211; Synthese an<\/li><\/ul>\n\n\n\n<h2 class=\"wp-block-heading\">Lichtgetriebener Elektronentransport<\/h2>\n\n\n\n<figure class=\"wp-block-embed-youtube wp-block-embed is-type-video is-provider-youtube wp-embed-aspect-16-9 wp-has-aspect-ratio\"><div class=\"wp-block-embed__wrapper\">\n<iframe loading=\"lazy\" title=\"Prim\u00e4rreaktion - Lichtreaktion der Photosynthese\" width=\"644\" height=\"362\" src=\"https:\/\/www.youtube.com\/embed\/aw0RHlU0T4c?feature=oembed\" frameborder=\"0\" allow=\"accelerometer; autoplay; clipboard-write; encrypted-media; gyroscope; picture-in-picture; web-share\" referrerpolicy=\"strict-origin-when-cross-origin\" allowfullscreen><\/iframe>\n<\/div><\/figure>\n\n\n\n<p>Lichtenergie l\u00e4sst Elektronen von Wasser \u00fcber Photoystem II, den Cytochrom b6f &#8211; Komplex und das Photosystem I auf NADP<sup>+<\/sup>&nbsp;flie\u00dfen. Dadurch entsteht ein Protonengradient.<\/p>\n\n\n\n<ol><li>Lichtquanten aktivieren Elektronen im Photosystem II, die dadurch auf Plastochinon (Q) \u00fcbertragen werden.<\/li><li>Das angeregte Reaktionszentrum entzieht dem Mn<sub>4<\/sub>-Komplex Elektronen zu Auff\u00fcllen der Elektronenl\u00fccke. Die Abgabe f\u00fchrt zur Freisetzung von Sauerstoff und Wasserstoffprotonen (<strong>Beitrag zum Protonengradienten<\/strong>).<\/li><li>Plastochinol (QH<sub>2<\/sub>) \u00fcbertr\u00e4gt 2 Elektronen auf Cytochrom b6f<\/li><li>Cytochrom b6f vermittelt zwischen dem Zwei-Elektronentransporteur QH<sub>2&nbsp;<\/sub>und dem Ein-Elektronentransporteur Plastocyanin (Pc). Dadurch gelangen 4 Protonen in das Thylakoidlumen (<strong>Beitrag zum Protonengradienten<\/strong>).<\/li><li>Plastocyanin \u00fcbertr\u00e4gt ein Elektron auf das Photosystem I zum Schlie\u00dfen einer Elektronenl\u00fccke.<\/li><li>Angeregte Elektronen vom Photosystem II werden auf Ferredoxin \u00fcbertragen.<\/li><li>Ferredoxin vermittelt die Elektronen\u00fcbertragung auf die Ferredoxin-NADP<sup>+<\/sup>-Reduktase, was zur Reduktion von NADPH f\u00fchrt (<strong>Beitrag zum Protonengradienten<\/strong>).<\/li><\/ol>\n\n\n\n<h2 class=\"wp-block-heading\">ATP &#8211; Synthese (Photophosphorylierung)<\/h2>\n\n\n\n<figure class=\"wp-block-embed-youtube wp-block-embed is-type-video is-provider-youtube wp-embed-aspect-16-9 wp-has-aspect-ratio\"><div class=\"wp-block-embed__wrapper\">\n<iframe loading=\"lazy\" title=\"ATP-Synthase\" width=\"644\" height=\"362\" src=\"https:\/\/www.youtube.com\/embed\/U2lAKvLP_vA?feature=oembed\" frameborder=\"0\" allow=\"accelerometer; autoplay; clipboard-write; encrypted-media; gyroscope; picture-in-picture; web-share\" referrerpolicy=\"strict-origin-when-cross-origin\" allowfullscreen><\/iframe>\n<\/div><\/figure>\n\n\n\n<p>Der Protonengradient versetzt Teile der ATP-Synthase in Bewegung (protonenmotorische Kraft), die Rotation bewirkt die Synthese von ATP aus ADP + P.<\/p>\n\n\n\n<ul><li>der lichtgetriebene Elektronentransfer leistet durch folgende Prozesse einen Beitrag zum Aufbau des Protonengradienten:<ul><li>Spaltung von Wasser: die Protonenkonzentration im Thylakoidlumen nimmt zu<\/li><\/ul><ul><li>Cytochrom bf: Protonen aus dem Stroma werden in das Thylakoidlumen transportiert.<\/li><\/ul><ul><li>Ferredoxin-NADP<sup>+<\/sup>-Reduktase: Protonen im Stroma binden an NADP<sup>+<\/sup>, was die Protonenkonzentration im Stroma verringert<\/li><\/ul><\/li><li>die dem Protonengradienten entsprechende Energie (protonenmotorische Kraft) ist die Summe zweier Komponenten:<ul><li>Ladungsgradient<\/li><li>chemischer Gradient<\/li><\/ul><\/li><li>die protonenmotorische Kraft in den Chloroplasten stammt haupts\u00e4chlich aus dem chemischen Gradienten, in den Mitochondrien ist der Anteil des Ladungsgradienten (Membranpotential) gr\u00f6\u00dfer<\/li><\/ul>\n\n\n\n<p>Das liegt daran, dass die Thylakoidmembran f\u00fcr Cl<sup>&#8211;<\/sup>&nbsp;und Mg2<sup>+<\/sup>&nbsp;durchl\u00e4ssig ist. Der lichtinduzierte Protonentransport f\u00fchrt zu einer Bewegung der Cl<sup>&#8211;<\/sup>&nbsp;in die gleiche Richtung und zu einer Bewegung von Mg2<sup>+<\/sup>in die entgegengesetzte Richtung, was zu einer Ladungsneutralisation f\u00fchrt, ein Membranpotential wird nicht aufgebaut.<\/p>\n\n\n\n<h3 class=\"wp-block-heading\"><img loading=\"lazy\" decoding=\"async\" width=\"20\" height=\"20\" class=\"wp-image-1327\" style=\"width: 20px;\" src=\"http:\/\/bioclips.info\/wp-content\/uploads\/2020\/04\/Pfeil.jpg\" alt=\"\" srcset=\"https:\/\/bioclips.info\/wp-content\/uploads\/2020\/04\/Pfeil.jpg 512w, https:\/\/bioclips.info\/wp-content\/uploads\/2020\/04\/Pfeil-300x300.jpg 300w, https:\/\/bioclips.info\/wp-content\/uploads\/2020\/04\/Pfeil-150x150.jpg 150w\" sizes=\"(max-width: 20px) 100vw, 20px\" \/> Auf dem Lernpfad<\/h3>\n\n\n\n<ul><li><img loading=\"lazy\" decoding=\"async\" width=\"25\" height=\"23\" class=\"wp-image-1329\" style=\"width: 25px;\" src=\"http:\/\/bioclips.info\/wp-content\/uploads\/2020\/04\/uni3.jpg\" alt=\"\"> <a href=\"http:\/\/bioclips.info\/?page_id=1283\">Wie das Photosystem II mittels Licht Elektronen von Wasser auf Plastochinon \u00fcbertr\u00e4gt<\/a><\/li><\/ul>\n","protected":false},"excerpt":{"rendered":"<p>das Licht bewirkt einen Elektronenfluss in der Thylakoidmembran vom PS II zum PS I auf NADP+ die Elektronen flie\u00dfen vom PS II \u00fcber Cytochrom bf zum PS I der Elektronenfluss erzeugt einen Protonengradienten und f\u00fchrt zur NADPH &#8211; Synthese der Protonengradient treibt die ATP &#8211; Synthese an Lichtgetriebener Elektronentransport Lichtenergie l\u00e4sst Elektronen von Wasser \u00fcber&#8230;<\/p>\n","protected":false},"author":1,"featured_media":0,"parent":1228,"menu_order":2,"comment_status":"closed","ping_status":"closed","template":"","meta":{"footnotes":""},"_links":{"self":[{"href":"https:\/\/bioclips.info\/index.php?rest_route=\/wp\/v2\/pages\/1261"}],"collection":[{"href":"https:\/\/bioclips.info\/index.php?rest_route=\/wp\/v2\/pages"}],"about":[{"href":"https:\/\/bioclips.info\/index.php?rest_route=\/wp\/v2\/types\/page"}],"author":[{"embeddable":true,"href":"https:\/\/bioclips.info\/index.php?rest_route=\/wp\/v2\/users\/1"}],"replies":[{"embeddable":true,"href":"https:\/\/bioclips.info\/index.php?rest_route=%2Fwp%2Fv2%2Fcomments&post=1261"}],"version-history":[{"count":15,"href":"https:\/\/bioclips.info\/index.php?rest_route=\/wp\/v2\/pages\/1261\/revisions"}],"predecessor-version":[{"id":1357,"href":"https:\/\/bioclips.info\/index.php?rest_route=\/wp\/v2\/pages\/1261\/revisions\/1357"}],"up":[{"embeddable":true,"href":"https:\/\/bioclips.info\/index.php?rest_route=\/wp\/v2\/pages\/1228"}],"wp:attachment":[{"href":"https:\/\/bioclips.info\/index.php?rest_route=%2Fwp%2Fv2%2Fmedia&parent=1261"}],"curies":[{"name":"wp","href":"https:\/\/api.w.org\/{rel}","templated":true}]}}