{"id":1195,"date":"2020-04-13T09:43:16","date_gmt":"2020-04-13T07:43:16","guid":{"rendered":"http:\/\/bioclips.info\/?page_id=1195"},"modified":"2020-05-19T12:20:39","modified_gmt":"2020-05-19T10:20:39","slug":"immunbiologie","status":"publish","type":"page","link":"https:\/\/bioclips.info\/?page_id=1195","title":{"rendered":"Immunbiologie"},"content":{"rendered":"\n<h2 class=\"wp-block-heading\" id=\"Immunsys\">Immunsystem<\/h2>\n\n\n\n<ul><li><a href=\"https:\/\/bioclips.info\/?page_id=1916\">Strukturen des Immunsystems &#8211; Krieg der Zellen<\/a><\/li><li><a href=\"https:\/\/bioclips.info\/?page_id=1922\">Antigen &#8211; Antik\u00f6rper<\/a><\/li><\/ul>\n\n\n\n<h2 class=\"wp-block-heading\" id=\"Immunant\">Immunantwort<\/h2>\n\n\n\n<ul><li><a href=\"https:\/\/bioclips.info\/?page_id=1936\">Spezifische Immunantwort im \u00dcberblick<\/a><\/li><li><a href=\"https:\/\/bioclips.info\/?page_id=1947\">Klonale Selektion<\/a><\/li><li><a href=\"https:\/\/bioclips.info\/?page_id=1955\">Humorale Immunantwort &#8211; Antik\u00f6rperbildung durch B &#8211; Lymphozyten<\/a><\/li><li><a href=\"https:\/\/bioclips.info\/?page_id=1964\">Zellul\u00e4re Immunantwort &#8211; T-Killerzellen (Cytotoxische Zellen)<\/a><\/li><\/ul>\n\n\n\n<p><\/p>\n","protected":false},"excerpt":{"rendered":"<p>Immunsystem Strukturen des Immunsystems &#8211; Krieg der Zellen Antigen &#8211; Antik\u00f6rper Immunantwort Spezifische Immunantwort im \u00dcberblick Klonale Selektion Humorale Immunantwort &#8211; Antik\u00f6rperbildung durch B &#8211; Lymphozyten Zellul\u00e4re Immunantwort &#8211; T-Killerzellen (Cytotoxische Zellen)<\/p>\n","protected":false},"author":1,"featured_media":1979,"parent":0,"menu_order":0,"comment_status":"closed","ping_status":"closed","template":"","meta":{"footnotes":""},"_links":{"self":[{"href":"https:\/\/bioclips.info\/index.php?rest_route=\/wp\/v2\/pages\/1195"}],"collection":[{"href":"https:\/\/bioclips.info\/index.php?rest_route=\/wp\/v2\/pages"}],"about":[{"href":"https:\/\/bioclips.info\/index.php?rest_route=\/wp\/v2\/types\/page"}],"author":[{"embeddable":true,"href":"https:\/\/bioclips.info\/index.php?rest_route=\/wp\/v2\/users\/1"}],"replies":[{"embeddable":true,"href":"https:\/\/bioclips.info\/index.php?rest_route=%2Fwp%2Fv2%2Fcomments&post=1195"}],"version-history":[{"count":9,"href":"https:\/\/bioclips.info\/index.php?rest_route=\/wp\/v2\/pages\/1195\/revisions"}],"predecessor-version":[{"id":1990,"href":"https:\/\/bioclips.info\/index.php?rest_route=\/wp\/v2\/pages\/1195\/revisions\/1990"}],"wp:featuredmedia":[{"embeddable":true,"href":"https:\/\/bioclips.info\/index.php?rest_route=\/wp\/v2\/media\/1979"}],"wp:attachment":[{"href":"https:\/\/bioclips.info\/index.php?rest_route=%2Fwp%2Fv2%2Fmedia&parent=1195"}],"curies":[{"name":"wp","href":"https:\/\/api.w.org\/{rel}","templated":true}]}}