{"id":1040,"date":"2020-04-11T11:25:26","date_gmt":"2020-04-11T09:25:26","guid":{"rendered":"http:\/\/bioclips.info\/?page_id=1040"},"modified":"2020-05-11T13:32:45","modified_gmt":"2020-05-11T11:32:45","slug":"grundlagen-enzyme","status":"publish","type":"page","link":"https:\/\/bioclips.info\/?page_id=1040","title":{"rendered":"Grundlagen Enzyme"},"content":{"rendered":"\n<p class=\"has-background has-very-light-gray-background-color\">Ohne Enzyme w\u00e4ren die vielfach verkn\u00fcpften Stoffwechselvorg\u00e4nge, wie sie in Zellen ablaufen, nicht m\u00f6glich.<\/p>\n\n\n\n<h2 class=\"wp-block-heading\"><img loading=\"lazy\" decoding=\"async\" width=\"25\" height=\"25\" class=\"wp-image-961\" style=\"width: 25px;\" src=\"http:\/\/bioclips.info\/wp-content\/uploads\/2018\/12\/favicon.jpg\" alt=\"\" srcset=\"https:\/\/bioclips.info\/wp-content\/uploads\/2018\/12\/favicon.jpg 512w, https:\/\/bioclips.info\/wp-content\/uploads\/2018\/12\/favicon-150x150.jpg 150w, https:\/\/bioclips.info\/wp-content\/uploads\/2018\/12\/favicon-300x300.jpg 300w\" sizes=\"(max-width: 25px) 100vw, 25px\" \/> Worum geht\u00b4s?<\/h2>\n\n\n\n<p>Was sind Enzyme und welche Aufgaben erf\u00fcllen sie, damit ein geregelter Stoffwechsel ablaufen kann?<\/p>\n\n\n\n<p>In Bezug auf ihren Aufbau unterscheidet man in einfache Enzyme und Coenzyme (Cosubstrat).<\/p>\n\n\n\n<ul><li>Einfache Enzyme sind Proteine.<\/li><li>Coenzyme sind organische oder anorganische Verbindungen, die mit einem Protein zusammenarbeiten.<\/li><\/ul>\n\n\n\n<p>Enzyme&#8230;<\/p>\n\n\n\n<ul><li>sind Biokatalysatoren. Sie senken die Aktivierungsenergie und k\u00f6nnen somit Stoffwechselreaktionen um das Millionenfache und mehr beschleunigen.<\/li><li>sind grunds\u00e4tzlich (Vgl. Coenzyme) substrat- und wirkungsspezifisch (Einteilung in Enzymklassen).<\/li><\/ul>\n\n\n\n<p>Die Enzymreaktion kann durch verschiedene Einfl\u00fcsse (Temperatur, pH-Wert, Hemmung durch Substrat\u00fcberschuss, Kompetitive Hemmung, Nichtkompetitive Hemmung, allosterische Hemmung) beeinflusst werden, was u.a. eine Regulation der Stoffwechselprozesse erm\u00f6glicht<\/p>\n\n\n\n<h2 class=\"wp-block-heading\">Aktivierungsenergie<\/h2>\n\n\n\n<p>Kerzen fangen nur in Gruselfilmen von selbst an zu brennen. Im realen Leben muss man schon eine Streichholz nehmen und den Docht so lange erhitzen, bis das Kerzenwachs von selbst mit dem Luftsauerstoff zu einer Flamme reagiert.<br>Auch Zucker, Fette und Kohlenhydrate sind energiereiche Verbindungen, die nicht selbst\u00e4ndig bei Zimmertemperatur anfangen zu brennen. Niemand w\u00fcrde mehr eine K\u00fcche betreten. Das w\u00e4re lebensgef\u00e4hrlich.<\/p>\n\n\n\n<p><img loading=\"lazy\" decoding=\"async\" width=\"20\" height=\"20\" class=\"wp-image-961\" style=\"width: 20px;\" src=\"http:\/\/bioclips.info\/wp-content\/uploads\/2018\/12\/favicon.jpg\" alt=\"\" srcset=\"https:\/\/bioclips.info\/wp-content\/uploads\/2018\/12\/favicon.jpg 512w, https:\/\/bioclips.info\/wp-content\/uploads\/2018\/12\/favicon-150x150.jpg 150w, https:\/\/bioclips.info\/wp-content\/uploads\/2018\/12\/favicon-300x300.jpg 300w\" sizes=\"(max-width: 20px) 100vw, 20px\" \/> Wie ist es aber nun m\u00f6glich, dass Traubenzucker im K\u00f6rper bei Temperaturen um die 37\u00b0C verbrennt?<\/p>\n\n\n\n<p>In der folgenden Animation zeigt der Graph die freie Enthalpie eines energiereichen Molek\u00fcls (gr\u00fcner Doppelpfleil bis zur gelben Linie). Der Anstieg ab der gelben Linie entspricht dem Energiebetrag, der zugef\u00fchrt werden muss, damit die Reaktion selbst\u00e4ndig ablaufen kann. Diesen Energiebetrag bezeichnet man als Aktivierungsenergie.<\/p>\n\n\n\n<figure class=\"wp-block-embed-youtube wp-block-embed is-type-video is-provider-youtube wp-embed-aspect-16-9 wp-has-aspect-ratio\"><div class=\"wp-block-embed__wrapper\">\n<iframe loading=\"lazy\" title=\"Enzyme - Das Absenken der Aktivierungsenergie\" width=\"644\" height=\"362\" src=\"https:\/\/www.youtube.com\/embed\/6xbV62nLqUY?feature=oembed\" frameborder=\"0\" allow=\"accelerometer; autoplay; clipboard-write; encrypted-media; gyroscope; picture-in-picture; web-share\" referrerpolicy=\"strict-origin-when-cross-origin\" allowfullscreen><\/iframe>\n<\/div><\/figure>\n\n\n\n<ul><li>Viele energiereiche Verbindungen sind eben bei Zimmertemperatur verh\u00e4ltnism\u00e4\u00dfig reaktionstr\u00e4ge.<\/li><li>Um eine Reaktion in Gang zu setzen, muss ein gewisser Schwellenwert \u00fcberwunden, es muss Aktivierungsnergie aufgebracht werden. Ist sie zu niedrig, passiert gar nichts.<\/li><li>Ist die Aktivierungsenergie ausreichend, l\u00e4uft die Reaktion selbst\u00e4ndig ab.<\/li><li>Enzyme verringern den Schwellenwert, sie senken die Aktivierungsenergie.<\/li><li>Deshalb l\u00e4uft die Reaktion bei verh\u00e4ltnism\u00e4\u00dfig niedrigen Temperaturen ab.<\/li><li>Die in der Verbindung gespeicherte Energie (freie Enthalpie) wird freigesetzt.<\/li><li>Die chemische Reaktion wird beschleunigt.<\/li><\/ul>\n\n\n\n<h2 class=\"wp-block-heading\"><img loading=\"lazy\" decoding=\"async\" width=\"25\" height=\"25\" class=\"wp-image-1421\" style=\"width: 25px;\" src=\"http:\/\/bioclips.info\/wp-content\/uploads\/2020\/04\/fuesse2.jpg\" alt=\"\" srcset=\"https:\/\/bioclips.info\/wp-content\/uploads\/2020\/04\/fuesse2.jpg 512w, https:\/\/bioclips.info\/wp-content\/uploads\/2020\/04\/fuesse2-300x300.jpg 300w, https:\/\/bioclips.info\/wp-content\/uploads\/2020\/04\/fuesse2-150x150.jpg 150w\" sizes=\"(max-width: 25px) 100vw, 25px\" \/> Auf dem Lernpfad<\/h2>\n\n\n\n<p><a href=\"http:\/\/bioclips.info\/?page_id=1001\">Einfache Enzyme<\/a><\/p>\n","protected":false},"excerpt":{"rendered":"<p>Ohne Enzyme w\u00e4ren die vielfach verkn\u00fcpften Stoffwechselvorg\u00e4nge, wie sie in Zellen ablaufen, nicht m\u00f6glich. Worum geht\u00b4s? Was sind Enzyme und welche Aufgaben erf\u00fcllen sie, damit ein geregelter Stoffwechsel ablaufen kann? In Bezug auf ihren Aufbau unterscheidet man in einfache Enzyme und Coenzyme (Cosubstrat). Einfache Enzyme sind Proteine. Coenzyme sind organische oder anorganische Verbindungen, die mit&#8230;<\/p>\n","protected":false},"author":1,"featured_media":0,"parent":0,"menu_order":0,"comment_status":"closed","ping_status":"closed","template":"","meta":{"footnotes":""},"_links":{"self":[{"href":"https:\/\/bioclips.info\/index.php?rest_route=\/wp\/v2\/pages\/1040"}],"collection":[{"href":"https:\/\/bioclips.info\/index.php?rest_route=\/wp\/v2\/pages"}],"about":[{"href":"https:\/\/bioclips.info\/index.php?rest_route=\/wp\/v2\/types\/page"}],"author":[{"embeddable":true,"href":"https:\/\/bioclips.info\/index.php?rest_route=\/wp\/v2\/users\/1"}],"replies":[{"embeddable":true,"href":"https:\/\/bioclips.info\/index.php?rest_route=%2Fwp%2Fv2%2Fcomments&post=1040"}],"version-history":[{"count":11,"href":"https:\/\/bioclips.info\/index.php?rest_route=\/wp\/v2\/pages\/1040\/revisions"}],"predecessor-version":[{"id":1805,"href":"https:\/\/bioclips.info\/index.php?rest_route=\/wp\/v2\/pages\/1040\/revisions\/1805"}],"wp:attachment":[{"href":"https:\/\/bioclips.info\/index.php?rest_route=%2Fwp%2Fv2%2Fmedia&parent=1040"}],"curies":[{"name":"wp","href":"https:\/\/api.w.org\/{rel}","templated":true}]}}