{"id":1001,"date":"2019-01-19T12:24:37","date_gmt":"2019-01-19T11:24:37","guid":{"rendered":"http:\/\/bioclips.info\/?page_id=1001"},"modified":"2020-04-30T17:43:56","modified_gmt":"2020-04-30T15:43:56","slug":"einfache-enzyme","status":"publish","type":"page","link":"https:\/\/bioclips.info\/?page_id=1001","title":{"rendered":"Einfache Enzyme"},"content":{"rendered":"\n<p style=\"background-color:#d4d34d\" class=\"has-background\"><img loading=\"lazy\" decoding=\"async\" width=\"20\" height=\"20\" class=\"wp-image-961\" style=\"width: 20px;\" src=\"http:\/\/bioclips.info\/wp-content\/uploads\/2018\/12\/favicon.jpg\" alt=\"\" srcset=\"https:\/\/bioclips.info\/wp-content\/uploads\/2018\/12\/favicon.jpg 512w, https:\/\/bioclips.info\/wp-content\/uploads\/2018\/12\/favicon-150x150.jpg 150w, https:\/\/bioclips.info\/wp-content\/uploads\/2018\/12\/favicon-300x300.jpg 300w\" sizes=\"(max-width: 20px) 100vw, 20px\" \/> Aufbau und Eigenschaften von Einfachen Enzymen<\/p>\n\n\n\n<div class=\"wp-block-media-text alignwide is-stacked-on-mobile\"><figure class=\"wp-block-media-text__media\"><img loading=\"lazy\" decoding=\"async\" width=\"280\" height=\"204\" src=\"http:\/\/bioclips.info\/wp-content\/uploads\/2020\/04\/einfach-enz.jpg\" alt=\"\" class=\"wp-image-1027\"\/><\/figure><div class=\"wp-block-media-text__content\">\n<ul><li>Einfache Enzyme bestehen aus Proteinen.<\/li><li>Sie verf\u00fcgen \u00fcber ein aktives Zentrum (A) und eine reaktive Gruppe (B) mit katalytischer Funktion.<\/li><\/ul>\n<\/div><\/div>\n\n\n\n<ul><li>Einige dieser Enzyme verf\u00fcgen \u00fcber ein zus\u00e4tzliches regulatives Zentrum: Allosterischen Enzyme.<\/li><li>In das aktive Zentum passen Substrate nach dem Schl\u00fcssel &#8211; Schlo\u00df &#8211; Prinzip.<\/li><li>Substrat sind Molek\u00fcle, die vom Enzym umgesetzt werden.<\/li><li>Die aus der enzymatischen Reaktion hervorgehenden Molek\u00fcle bezeichnet man als Produkt.<\/li><\/ul>\n\n\n\n<p style=\"background-color:#d4d34d\" class=\"has-background\"><img loading=\"lazy\" decoding=\"async\" width=\"20\" height=\"20\" class=\"wp-image-961\" style=\"width: 20px;\" src=\"http:\/\/bioclips.info\/wp-content\/uploads\/2018\/12\/favicon.jpg\" alt=\"\" srcset=\"https:\/\/bioclips.info\/wp-content\/uploads\/2018\/12\/favicon.jpg 512w, https:\/\/bioclips.info\/wp-content\/uploads\/2018\/12\/favicon-150x150.jpg 150w, https:\/\/bioclips.info\/wp-content\/uploads\/2018\/12\/favicon-300x300.jpg 300w\" sizes=\"(max-width: 20px) 100vw, 20px\" \/> Wie eine Enzymraktion verl\u00e4uft<\/p>\n\n\n\n<figure class=\"wp-block-embed-youtube wp-block-embed is-type-video is-provider-youtube wp-embed-aspect-16-9 wp-has-aspect-ratio\"><div class=\"wp-block-embed__wrapper\">\n<iframe loading=\"lazy\" title=\"Enzym-Reaktion\" width=\"644\" height=\"362\" src=\"https:\/\/www.youtube.com\/embed\/47SgBDbPx7g?feature=oembed\" frameborder=\"0\" allow=\"accelerometer; autoplay; clipboard-write; encrypted-media; gyroscope; picture-in-picture; web-share\" referrerpolicy=\"strict-origin-when-cross-origin\" allowfullscreen><\/iframe>\n<\/div><\/figure>\n\n\n\n<p>Bei einer enzymatischen Reaktion wird ein Substrat durch das Enzym in ein Produkt umgesetzt.<\/p>\n\n\n\n<p>Die Bindung des Substrates erfolgt nach dem Schlo\u00df &#8211; Schl\u00fcssel &#8211; Prinzip. Daraus ergibt sich die Substratspezifit\u00e4t dieser Enzyme.<\/p>\n\n\n\n<p>Jedes Enzym katalysiert eine bestimmte chemische Reaktion. Daraus ergibt sich die Wirkungsspezifit\u00e4t der Enzyme.<\/p>\n\n\n\n<p style=\"background-color:#d4d34d\" class=\"has-background\"><img loading=\"lazy\" decoding=\"async\" width=\"20\" height=\"20\" class=\"wp-image-961\" style=\"width: 20px;\" src=\"http:\/\/bioclips.info\/wp-content\/uploads\/2018\/12\/favicon.jpg\" alt=\"\" srcset=\"https:\/\/bioclips.info\/wp-content\/uploads\/2018\/12\/favicon.jpg 512w, https:\/\/bioclips.info\/wp-content\/uploads\/2018\/12\/favicon-150x150.jpg 150w, https:\/\/bioclips.info\/wp-content\/uploads\/2018\/12\/favicon-300x300.jpg 300w\" sizes=\"(max-width: 20px) 100vw, 20px\" \/> Emzymklassen<\/p>\n\n\n\n<p>Aufgrund ihrer Wirkungsspezifit\u00e4t kann man Enzyme zu verschieden Gruppen zusammenfassen, sogenannte Enzymklassen.<\/p>\n\n\n\n<p style=\"background-color:#d4d34d\" class=\"has-background\"><img loading=\"lazy\" decoding=\"async\" width=\"20\" height=\"20\" class=\"wp-image-961\" style=\"width: 20px;\" src=\"http:\/\/bioclips.info\/wp-content\/uploads\/2018\/12\/favicon.jpg\" alt=\"\" srcset=\"https:\/\/bioclips.info\/wp-content\/uploads\/2018\/12\/favicon.jpg 512w, https:\/\/bioclips.info\/wp-content\/uploads\/2018\/12\/favicon-150x150.jpg 150w, https:\/\/bioclips.info\/wp-content\/uploads\/2018\/12\/favicon-300x300.jpg 300w\" sizes=\"(max-width: 20px) 100vw, 20px\" \/> Wie sich Enzymreaktionen beeinflussen lassen<\/p>\n\n\n\n<p>Da Enzyme aus Proteinen bestehen, ist ihre Aktivit\u00e4t von \u00e4u\u00dferen Faktoren abh\u00e4ngig. Dies hat besondere Bedeutung bei der Regulation von Stoffwechselvorg\u00e4ngen.<\/p>\n\n\n\n<p>Verschiedene Einfl\u00fcsse sind hier aufgelistet und werden auf den folgenden Seiten besprochen:<\/p>\n\n\n\n<ul><li>Temperatur;<\/li><li>pH-Wert;<\/li><li>Hemmung durch Substrat\u00fcberschu\u00df;<\/li><li>Kompetitive Hemmung; <\/li><li>Nichtkompetitive Hemmung;<\/li><li>allosterische Hemmung (allosterischer Effekt) : erm\u00f6glicht die Regulation der Stoffwechselprozesse.<\/li><\/ul>\n\n\n\n<h2 class=\"wp-block-heading\"><img loading=\"lazy\" decoding=\"async\" width=\"25\" height=\"25\" class=\"wp-image-1421\" style=\"width: 25px;\" src=\"http:\/\/bioclips.info\/wp-content\/uploads\/2020\/04\/fuesse2.jpg\" alt=\"\" srcset=\"https:\/\/bioclips.info\/wp-content\/uploads\/2020\/04\/fuesse2.jpg 512w, https:\/\/bioclips.info\/wp-content\/uploads\/2020\/04\/fuesse2-300x300.jpg 300w, https:\/\/bioclips.info\/wp-content\/uploads\/2020\/04\/fuesse2-150x150.jpg 150w\" sizes=\"(max-width: 25px) 100vw, 25px\" \/> Auf dem Lernpfad<\/h2>\n\n\n\n<p><a href=\"http:\/\/bioclips.info\/?page_id=1577\">Enzymhemmung<\/a><\/p>\n","protected":false},"excerpt":{"rendered":"<p>Aufbau und Eigenschaften von Einfachen Enzymen Einfache Enzyme bestehen aus Proteinen. Sie verf\u00fcgen \u00fcber ein aktives Zentrum (A) und eine reaktive Gruppe (B) mit katalytischer Funktion. Einige dieser Enzyme verf\u00fcgen \u00fcber ein zus\u00e4tzliches regulatives Zentrum: Allosterischen Enzyme. In das aktive Zentum passen Substrate nach dem Schl\u00fcssel &#8211; Schlo\u00df &#8211; Prinzip. Substrat sind Molek\u00fcle, die vom&#8230;<\/p>\n","protected":false},"author":1,"featured_media":0,"parent":1040,"menu_order":1,"comment_status":"closed","ping_status":"closed","template":"","meta":{"footnotes":""},"_links":{"self":[{"href":"https:\/\/bioclips.info\/index.php?rest_route=\/wp\/v2\/pages\/1001"}],"collection":[{"href":"https:\/\/bioclips.info\/index.php?rest_route=\/wp\/v2\/pages"}],"about":[{"href":"https:\/\/bioclips.info\/index.php?rest_route=\/wp\/v2\/types\/page"}],"author":[{"embeddable":true,"href":"https:\/\/bioclips.info\/index.php?rest_route=\/wp\/v2\/users\/1"}],"replies":[{"embeddable":true,"href":"https:\/\/bioclips.info\/index.php?rest_route=%2Fwp%2Fv2%2Fcomments&post=1001"}],"version-history":[{"count":11,"href":"https:\/\/bioclips.info\/index.php?rest_route=\/wp\/v2\/pages\/1001\/revisions"}],"predecessor-version":[{"id":1662,"href":"https:\/\/bioclips.info\/index.php?rest_route=\/wp\/v2\/pages\/1001\/revisions\/1662"}],"up":[{"embeddable":true,"href":"https:\/\/bioclips.info\/index.php?rest_route=\/wp\/v2\/pages\/1040"}],"wp:attachment":[{"href":"https:\/\/bioclips.info\/index.php?rest_route=%2Fwp%2Fv2%2Fmedia&parent=1001"}],"curies":[{"name":"wp","href":"https:\/\/api.w.org\/{rel}","templated":true}]}}